{"id":2591,"date":"2022-05-16T07:16:10","date_gmt":"2022-05-16T07:16:10","guid":{"rendered":"https:\/\/j2servid.com\/empresa\/"},"modified":"2026-04-13T13:14:18","modified_gmt":"2026-04-13T13:14:18","slug":"empresa","status":"publish","type":"page","link":"https:\/\/j2servid.com\/ca\/empresa\/","title":{"rendered":"J2 Servid"},"content":{"rendered":"\t\t<div data-elementor-type=\"wp-page\" data-elementor-id=\"2591\" class=\"elementor elementor-2591 elementor-1939\">\n\t\t\t\t\t\t<section class=\"elementor-section elementor-top-section elementor-element elementor-element-34c1ea10 elementor-section-boxed elementor-section-height-default elementor-section-height-default\" data-id=\"34c1ea10\" data-element_type=\"section\" data-e-type=\"section\" data-settings=\"{&quot;jet_parallax_layout_list&quot;:[],&quot;background_background&quot;:&quot;classic&quot;}\">\n\t\t\t\t\t\t<div class=\"elementor-container elementor-column-gap-default\">\n\t\t\t\t\t<div class=\"elementor-column elementor-col-100 elementor-top-column elementor-element elementor-element-50a18bf8\" data-id=\"50a18bf8\" data-element_type=\"column\" data-e-type=\"column\">\n\t\t\t<div class=\"elementor-widget-wrap elementor-element-populated\">\n\t\t\t\t\t\t<div class=\"elementor-element elementor-element-4b52c00 elementor-widget elementor-widget-spacer\" data-id=\"4b52c00\" data-element_type=\"widget\" data-e-type=\"widget\" data-widget_type=\"spacer.default\">\n\t\t\t\t<div class=\"elementor-widget-container\">\n\t\t\t\t\t\t\t<div class=\"elementor-spacer\">\n\t\t\t<div class=\"elementor-spacer-inner\"><\/div>\n\t\t<\/div>\n\t\t\t\t\t\t<\/div>\n\t\t\t\t<\/div>\n\t\t\t\t<div class=\"elementor-element elementor-element-74506b97 elementor-widget elementor-widget-text-editor\" data-id=\"74506b97\" data-element_type=\"widget\" data-e-type=\"widget\" data-widget_type=\"text-editor.default\">\n\t\t\t\t<div class=\"elementor-widget-container\">\n\t\t\t\t\t\t\t\t\tJ2 Servid\t\t\t\t\t\t\t\t<\/div>\n\t\t\t\t<\/div>\n\t\t\t\t<div class=\"elementor-element elementor-element-51309c31 elementor-widget elementor-widget-spacer\" data-id=\"51309c31\" data-element_type=\"widget\" data-e-type=\"widget\" data-widget_type=\"spacer.default\">\n\t\t\t\t<div class=\"elementor-widget-container\">\n\t\t\t\t\t\t\t<div class=\"elementor-spacer\">\n\t\t\t<div class=\"elementor-spacer-inner\"><\/div>\n\t\t<\/div>\n\t\t\t\t\t\t<\/div>\n\t\t\t\t<\/div>\n\t\t\t\t\t<\/div>\n\t\t<\/div>\n\t\t\t\t\t<\/div>\n\t\t<\/section>\n\t\t\t\t<section class=\"elementor-section elementor-top-section elementor-element elementor-element-213d8b9 elementor-section-boxed elementor-section-height-default elementor-section-height-default\" data-id=\"213d8b9\" data-element_type=\"section\" data-e-type=\"section\" data-settings=\"{&quot;jet_parallax_layout_list&quot;:[],&quot;background_background&quot;:&quot;classic&quot;}\">\n\t\t\t\t\t\t<div class=\"elementor-container elementor-column-gap-default\">\n\t\t\t\t\t<div class=\"elementor-column elementor-col-100 elementor-top-column elementor-element elementor-element-2e2dd740\" data-id=\"2e2dd740\" data-element_type=\"column\" data-e-type=\"column\">\n\t\t\t<div class=\"elementor-widget-wrap elementor-element-populated\">\n\t\t\t\t\t\t<div class=\"elementor-element elementor-element-423d3aee elementor-widget elementor-widget-spacer\" data-id=\"423d3aee\" data-element_type=\"widget\" data-e-type=\"widget\" data-widget_type=\"spacer.default\">\n\t\t\t\t<div class=\"elementor-widget-container\">\n\t\t\t\t\t\t\t<div class=\"elementor-spacer\">\n\t\t\t<div class=\"elementor-spacer-inner\"><\/div>\n\t\t<\/div>\n\t\t\t\t\t\t<\/div>\n\t\t\t\t<\/div>\n\t\t\t\t\t<\/div>\n\t\t<\/div>\n\t\t\t\t\t<\/div>\n\t\t<\/section>\n\t\t\t\t<section class=\"elementor-section elementor-top-section elementor-element elementor-element-796881a1 titolpag elementor-section-boxed elementor-section-height-default elementor-section-height-default\" data-id=\"796881a1\" data-element_type=\"section\" data-e-type=\"section\" data-settings=\"{&quot;jet_parallax_layout_list&quot;:[]}\">\n\t\t\t\t\t\t<div class=\"elementor-container elementor-column-gap-default\">\n\t\t\t\t\t<div class=\"elementor-column elementor-col-100 elementor-top-column elementor-element elementor-element-1fa30a59\" data-id=\"1fa30a59\" data-element_type=\"column\" data-e-type=\"column\">\n\t\t\t<div class=\"elementor-widget-wrap elementor-element-populated\">\n\t\t\t\t\t\t<div class=\"elementor-element elementor-element-43a453b1 elementor-widget elementor-widget-text-editor\" data-id=\"43a453b1\" data-element_type=\"widget\" data-e-type=\"widget\" data-widget_type=\"text-editor.default\">\n\t\t\t\t<div class=\"elementor-widget-container\">\n\t\t\t\t\t\t\t\t\t<p>J2 Servid \u00e9s una empresa amb una experi\u00e8ncia de m\u00e9s de 30 anys en el mercat de la protecci\u00f3 de mercaderies durant el transport<\/p>\t\t\t\t\t\t\t\t<\/div>\n\t\t\t\t<\/div>\n\t\t\t\t\t<\/div>\n\t\t<\/div>\n\t\t\t\t\t<\/div>\n\t\t<\/section>\n\t\t\t\t<section class=\"elementor-section elementor-top-section elementor-element elementor-element-311d31d elementor-section-boxed elementor-section-height-default elementor-section-height-default\" data-id=\"311d31d\" data-element_type=\"section\" data-e-type=\"section\" data-settings=\"{&quot;jet_parallax_layout_list&quot;:[]}\">\n\t\t\t\t\t\t<div class=\"elementor-container elementor-column-gap-default\">\n\t\t\t\t\t<div class=\"elementor-column elementor-col-50 elementor-top-column elementor-element elementor-element-1e29c8a\" data-id=\"1e29c8a\" data-element_type=\"column\" data-e-type=\"column\">\n\t\t\t<div class=\"elementor-widget-wrap elementor-element-populated\">\n\t\t\t\t\t\t<div class=\"elementor-element elementor-element-392dec2 elementor-widget elementor-widget-text-editor\" data-id=\"392dec2\" data-element_type=\"widget\" data-e-type=\"widget\" data-widget_type=\"text-editor.default\">\n\t\t\t\t<div class=\"elementor-widget-container\">\n\t\t\t\t\t\t\t\t\t<p>Els nostres productes s\u00f3n essencials perqu\u00e8 la seva mercaderia sigui transportada en perfecte estat i evitar aix\u00ed danys durant el transport, com ara moviments de c\u00e0rregues, trencaments, problemes d&#8217;humitat, canvis bruscs de temperatura, etc.<\/p><p>Tenim una gran experi\u00e8ncia en el sector per poder suggerir en cada moment, quin \u00e9s el sistema perfecte per protegir la seva mercaderia.\u00a0 Ens encarreguem d&#8217;estudiar el vostre cas, assessorar-vos i oferir-vos la soluci\u00f3 als vostres problemes.<\/p>\t\t\t\t\t\t\t\t<\/div>\n\t\t\t\t<\/div>\n\t\t\t\t\t<\/div>\n\t\t<\/div>\n\t\t\t\t<div class=\"elementor-column elementor-col-50 elementor-top-column elementor-element elementor-element-9ea2337\" data-id=\"9ea2337\" data-element_type=\"column\" data-e-type=\"column\">\n\t\t\t<div class=\"elementor-widget-wrap elementor-element-populated\">\n\t\t\t\t\t\t<div class=\"elementor-element elementor-element-724fa3a elementor-widget elementor-widget-text-editor\" data-id=\"724fa3a\" data-element_type=\"widget\" data-e-type=\"widget\" data-widget_type=\"text-editor.default\">\n\t\t\t\t<div class=\"elementor-widget-container\">\n\t\t\t\t\t\t\t\t\t<p>La nostra filosofia \u00e9s estar investigant constantment noves solucions i innovant nous productes per protegir les seves c\u00e0rregues.<\/p><p>Estem en un mercat cada vegada m\u00e9s globalitzat, on les mercaderies s\u00f3n exportades cada cop a pa\u00efsos m\u00e9s llunyans i moltes vegades en condicions extremes, per la qual cosa conv\u00e9 protegir-les correctament durant el transport.<\/p><p>J2 Servid posa a la vostra disposici\u00f3 una \u00e0mplia gamma de diferents solucions per protegir la vostra mercaderia durant el transport, ja sigui per carretera, mar\u00edtim, aeri o ferroviari.<\/p>\t\t\t\t\t\t\t\t<\/div>\n\t\t\t\t<\/div>\n\t\t\t\t\t<\/div>\n\t\t<\/div>\n\t\t\t\t\t<\/div>\n\t\t<\/section>\n\t\t\t\t<section class=\"elementor-section elementor-top-section elementor-element elementor-element-5f6a3d40 fonsgris elementor-section-boxed elementor-section-height-default elementor-section-height-default\" data-id=\"5f6a3d40\" data-element_type=\"section\" data-e-type=\"section\" data-settings=\"{&quot;jet_parallax_layout_list&quot;:[],&quot;background_background&quot;:&quot;classic&quot;}\">\n\t\t\t\t\t\t<div class=\"elementor-container elementor-column-gap-default\">\n\t\t\t\t\t<div class=\"elementor-column elementor-col-50 elementor-top-column elementor-element elementor-element-436abfe5\" data-id=\"436abfe5\" data-element_type=\"column\" data-e-type=\"column\">\n\t\t\t<div class=\"elementor-widget-wrap elementor-element-populated\">\n\t\t\t\t\t\t<div class=\"elementor-element elementor-element-2cc23b8e elementor-hidden-desktop elementor-hidden-tablet elementor-widget elementor-widget-spacer\" data-id=\"2cc23b8e\" data-element_type=\"widget\" data-e-type=\"widget\" data-widget_type=\"spacer.default\">\n\t\t\t\t<div class=\"elementor-widget-container\">\n\t\t\t\t\t\t\t<div class=\"elementor-spacer\">\n\t\t\t<div class=\"elementor-spacer-inner\"><\/div>\n\t\t<\/div>\n\t\t\t\t\t\t<\/div>\n\t\t\t\t<\/div>\n\t\t\t\t<div class=\"elementor-element elementor-element-460145fe elementor-widget elementor-widget-video\" data-id=\"460145fe\" data-element_type=\"widget\" data-e-type=\"widget\" data-settings=\"{&quot;youtube_url&quot;:&quot;https:\\\/\\\/youtu.be\\\/35Um5Ayx9vQ&quot;,&quot;autoplay&quot;:&quot;yes&quot;,&quot;mute&quot;:&quot;yes&quot;,&quot;loop&quot;:&quot;yes&quot;,&quot;video_type&quot;:&quot;youtube&quot;,&quot;controls&quot;:&quot;yes&quot;}\" data-widget_type=\"video.default\">\n\t\t\t\t<div class=\"elementor-widget-container\">\n\t\t\t\t\t\t\t<div class=\"elementor-wrapper elementor-open-inline\">\n\t\t\t<div class=\"elementor-video\"><\/div>\t\t<\/div>\n\t\t\t\t\t\t<\/div>\n\t\t\t\t<\/div>\n\t\t\t\t\t<\/div>\n\t\t<\/div>\n\t\t\t\t<div class=\"elementor-column elementor-col-50 elementor-top-column elementor-element elementor-element-7e5ec3d\" data-id=\"7e5ec3d\" data-element_type=\"column\" data-e-type=\"column\">\n\t\t\t<div class=\"elementor-widget-wrap elementor-element-populated\">\n\t\t\t\t\t\t<div class=\"elementor-element elementor-element-4743a671 elementor-widget elementor-widget-spacer\" data-id=\"4743a671\" data-element_type=\"widget\" data-e-type=\"widget\" data-widget_type=\"spacer.default\">\n\t\t\t\t<div class=\"elementor-widget-container\">\n\t\t\t\t\t\t\t<div class=\"elementor-spacer\">\n\t\t\t<div class=\"elementor-spacer-inner\"><\/div>\n\t\t<\/div>\n\t\t\t\t\t\t<\/div>\n\t\t\t\t<\/div>\n\t\t\t\t<div class=\"elementor-element elementor-element-19c3fdf0 elementor-widget elementor-widget-text-editor\" data-id=\"19c3fdf0\" data-element_type=\"widget\" data-e-type=\"widget\" data-widget_type=\"text-editor.default\">\n\t\t\t\t<div class=\"elementor-widget-container\">\n\t\t\t\t\t\t\t\t\t<p>Som el vostre prove\u00efdor global d&#8217;embalatges per a l&#8217;exportaci\u00f3 de mercaderies<\/p>\t\t\t\t\t\t\t\t<\/div>\n\t\t\t\t<\/div>\n\t\t\t\t<div class=\"elementor-element elementor-element-38f7a37f elementor-widget elementor-widget-spacer\" data-id=\"38f7a37f\" data-element_type=\"widget\" data-e-type=\"widget\" data-widget_type=\"spacer.default\">\n\t\t\t\t<div class=\"elementor-widget-container\">\n\t\t\t\t\t\t\t<div class=\"elementor-spacer\">\n\t\t\t<div class=\"elementor-spacer-inner\"><\/div>\n\t\t<\/div>\n\t\t\t\t\t\t<\/div>\n\t\t\t\t<\/div>\n\t\t\t\t\t<\/div>\n\t\t<\/div>\n\t\t\t\t\t<\/div>\n\t\t<\/section>\n\t\t\t\t<section class=\"elementor-section elementor-top-section elementor-element elementor-element-9e2ff1c titolpag elementor-section-boxed elementor-section-height-default elementor-section-height-default\" data-id=\"9e2ff1c\" data-element_type=\"section\" data-e-type=\"section\" data-settings=\"{&quot;jet_parallax_layout_list&quot;:[]}\">\n\t\t\t\t\t\t<div class=\"elementor-container elementor-column-gap-default\">\n\t\t\t\t\t<div class=\"elementor-column elementor-col-100 elementor-top-column elementor-element elementor-element-1b22306\" data-id=\"1b22306\" data-element_type=\"column\" data-e-type=\"column\">\n\t\t\t<div class=\"elementor-widget-wrap elementor-element-populated\">\n\t\t\t\t\t\t<div class=\"elementor-element elementor-element-7d66f7f elementor-widget elementor-widget-text-editor\" data-id=\"7d66f7f\" data-element_type=\"widget\" data-e-type=\"widget\" data-widget_type=\"text-editor.default\">\n\t\t\t\t<div class=\"elementor-widget-container\">\n\t\t\t\t\t\t\t\t\tEl nostre objectiu, la seguretat de les vostres mercaderies\t\t\t\t\t\t\t\t<\/div>\n\t\t\t\t<\/div>\n\t\t\t\t\t<\/div>\n\t\t<\/div>\n\t\t\t\t\t<\/div>\n\t\t<\/section>\n\t\t\t\t<section class=\"elementor-section elementor-top-section elementor-element elementor-element-22c47410 elementor-section-boxed elementor-section-height-default elementor-section-height-default\" data-id=\"22c47410\" data-element_type=\"section\" data-e-type=\"section\" data-settings=\"{&quot;jet_parallax_layout_list&quot;:[]}\">\n\t\t\t\t\t\t<div class=\"elementor-container elementor-column-gap-default\">\n\t\t\t\t\t<div class=\"elementor-column elementor-col-50 elementor-top-column elementor-element elementor-element-41faa7d1\" data-id=\"41faa7d1\" data-element_type=\"column\" data-e-type=\"column\">\n\t\t\t<div class=\"elementor-widget-wrap elementor-element-populated\">\n\t\t\t\t\t\t<div class=\"elementor-element elementor-element-447ffbc elementor-widget elementor-widget-text-editor\" data-id=\"447ffbc\" data-element_type=\"widget\" data-e-type=\"widget\" data-widget_type=\"text-editor.default\">\n\t\t\t\t<div class=\"elementor-widget-container\">\n\t\t\t\t\t\t\t\t\t<p>A J2 Servid, estem treballant des de fa m\u00e9s de 30 anys buscant diferents solucions en els sistemes de protecci\u00f3 i subjecci\u00f3 de c\u00e0rregues en el transport de les mercaderies i per aix\u00f2 el nostre objectiu \u00e9s la seguretat de les c\u00e0rregues.<\/p><p>No importa el que envieu, compteu amb nosaltres per obtenir assessorament i innovaci\u00f3.\u00a0 El nostre equip us ajudar\u00e0 recomanant-vos la millor soluci\u00f3 per al vostre cas, gr\u00e0cies a la diversitat de productes de qu\u00e8 disposem i al nostre know-how en trincatge i sistemes de protecci\u00f3 i subjecci\u00f3 de c\u00e0rregues en el transport.<\/p><p>A J2 Servid disposem d&#8217;un gran equip t\u00e8cnic dedicat a la seguretat de les mercaderies, creant solucions d&#8217;estiba adaptades als seus productes i enviaments.<\/p><p>Una c\u00e0rrega mal assegurada o sense el correcte embalatge de protecci\u00f3 pot causar la devoluci\u00f3 de la mercaderia, reclamacions, penalitzacions, reempla\u00e7aments, despeses extra\u2026 I el que entenem que \u00e9s m\u00e9s greu, accidents laborals o la p\u00e8rdua del client.<\/p><p>Els nostres productes s\u00f3n testats en els millors laboratoris a nivell mundial per realitzar tot tipus de proves: proves de resist\u00e8ncia, compressi\u00f3, absorci\u00f3 (AAR, Germanischer Lloyd, TUV, Itene\u2026), per aix\u00ed poder-los oferir els millors productes i solucions existents al mercat.<\/p>\t\t\t\t\t\t\t\t<\/div>\n\t\t\t\t<\/div>\n\t\t\t\t\t<\/div>\n\t\t<\/div>\n\t\t\t\t<div class=\"elementor-column elementor-col-50 elementor-top-column elementor-element elementor-element-1850081b\" data-id=\"1850081b\" data-element_type=\"column\" data-e-type=\"column\">\n\t\t\t<div class=\"elementor-widget-wrap elementor-element-populated\">\n\t\t\t\t\t\t<div class=\"elementor-element elementor-element-fe86994 elementor-widget elementor-widget-text-editor\" data-id=\"fe86994\" data-element_type=\"widget\" data-e-type=\"widget\" data-widget_type=\"text-editor.default\">\n\t\t\t\t<div class=\"elementor-widget-container\">\n\t\t\t\t\t\t\t\t\t<p>Segons les estad\u00edstiques de la Uni\u00f3 Europea, el 25% dels accidents de tr\u00e0nsit durant el transport de mercaderies s\u00f3n deguts a una mala estiba i mala fixaci\u00f3 de les c\u00e0rregues.\u00a0 (Web oficial de la Uni\u00f3 Europea).<\/p><p>J2 servid contribueix, a trav\u00e9s d&#8217;EUMOS, aportant tota mena de solucions en la protecci\u00f3 de les c\u00e0rregues durant el transport, ja sigui amb bosses inflables, cintes de trincatge, antilliscants, void fillers\u2026<\/p><p>A cada enviament que realitzem no tenim segones oportunitats. Cal fer el trincatge i la protecci\u00f3 de mercaderies correctament des del primer moment\u2026<\/p><p>Recordeu: client Insatisfet=p\u00e8rdua de client.<\/p><p>A J2 Servid disposem de m\u00faltiples sistemes de protecci\u00f3 i subjecci\u00f3 de c\u00e0rregues durant el seu transport, com ara bosses i sacs inflables, cintes de trincatge, voidfillers-niupacks, bosses dessecants per absorbir la humitat en contenidors, a\u00efllants i fundes isot\u00e8rmiques per a mercaderies, nous sistemes de trincatge homologats com el Tygard o Voidgard, cantoneres de protecci\u00f3 per al transport\u2026<\/p>\t\t\t\t\t\t\t\t<\/div>\n\t\t\t\t<\/div>\n\t\t\t\t\t<\/div>\n\t\t<\/div>\n\t\t\t\t\t<\/div>\n\t\t<\/section>\n\t\t\t\t<section class=\"elementor-section elementor-top-section elementor-element elementor-element-b5e9fe5 elementor-section-boxed elementor-section-height-default elementor-section-height-default\" data-id=\"b5e9fe5\" data-element_type=\"section\" data-e-type=\"section\" data-settings=\"{&quot;jet_parallax_layout_list&quot;:[]}\">\n\t\t\t\t\t\t<div class=\"elementor-container elementor-column-gap-default\">\n\t\t\t\t\t<div class=\"elementor-column elementor-col-100 elementor-top-column elementor-element elementor-element-4b3a9d9\" data-id=\"4b3a9d9\" data-element_type=\"column\" data-e-type=\"column\">\n\t\t\t<div class=\"elementor-widget-wrap elementor-element-populated\">\n\t\t\t\t\t\t<div class=\"elementor-element elementor-element-a741d7b elementor-widget elementor-widget-image\" data-id=\"a741d7b\" data-element_type=\"widget\" data-e-type=\"widget\" data-widget_type=\"image.default\">\n\t\t\t\t<div class=\"elementor-widget-container\">\n\t\t\t\t\t\t\t\t\t\t\t\t\t\t\t<img fetchpriority=\"high\" decoding=\"async\" width=\"992\" height=\"92\" src=\"https:\/\/j2servid.com\/wp-content\/uploads\/2022\/12\/Certificats.jpg\" class=\"attachment-large size-large wp-image-7500\" alt=\"\" srcset=\"https:\/\/j2servid.com\/wp-content\/uploads\/2022\/12\/Certificats.jpg 992w, https:\/\/j2servid.com\/wp-content\/uploads\/2022\/12\/Certificats-300x28.jpg 300w, https:\/\/j2servid.com\/wp-content\/uploads\/2022\/12\/Certificats-768x71.jpg 768w\" sizes=\"(max-width: 992px) 100vw, 992px\" \/>\t\t\t\t\t\t\t\t\t\t\t\t\t\t\t<\/div>\n\t\t\t\t<\/div>\n\t\t\t\t\t<\/div>\n\t\t<\/div>\n\t\t\t\t\t<\/div>\n\t\t<\/section>\n\t\t\t\t<section class=\"elementor-section elementor-top-section elementor-element elementor-element-b00a3dc fonsgris elementor-section-boxed elementor-section-height-default elementor-section-height-default\" data-id=\"b00a3dc\" data-element_type=\"section\" data-e-type=\"section\" data-settings=\"{&quot;jet_parallax_layout_list&quot;:[],&quot;background_background&quot;:&quot;classic&quot;}\">\n\t\t\t\t\t\t<div class=\"elementor-container elementor-column-gap-default\">\n\t\t\t\t\t<div class=\"elementor-column elementor-col-50 elementor-top-column elementor-element elementor-element-caf4460\" data-id=\"caf4460\" data-element_type=\"column\" data-e-type=\"column\">\n\t\t\t<div class=\"elementor-widget-wrap elementor-element-populated\">\n\t\t\t\t\t\t<div class=\"elementor-element elementor-element-0f4e6e4 elementor-widget elementor-widget-image\" data-id=\"0f4e6e4\" data-element_type=\"widget\" data-e-type=\"widget\" data-widget_type=\"image.default\">\n\t\t\t\t<div class=\"elementor-widget-container\">\n\t\t\t\t\t\t\t\t\t\t\t\t\t\t\t<img decoding=\"async\" width=\"1000\" height=\"1000\" src=\"https:\/\/j2servid.com\/wp-content\/uploads\/2024\/09\/J2-Transportes-1000x1000-1.jpg\" class=\"attachment-large size-large wp-image-18333\" alt=\"\" srcset=\"https:\/\/j2servid.com\/wp-content\/uploads\/2024\/09\/J2-Transportes-1000x1000-1.jpg 1000w, https:\/\/j2servid.com\/wp-content\/uploads\/2024\/09\/J2-Transportes-1000x1000-1-300x300.jpg 300w, https:\/\/j2servid.com\/wp-content\/uploads\/2024\/09\/J2-Transportes-1000x1000-1-150x150.jpg 150w, https:\/\/j2servid.com\/wp-content\/uploads\/2024\/09\/J2-Transportes-1000x1000-1-768x768.jpg 768w, https:\/\/j2servid.com\/wp-content\/uploads\/2024\/09\/J2-Transportes-1000x1000-1-500x500.jpg 500w\" sizes=\"(max-width: 1000px) 100vw, 1000px\" \/>\t\t\t\t\t\t\t\t\t\t\t\t\t\t\t<\/div>\n\t\t\t\t<\/div>\n\t\t\t\t\t<\/div>\n\t\t<\/div>\n\t\t\t\t<div class=\"elementor-column elementor-col-50 elementor-top-column elementor-element elementor-element-17f853b1\" data-id=\"17f853b1\" data-element_type=\"column\" data-e-type=\"column\">\n\t\t\t<div class=\"elementor-widget-wrap elementor-element-populated\">\n\t\t\t\t\t\t<div class=\"elementor-element elementor-element-5fc59e7d elementor-widget elementor-widget-spacer\" data-id=\"5fc59e7d\" data-element_type=\"widget\" data-e-type=\"widget\" data-widget_type=\"spacer.default\">\n\t\t\t\t<div class=\"elementor-widget-container\">\n\t\t\t\t\t\t\t<div class=\"elementor-spacer\">\n\t\t\t<div class=\"elementor-spacer-inner\"><\/div>\n\t\t<\/div>\n\t\t\t\t\t\t<\/div>\n\t\t\t\t<\/div>\n\t\t\t\t<div class=\"elementor-element elementor-element-3d4e8a54 elementor-widget elementor-widget-text-editor\" data-id=\"3d4e8a54\" data-element_type=\"widget\" data-e-type=\"widget\" data-widget_type=\"text-editor.default\">\n\t\t\t\t<div class=\"elementor-widget-container\">\n\t\t\t\t\t\t\t\t\t<p>30 anys d&#8217;experi\u00e8ncia protegint mercaderies<\/p>\t\t\t\t\t\t\t\t<\/div>\n\t\t\t\t<\/div>\n\t\t\t\t<div class=\"elementor-element elementor-element-2c13b39b elementor-widget elementor-widget-text-editor\" data-id=\"2c13b39b\" data-element_type=\"widget\" data-e-type=\"widget\" data-widget_type=\"text-editor.default\">\n\t\t\t\t<div class=\"elementor-widget-container\">\n\t\t\t\t\t\t\t\t\t<p>Especialistes en solucions per protegir la c\u00e0rrega durant el transport<\/p>\t\t\t\t\t\t\t\t<\/div>\n\t\t\t\t<\/div>\n\t\t\t\t<div class=\"elementor-element elementor-element-22a35f04 elementor-widget elementor-widget-spacer\" data-id=\"22a35f04\" data-element_type=\"widget\" data-e-type=\"widget\" data-widget_type=\"spacer.default\">\n\t\t\t\t<div class=\"elementor-widget-container\">\n\t\t\t\t\t\t\t<div class=\"elementor-spacer\">\n\t\t\t<div class=\"elementor-spacer-inner\"><\/div>\n\t\t<\/div>\n\t\t\t\t\t\t<\/div>\n\t\t\t\t<\/div>\n\t\t\t\t\t<\/div>\n\t\t<\/div>\n\t\t\t\t\t<\/div>\n\t\t<\/section>\n\t\t\t\t<\/div>\n\t\t","protected":false},"excerpt":{"rendered":"<p>J2 Servid J2 Servid \u00e9s una empresa amb una experi\u00e8ncia de m\u00e9s de 30 anys en el mercat de la protecci\u00f3 de mercaderies durant el transport Els nostres productes s\u00f3n essencials perqu\u00e8 la seva mercaderia sigui transportada en perfecte estat i evitar aix\u00ed danys durant el transport, com ara moviments de c\u00e0rregues, trencaments, problemes d&#8217;humitat, [&hellip;]<\/p>\n","protected":false},"author":7,"featured_media":0,"parent":0,"menu_order":0,"comment_status":"closed","ping_status":"closed","template":"full-width.php","meta":{"_acf_changed":false,"footnotes":""},"class_list":["post-2591","page","type-page","status-publish","hentry"],"acf":[],"_links":{"self":[{"href":"https:\/\/j2servid.com\/ca\/wp-json\/wp\/v2\/pages\/2591","targetHints":{"allow":["GET"]}}],"collection":[{"href":"https:\/\/j2servid.com\/ca\/wp-json\/wp\/v2\/pages"}],"about":[{"href":"https:\/\/j2servid.com\/ca\/wp-json\/wp\/v2\/types\/page"}],"author":[{"embeddable":true,"href":"https:\/\/j2servid.com\/ca\/wp-json\/wp\/v2\/users\/7"}],"replies":[{"embeddable":true,"href":"https:\/\/j2servid.com\/ca\/wp-json\/wp\/v2\/comments?post=2591"}],"version-history":[{"count":52,"href":"https:\/\/j2servid.com\/ca\/wp-json\/wp\/v2\/pages\/2591\/revisions"}],"predecessor-version":[{"id":82789,"href":"https:\/\/j2servid.com\/ca\/wp-json\/wp\/v2\/pages\/2591\/revisions\/82789"}],"wp:attachment":[{"href":"https:\/\/j2servid.com\/ca\/wp-json\/wp\/v2\/media?parent=2591"}],"curies":[{"name":"wp","href":"https:\/\/api.w.org\/{rel}","templated":true}]}}