{"id":2617,"date":"2022-05-11T14:53:11","date_gmt":"2022-05-11T14:53:11","guid":{"rendered":"https:\/\/j2servid.com\/niupack\/niupack-side\/"},"modified":"2026-02-11T10:07:29","modified_gmt":"2026-02-11T10:07:29","slug":"niupack-side","status":"publish","type":"page","link":"https:\/\/j2servid.com\/ca\/niupack\/niupack-side\/","title":{"rendered":"Niupack Side"},"content":{"rendered":"\t\t<div data-elementor-type=\"wp-page\" data-elementor-id=\"2617\" class=\"elementor elementor-2617 elementor-1672\">\n\t\t\t\t\t\t<section class=\"elementor-section elementor-top-section elementor-element elementor-element-79b3acee elementor-section-boxed elementor-section-height-default elementor-section-height-default\" data-id=\"79b3acee\" data-element_type=\"section\" data-e-type=\"section\" data-settings=\"{&quot;jet_parallax_layout_list&quot;:[],&quot;background_background&quot;:&quot;classic&quot;}\">\n\t\t\t\t\t\t<div class=\"elementor-container elementor-column-gap-default\">\n\t\t\t\t\t<div class=\"elementor-column elementor-col-100 elementor-top-column elementor-element elementor-element-1dec16c1\" data-id=\"1dec16c1\" data-element_type=\"column\" data-e-type=\"column\">\n\t\t\t<div class=\"elementor-widget-wrap elementor-element-populated\">\n\t\t\t\t\t\t<div class=\"elementor-element elementor-element-21b11b96 elementor-widget elementor-widget-spacer\" data-id=\"21b11b96\" data-element_type=\"widget\" data-e-type=\"widget\" data-widget_type=\"spacer.default\">\n\t\t\t\t<div class=\"elementor-widget-container\">\n\t\t\t\t\t\t\t<div class=\"elementor-spacer\">\n\t\t\t<div class=\"elementor-spacer-inner\"><\/div>\n\t\t<\/div>\n\t\t\t\t\t\t<\/div>\n\t\t\t\t<\/div>\n\t\t\t\t<div class=\"elementor-element elementor-element-0958ee9 elementor-widget elementor-widget-shortcode\" data-id=\"0958ee9\" data-element_type=\"widget\" data-e-type=\"widget\" data-widget_type=\"shortcode.default\">\n\t\t\t\t<div class=\"elementor-widget-container\">\n\t\t\t\t\t\t\t<div class=\"elementor-shortcode\"><nav aria-label=\"breadcrumbs\" class=\"rank-math-breadcrumb\"><p><span class=\"last\">Protecci\u00f3 de mercaderies<\/span><\/p><\/nav><\/div>\n\t\t\t\t\t\t<\/div>\n\t\t\t\t<\/div>\n\t\t\t\t<div class=\"elementor-element elementor-element-551387f elementor-widget elementor-widget-text-editor\" data-id=\"551387f\" data-element_type=\"widget\" data-e-type=\"widget\" data-widget_type=\"text-editor.default\">\n\t\t\t\t<div class=\"elementor-widget-container\">\n\t\t\t\t\t\t\t\t\tNiupack\t\t\t\t\t\t\t\t<\/div>\n\t\t\t\t<\/div>\n\t\t\t\t<div class=\"elementor-element elementor-element-56559e02 elementor-widget elementor-widget-spacer\" data-id=\"56559e02\" data-element_type=\"widget\" data-e-type=\"widget\" data-widget_type=\"spacer.default\">\n\t\t\t\t<div class=\"elementor-widget-container\">\n\t\t\t\t\t\t\t<div class=\"elementor-spacer\">\n\t\t\t<div class=\"elementor-spacer-inner\"><\/div>\n\t\t<\/div>\n\t\t\t\t\t\t<\/div>\n\t\t\t\t<\/div>\n\t\t\t\t<div class=\"elementor-element elementor-element-53466275 elementor-absolute elementor-widget__width-initial elementor-widget elementor-widget-image\" data-id=\"53466275\" data-element_type=\"widget\" data-e-type=\"widget\" data-settings=\"{&quot;_position&quot;:&quot;absolute&quot;}\" data-widget_type=\"image.default\">\n\t\t\t\t<div class=\"elementor-widget-container\">\n\t\t\t\t\t\t\t\t\t\t\t\t\t\t\t<img fetchpriority=\"high\" decoding=\"async\" width=\"447\" height=\"550\" src=\"https:\/\/j2servid.com\/wp-content\/uploads\/2022\/09\/J2-SERVID-Niupack-Side_001.png\" class=\"attachment-large size-large wp-image-5863\" alt=\"\" srcset=\"https:\/\/j2servid.com\/wp-content\/uploads\/2022\/09\/J2-SERVID-Niupack-Side_001.png 447w, https:\/\/j2servid.com\/wp-content\/uploads\/2022\/09\/J2-SERVID-Niupack-Side_001-244x300.png 244w\" sizes=\"(max-width: 447px) 100vw, 447px\" \/>\t\t\t\t\t\t\t\t\t\t\t\t\t\t\t<\/div>\n\t\t\t\t<\/div>\n\t\t\t\t\t<\/div>\n\t\t<\/div>\n\t\t\t\t\t<\/div>\n\t\t<\/section>\n\t\t\t\t<section class=\"elementor-section elementor-top-section elementor-element elementor-element-147db0dd elementor-section-boxed elementor-section-height-default elementor-section-height-default\" data-id=\"147db0dd\" data-element_type=\"section\" data-e-type=\"section\" data-settings=\"{&quot;jet_parallax_layout_list&quot;:[],&quot;background_background&quot;:&quot;classic&quot;}\">\n\t\t\t\t\t\t<div class=\"elementor-container elementor-column-gap-default\">\n\t\t\t\t\t<div class=\"elementor-column elementor-col-100 elementor-top-column elementor-element elementor-element-1598a779\" data-id=\"1598a779\" data-element_type=\"column\" data-e-type=\"column\">\n\t\t\t<div class=\"elementor-widget-wrap elementor-element-populated\">\n\t\t\t\t\t\t<div class=\"elementor-element elementor-element-55b1136 elementor-widget elementor-widget-spacer\" data-id=\"55b1136\" data-element_type=\"widget\" data-e-type=\"widget\" data-widget_type=\"spacer.default\">\n\t\t\t\t<div class=\"elementor-widget-container\">\n\t\t\t\t\t\t\t<div class=\"elementor-spacer\">\n\t\t\t<div class=\"elementor-spacer-inner\"><\/div>\n\t\t<\/div>\n\t\t\t\t\t\t<\/div>\n\t\t\t\t<\/div>\n\t\t\t\t\t<\/div>\n\t\t<\/div>\n\t\t\t\t\t<\/div>\n\t\t<\/section>\n\t\t\t\t<section class=\"elementor-section elementor-top-section elementor-element elementor-element-92c9084 titolpag elementor-section-boxed elementor-section-height-default elementor-section-height-default\" data-id=\"92c9084\" data-element_type=\"section\" data-e-type=\"section\" data-settings=\"{&quot;jet_parallax_layout_list&quot;:[]}\">\n\t\t\t\t\t\t<div class=\"elementor-container elementor-column-gap-default\">\n\t\t\t\t\t<div class=\"elementor-column elementor-col-100 elementor-top-column elementor-element elementor-element-5ed9e22a\" data-id=\"5ed9e22a\" data-element_type=\"column\" data-e-type=\"column\">\n\t\t\t<div class=\"elementor-widget-wrap elementor-element-populated\">\n\t\t\t\t\t\t<div class=\"elementor-element elementor-element-323bf279 elementor-widget elementor-widget-text-editor\" data-id=\"323bf279\" data-element_type=\"widget\" data-e-type=\"widget\" data-widget_type=\"text-editor.default\">\n\t\t\t\t<div class=\"elementor-widget-container\">\n\t\t\t\t\t\t\t\t\t<p>Voidfiller<\/p>\t\t\t\t\t\t\t\t<\/div>\n\t\t\t\t<\/div>\n\t\t\t\t<div class=\"elementor-element elementor-element-7e0bd639 titolproducte elementor-widget__width-initial elementor-widget elementor-widget-text-editor\" data-id=\"7e0bd639\" data-element_type=\"widget\" data-e-type=\"widget\" data-widget_type=\"text-editor.default\">\n\t\t\t\t<div class=\"elementor-widget-container\">\n\t\t\t\t\t\t\t\t\tNiupack <span>Side<\/span>\t\t\t\t\t\t\t\t<\/div>\n\t\t\t\t<\/div>\n\t\t\t\t<div class=\"elementor-element elementor-element-4e4de08 elementor-widget__width-initial elementor-widget-mobile__width-auto elementor-widget elementor-widget-image\" data-id=\"4e4de08\" data-element_type=\"widget\" data-e-type=\"widget\" data-widget_type=\"image.default\">\n\t\t\t\t<div class=\"elementor-widget-container\">\n\t\t\t\t\t\t\t\t\t\t\t\t\t\t\t<img decoding=\"async\" src=\"https:\/\/j2servid.com\/wp-content\/uploads\/elementor\/thumbs\/SELLO-LIDERPACK-ganador-qveht7awjvzhq2xjb247ywc9l3vvlnm4oh86xt9lx0.png\" title=\"SELLO LIDERPACK ganador\" alt=\"liderpack niupack side\" loading=\"lazy\" \/>\t\t\t\t\t\t\t\t\t\t\t\t\t\t\t<\/div>\n\t\t\t\t<\/div>\n\t\t\t\t<div class=\"elementor-element elementor-element-af76755 elementor-widget__width-initial elementor-widget-mobile__width-auto elementor-widget elementor-widget-image\" data-id=\"af76755\" data-element_type=\"widget\" data-e-type=\"widget\" data-widget_type=\"image.default\">\n\t\t\t\t<div class=\"elementor-widget-container\">\n\t\t\t\t\t\t\t\t\t\t\t\t\t\t\t<img decoding=\"async\" src=\"https:\/\/j2servid.com\/wp-content\/uploads\/elementor\/thumbs\/WPO-3-qzzjce68yqkoun3lxlgcdd2vv35a3r32xb34328bj0.png\" title=\"WPO 3\" alt=\"WPO 3\" loading=\"lazy\" \/>\t\t\t\t\t\t\t\t\t\t\t\t\t\t\t<\/div>\n\t\t\t\t<\/div>\n\t\t\t\t\t<\/div>\n\t\t<\/div>\n\t\t\t\t\t<\/div>\n\t\t<\/section>\n\t\t\t\t<section class=\"elementor-section elementor-top-section elementor-element elementor-element-cd88dd1 fonsgris elementor-section-boxed elementor-section-height-default elementor-section-height-default\" data-id=\"cd88dd1\" data-element_type=\"section\" data-e-type=\"section\" data-settings=\"{&quot;jet_parallax_layout_list&quot;:[],&quot;background_background&quot;:&quot;classic&quot;}\">\n\t\t\t\t\t\t<div class=\"elementor-container elementor-column-gap-default\">\n\t\t\t\t\t<div class=\"elementor-column elementor-col-50 elementor-top-column elementor-element elementor-element-d6ba99e\" data-id=\"d6ba99e\" data-element_type=\"column\" data-e-type=\"column\">\n\t\t\t<div class=\"elementor-widget-wrap elementor-element-populated\">\n\t\t\t\t\t\t<div class=\"elementor-element elementor-element-799376c elementor-widget elementor-widget-video\" data-id=\"799376c\" data-element_type=\"widget\" data-e-type=\"widget\" data-settings=\"{&quot;youtube_url&quot;:&quot;https:\\\/\\\/youtu.be\\\/6o1-UCQaazE&quot;,&quot;autoplay&quot;:&quot;yes&quot;,&quot;mute&quot;:&quot;yes&quot;,&quot;loop&quot;:&quot;yes&quot;,&quot;video_type&quot;:&quot;youtube&quot;,&quot;controls&quot;:&quot;yes&quot;}\" data-widget_type=\"video.default\">\n\t\t\t\t<div class=\"elementor-widget-container\">\n\t\t\t\t\t\t\t<div class=\"elementor-wrapper elementor-open-inline\">\n\t\t\t<div class=\"elementor-video\"><\/div>\t\t<\/div>\n\t\t\t\t\t\t<\/div>\n\t\t\t\t<\/div>\n\t\t\t\t\t<\/div>\n\t\t<\/div>\n\t\t\t\t<div class=\"elementor-column elementor-col-50 elementor-top-column elementor-element elementor-element-a3c7881\" data-id=\"a3c7881\" data-element_type=\"column\" data-e-type=\"column\">\n\t\t\t<div class=\"elementor-widget-wrap elementor-element-populated\">\n\t\t\t\t\t\t<div class=\"elementor-element elementor-element-e665da7 elementor-widget elementor-widget-spacer\" data-id=\"e665da7\" data-element_type=\"widget\" data-e-type=\"widget\" data-widget_type=\"spacer.default\">\n\t\t\t\t<div class=\"elementor-widget-container\">\n\t\t\t\t\t\t\t<div class=\"elementor-spacer\">\n\t\t\t<div class=\"elementor-spacer-inner\"><\/div>\n\t\t<\/div>\n\t\t\t\t\t\t<\/div>\n\t\t\t\t<\/div>\n\t\t\t\t<div class=\"elementor-element elementor-element-0cdf509 elementor-widget elementor-widget-text-editor\" data-id=\"0cdf509\" data-element_type=\"widget\" data-e-type=\"widget\" data-widget_type=\"text-editor.default\">\n\t\t\t\t<div class=\"elementor-widget-container\">\n\t\t\t\t\t\t\t\t\t<p>Soluci\u00f3 100% ecol\u00f2gica per a la protecci\u00f3 de la c\u00e0rrega<\/p>\t\t\t\t\t\t\t\t<\/div>\n\t\t\t\t<\/div>\n\t\t\t\t<div class=\"elementor-element elementor-element-7d36112 elementor-widget elementor-widget-text-editor\" data-id=\"7d36112\" data-element_type=\"widget\" data-e-type=\"widget\" data-widget_type=\"text-editor.default\">\n\t\t\t\t<div class=\"elementor-widget-container\">\n\t\t\t\t\t\t\t\t\t<p>Menys cartr\u00f3, la mateixa protecci\u00f3 <\/p>\t\t\t\t\t\t\t\t<\/div>\n\t\t\t\t<\/div>\n\t\t\t\t<div class=\"elementor-element elementor-element-4a51a07 elementor-widget elementor-widget-spacer\" data-id=\"4a51a07\" data-element_type=\"widget\" data-e-type=\"widget\" data-widget_type=\"spacer.default\">\n\t\t\t\t<div class=\"elementor-widget-container\">\n\t\t\t\t\t\t\t<div class=\"elementor-spacer\">\n\t\t\t<div class=\"elementor-spacer-inner\"><\/div>\n\t\t<\/div>\n\t\t\t\t\t\t<\/div>\n\t\t\t\t<\/div>\n\t\t\t\t\t<\/div>\n\t\t<\/div>\n\t\t\t\t\t<\/div>\n\t\t<\/section>\n\t\t\t\t<section class=\"elementor-section elementor-top-section elementor-element elementor-element-61398f00 elementor-section-boxed elementor-section-height-default elementor-section-height-default\" data-id=\"61398f00\" data-element_type=\"section\" data-e-type=\"section\" data-settings=\"{&quot;jet_parallax_layout_list&quot;:[],&quot;background_background&quot;:&quot;classic&quot;}\">\n\t\t\t\t\t\t<div class=\"elementor-container elementor-column-gap-default\">\n\t\t\t\t\t<div class=\"elementor-column elementor-col-100 elementor-top-column elementor-element elementor-element-9101690\" data-id=\"9101690\" data-element_type=\"column\" data-e-type=\"column\">\n\t\t\t<div class=\"elementor-widget-wrap elementor-element-populated\">\n\t\t\t\t\t\t<div class=\"elementor-element elementor-element-157cc22e paginadetall elementor-widget elementor-widget-text-editor\" data-id=\"157cc22e\" data-element_type=\"widget\" data-e-type=\"widget\" data-widget_type=\"text-editor.default\">\n\t\t\t\t<div class=\"elementor-widget-container\">\n\t\t\t\t\t\t\t\t\t<h1>El sistema m\u00e9s nou de la fam\u00edlia Niupack <\/h1>\t\t\t\t\t\t\t\t<\/div>\n\t\t\t\t<\/div>\n\t\t\t\t<div class=\"elementor-element elementor-element-775e6ee paginadetall elementor-widget elementor-widget-text-editor\" data-id=\"775e6ee\" data-element_type=\"widget\" data-e-type=\"widget\" data-widget_type=\"text-editor.default\">\n\t\t\t\t<div class=\"elementor-widget-container\">\n\t\t\t\t\t\t\t\t\t<h2>Eviteu l&#8217;efecte d\u00f2mino reduint el cartr\u00f3 a cada transport <\/h2>\t\t\t\t\t\t\t\t<\/div>\n\t\t\t\t<\/div>\n\t\t\t\t<section class=\"elementor-section elementor-inner-section elementor-element elementor-element-415a9b21 elementor-section-boxed elementor-section-height-default elementor-section-height-default\" data-id=\"415a9b21\" data-element_type=\"section\" data-e-type=\"section\" data-settings=\"{&quot;jet_parallax_layout_list&quot;:[]}\">\n\t\t\t\t\t\t<div class=\"elementor-container elementor-column-gap-default\">\n\t\t\t\t\t<div class=\"elementor-column elementor-col-100 elementor-inner-column elementor-element elementor-element-7b0086cd\" data-id=\"7b0086cd\" data-element_type=\"column\" data-e-type=\"column\">\n\t\t\t<div class=\"elementor-widget-wrap elementor-element-populated\">\n\t\t\t\t\t\t<div class=\"elementor-element elementor-element-39d5c4d7 elementor-widget elementor-widget-text-editor\" data-id=\"39d5c4d7\" data-element_type=\"widget\" data-e-type=\"widget\" data-widget_type=\"text-editor.default\">\n\t\t\t\t<div class=\"elementor-widget-container\">\n\t\t\t\t\t\t\t\t\t<p><strong>Tapa superior plegable<br \/><\/strong>Es tracta d&#8217;un nou model de NiuPack que porta la tapa superior lateral plegable i m\u00e9s petita per poder-la col\u00b7locar dins el film estirable que envolta els palets i aix\u00ed evitem col\u00b7locar la tapa per sobre del palet i redu\u00efm cartr\u00f3.<\/p>\t\t\t\t\t\t\t\t<\/div>\n\t\t\t\t<\/div>\n\t\t\t\t\t<\/div>\n\t\t<\/div>\n\t\t\t\t\t<\/div>\n\t\t<\/section>\n\t\t\t\t\t<\/div>\n\t\t<\/div>\n\t\t\t\t\t<\/div>\n\t\t<\/section>\n\t\t\t\t<section class=\"elementor-section elementor-top-section elementor-element elementor-element-1b8b65b elementor-section-boxed elementor-section-height-default elementor-section-height-default\" data-id=\"1b8b65b\" data-element_type=\"section\" data-e-type=\"section\" data-settings=\"{&quot;jet_parallax_layout_list&quot;:[]}\">\n\t\t\t\t\t\t<div class=\"elementor-container elementor-column-gap-default\">\n\t\t\t\t\t<div class=\"elementor-column elementor-col-50 elementor-top-column elementor-element elementor-element-d632de8\" data-id=\"d632de8\" data-element_type=\"column\" data-e-type=\"column\">\n\t\t\t<div class=\"elementor-widget-wrap elementor-element-populated\">\n\t\t\t\t\t\t<div class=\"elementor-element elementor-element-d6eed62 elementor-widget elementor-widget-image\" data-id=\"d6eed62\" data-element_type=\"widget\" data-e-type=\"widget\" data-widget_type=\"image.default\">\n\t\t\t\t<div class=\"elementor-widget-container\">\n\t\t\t\t\t\t\t\t\t\t\t\t\t\t\t<img decoding=\"async\" width=\"1024\" height=\"768\" src=\"https:\/\/j2servid.com\/wp-content\/uploads\/2026\/02\/Niupack-Side-1-1024x768.jpg\" class=\"attachment-large size-large wp-image-82378\" alt=\"\" srcset=\"https:\/\/j2servid.com\/wp-content\/uploads\/2026\/02\/Niupack-Side-1-1024x768.jpg 1024w, https:\/\/j2servid.com\/wp-content\/uploads\/2026\/02\/Niupack-Side-1-300x225.jpg 300w, https:\/\/j2servid.com\/wp-content\/uploads\/2026\/02\/Niupack-Side-1-768x576.jpg 768w, https:\/\/j2servid.com\/wp-content\/uploads\/2026\/02\/Niupack-Side-1-1536x1152.jpg 1536w, https:\/\/j2servid.com\/wp-content\/uploads\/2026\/02\/Niupack-Side-1.jpg 2000w\" sizes=\"(max-width: 1024px) 100vw, 1024px\" \/>\t\t\t\t\t\t\t\t\t\t\t\t\t\t\t<\/div>\n\t\t\t\t<\/div>\n\t\t\t\t\t<\/div>\n\t\t<\/div>\n\t\t\t\t<div class=\"elementor-column elementor-col-50 elementor-top-column elementor-element elementor-element-b54586d\" data-id=\"b54586d\" data-element_type=\"column\" data-e-type=\"column\">\n\t\t\t<div class=\"elementor-widget-wrap elementor-element-populated\">\n\t\t\t\t\t\t<div class=\"elementor-element elementor-element-b1cef88 elementor-widget elementor-widget-image\" data-id=\"b1cef88\" data-element_type=\"widget\" data-e-type=\"widget\" data-widget_type=\"image.default\">\n\t\t\t\t<div class=\"elementor-widget-container\">\n\t\t\t\t\t\t\t\t\t\t\t\t\t\t\t<img decoding=\"async\" width=\"768\" height=\"1024\" src=\"https:\/\/j2servid.com\/wp-content\/uploads\/2026\/02\/Niupack-Side-6-768x1024.jpg\" class=\"attachment-large size-large wp-image-82382\" alt=\"\" srcset=\"https:\/\/j2servid.com\/wp-content\/uploads\/2026\/02\/Niupack-Side-6-768x1024.jpg 768w, https:\/\/j2servid.com\/wp-content\/uploads\/2026\/02\/Niupack-Side-6-225x300.jpg 225w, https:\/\/j2servid.com\/wp-content\/uploads\/2026\/02\/Niupack-Side-6-1152x1536.jpg 1152w, https:\/\/j2servid.com\/wp-content\/uploads\/2026\/02\/Niupack-Side-6.jpg 1500w\" sizes=\"(max-width: 768px) 100vw, 768px\" \/>\t\t\t\t\t\t\t\t\t\t\t\t\t\t\t<\/div>\n\t\t\t\t<\/div>\n\t\t\t\t\t<\/div>\n\t\t<\/div>\n\t\t\t\t\t<\/div>\n\t\t<\/section>\n\t\t\t\t<section class=\"elementor-section elementor-top-section elementor-element elementor-element-0b7c4b9 elementor-section-boxed elementor-section-height-default elementor-section-height-default\" data-id=\"0b7c4b9\" data-element_type=\"section\" data-e-type=\"section\" data-settings=\"{&quot;jet_parallax_layout_list&quot;:[]}\">\n\t\t\t\t\t\t<div class=\"elementor-container elementor-column-gap-default\">\n\t\t\t\t\t<div class=\"elementor-column elementor-col-50 elementor-top-column elementor-element elementor-element-368ff61\" data-id=\"368ff61\" data-element_type=\"column\" data-e-type=\"column\">\n\t\t\t<div class=\"elementor-widget-wrap elementor-element-populated\">\n\t\t\t\t\t\t<div class=\"elementor-element elementor-element-bc3db51 elementor-widget elementor-widget-image\" data-id=\"bc3db51\" data-element_type=\"widget\" data-e-type=\"widget\" data-widget_type=\"image.default\">\n\t\t\t\t<div class=\"elementor-widget-container\">\n\t\t\t\t\t\t\t\t\t\t\t\t\t\t\t<img loading=\"lazy\" decoding=\"async\" width=\"735\" height=\"1024\" src=\"https:\/\/j2servid.com\/wp-content\/uploads\/2026\/02\/Niupack-Side-7-735x1024.jpg\" class=\"attachment-large size-large wp-image-82386\" alt=\"\" srcset=\"https:\/\/j2servid.com\/wp-content\/uploads\/2026\/02\/Niupack-Side-7-735x1024.jpg 735w, https:\/\/j2servid.com\/wp-content\/uploads\/2026\/02\/Niupack-Side-7-215x300.jpg 215w, https:\/\/j2servid.com\/wp-content\/uploads\/2026\/02\/Niupack-Side-7-768x1070.jpg 768w, https:\/\/j2servid.com\/wp-content\/uploads\/2026\/02\/Niupack-Side-7-1103x1536.jpg 1103w, https:\/\/j2servid.com\/wp-content\/uploads\/2026\/02\/Niupack-Side-7.jpg 1436w\" sizes=\"(max-width: 735px) 100vw, 735px\" \/>\t\t\t\t\t\t\t\t\t\t\t\t\t\t\t<\/div>\n\t\t\t\t<\/div>\n\t\t\t\t\t<\/div>\n\t\t<\/div>\n\t\t\t\t<div class=\"elementor-column elementor-col-50 elementor-top-column elementor-element elementor-element-642d4fc\" data-id=\"642d4fc\" data-element_type=\"column\" data-e-type=\"column\">\n\t\t\t<div class=\"elementor-widget-wrap elementor-element-populated\">\n\t\t\t\t\t\t<div class=\"elementor-element elementor-element-417e80d elementor-widget elementor-widget-image\" data-id=\"417e80d\" data-element_type=\"widget\" data-e-type=\"widget\" data-widget_type=\"image.default\">\n\t\t\t\t<div class=\"elementor-widget-container\">\n\t\t\t\t\t\t\t\t\t\t\t\t\t\t\t<img loading=\"lazy\" decoding=\"async\" width=\"1024\" height=\"768\" src=\"https:\/\/j2servid.com\/wp-content\/uploads\/2026\/02\/Niupack-Side-11-1024x768.jpg\" class=\"attachment-large size-large wp-image-82390\" alt=\"\" srcset=\"https:\/\/j2servid.com\/wp-content\/uploads\/2026\/02\/Niupack-Side-11-1024x768.jpg 1024w, https:\/\/j2servid.com\/wp-content\/uploads\/2026\/02\/Niupack-Side-11-300x225.jpg 300w, https:\/\/j2servid.com\/wp-content\/uploads\/2026\/02\/Niupack-Side-11-768x576.jpg 768w, https:\/\/j2servid.com\/wp-content\/uploads\/2026\/02\/Niupack-Side-11-1536x1152.jpg 1536w, https:\/\/j2servid.com\/wp-content\/uploads\/2026\/02\/Niupack-Side-11.jpg 2000w\" sizes=\"(max-width: 1024px) 100vw, 1024px\" \/>\t\t\t\t\t\t\t\t\t\t\t\t\t\t\t<\/div>\n\t\t\t\t<\/div>\n\t\t\t\t\t<\/div>\n\t\t<\/div>\n\t\t\t\t\t<\/div>\n\t\t<\/section>\n\t\t\t\t<section class=\"elementor-section elementor-top-section elementor-element elementor-element-7db5fac elementor-section-boxed elementor-section-height-default elementor-section-height-default\" data-id=\"7db5fac\" data-element_type=\"section\" data-e-type=\"section\" data-settings=\"{&quot;jet_parallax_layout_list&quot;:[]}\">\n\t\t\t\t\t\t<div class=\"elementor-container elementor-column-gap-default\">\n\t\t\t\t\t<div class=\"elementor-column elementor-col-100 elementor-top-column elementor-element elementor-element-7b5899\" data-id=\"7b5899\" data-element_type=\"column\" data-e-type=\"column\">\n\t\t\t<div class=\"elementor-widget-wrap elementor-element-populated\">\n\t\t\t\t\t\t<div class=\"elementor-element elementor-element-79243036 elementor-widget elementor-widget-spacer\" data-id=\"79243036\" data-element_type=\"widget\" data-e-type=\"widget\" data-widget_type=\"spacer.default\">\n\t\t\t\t<div class=\"elementor-widget-container\">\n\t\t\t\t\t\t\t<div class=\"elementor-spacer\">\n\t\t\t<div class=\"elementor-spacer-inner\"><\/div>\n\t\t<\/div>\n\t\t\t\t\t\t<\/div>\n\t\t\t\t<\/div>\n\t\t\t\t<div class=\"elementor-element elementor-element-b454b0e elementor-align-center elementor-widget elementor-widget-button\" data-id=\"b454b0e\" data-element_type=\"widget\" data-e-type=\"widget\" data-widget_type=\"button.default\">\n\t\t\t\t<div class=\"elementor-widget-container\">\n\t\t\t\t\t\t\t\t\t<div class=\"elementor-button-wrapper\">\n\t\t\t\t\t<a class=\"elementor-button elementor-button-link elementor-size-md\" href=\"https:\/\/j2servid.com\/wp-content\/uploads\/catalog\/es\/3._J2_Servid__Forankra_Cat%C3%A1logo_Niupack.pdf\" target=\"_blank\">\n\t\t\t\t\t\t<span class=\"elementor-button-content-wrapper\">\n\t\t\t\t\t\t<span class=\"elementor-button-icon\">\n\t\t\t\t<i aria-hidden=\"true\" class=\"fas fa-file-download\"><\/i>\t\t\t<\/span>\n\t\t\t\t\t\t\t\t\t<span class=\"elementor-button-text\">Descarregar cat\u00e0leg<\/span>\n\t\t\t\t\t<\/span>\n\t\t\t\t\t<\/a>\n\t\t\t\t<\/div>\n\t\t\t\t\t\t\t\t<\/div>\n\t\t\t\t<\/div>\n\t\t\t\t<div class=\"elementor-element elementor-element-1b725132 elementor-widget elementor-widget-spacer\" data-id=\"1b725132\" data-element_type=\"widget\" data-e-type=\"widget\" data-widget_type=\"spacer.default\">\n\t\t\t\t<div class=\"elementor-widget-container\">\n\t\t\t\t\t\t\t<div class=\"elementor-spacer\">\n\t\t\t<div class=\"elementor-spacer-inner\"><\/div>\n\t\t<\/div>\n\t\t\t\t\t\t<\/div>\n\t\t\t\t<\/div>\n\t\t\t\t\t<\/div>\n\t\t<\/div>\n\t\t\t\t\t<\/div>\n\t\t<\/section>\n\t\t\t\t<\/div>\n\t\t","protected":false},"excerpt":{"rendered":"<p>Niupack Voidfiller Niupack Side Soluci\u00f3 100% ecol\u00f2gica per a la protecci\u00f3 de la c\u00e0rrega Menys cartr\u00f3, la mateixa protecci\u00f3 El sistema m\u00e9s nou de la fam\u00edlia Niupack Eviteu l&#8217;efecte d\u00f2mino reduint el cartr\u00f3 a cada transport Tapa superior plegableEs tracta d&#8217;un nou model de NiuPack que porta la tapa superior lateral plegable i m\u00e9s petita [&hellip;]<\/p>\n","protected":false},"author":7,"featured_media":0,"parent":2595,"menu_order":0,"comment_status":"closed","ping_status":"closed","template":"","meta":{"_acf_changed":false,"footnotes":""},"class_list":["post-2617","page","type-page","status-publish","hentry"],"acf":[],"_links":{"self":[{"href":"https:\/\/j2servid.com\/ca\/wp-json\/wp\/v2\/pages\/2617","targetHints":{"allow":["GET"]}}],"collection":[{"href":"https:\/\/j2servid.com\/ca\/wp-json\/wp\/v2\/pages"}],"about":[{"href":"https:\/\/j2servid.com\/ca\/wp-json\/wp\/v2\/types\/page"}],"author":[{"embeddable":true,"href":"https:\/\/j2servid.com\/ca\/wp-json\/wp\/v2\/users\/7"}],"replies":[{"embeddable":true,"href":"https:\/\/j2servid.com\/ca\/wp-json\/wp\/v2\/comments?post=2617"}],"version-history":[{"count":45,"href":"https:\/\/j2servid.com\/ca\/wp-json\/wp\/v2\/pages\/2617\/revisions"}],"predecessor-version":[{"id":82418,"href":"https:\/\/j2servid.com\/ca\/wp-json\/wp\/v2\/pages\/2617\/revisions\/82418"}],"up":[{"embeddable":true,"href":"https:\/\/j2servid.com\/ca\/wp-json\/wp\/v2\/pages\/2595"}],"wp:attachment":[{"href":"https:\/\/j2servid.com\/ca\/wp-json\/wp\/v2\/media?parent=2617"}],"curies":[{"name":"wp","href":"https:\/\/api.w.org\/{rel}","templated":true}]}}