{"id":2648,"date":"2022-05-11T10:22:08","date_gmt":"2022-05-11T10:22:08","guid":{"rendered":"https:\/\/j2servid.com\/probag-tools\/"},"modified":"2025-06-05T06:57:18","modified_gmt":"2025-06-05T06:57:18","slug":"probag-tools","status":"publish","type":"page","link":"https:\/\/j2servid.com\/ca\/probag\/probag-tools\/","title":{"rendered":"ProBag\u00a0Tools"},"content":{"rendered":"\t\t<div data-elementor-type=\"wp-page\" data-elementor-id=\"2648\" class=\"elementor elementor-2648 elementor-1372\">\n\t\t\t\t\t\t<section class=\"elementor-section elementor-top-section elementor-element elementor-element-de309e0 elementor-section-boxed elementor-section-height-default elementor-section-height-default\" data-id=\"de309e0\" data-element_type=\"section\" data-e-type=\"section\" data-settings=\"{&quot;jet_parallax_layout_list&quot;:[],&quot;background_background&quot;:&quot;classic&quot;}\">\n\t\t\t\t\t\t<div class=\"elementor-container elementor-column-gap-default\">\n\t\t\t\t\t<div class=\"elementor-column elementor-col-100 elementor-top-column elementor-element elementor-element-1059642\" data-id=\"1059642\" data-element_type=\"column\" data-e-type=\"column\">\n\t\t\t<div class=\"elementor-widget-wrap elementor-element-populated\">\n\t\t\t\t\t\t<div class=\"elementor-element elementor-element-8c41f48 elementor-widget elementor-widget-spacer\" data-id=\"8c41f48\" data-element_type=\"widget\" data-e-type=\"widget\" data-widget_type=\"spacer.default\">\n\t\t\t\t<div class=\"elementor-widget-container\">\n\t\t\t\t\t\t\t<div class=\"elementor-spacer\">\n\t\t\t<div class=\"elementor-spacer-inner\"><\/div>\n\t\t<\/div>\n\t\t\t\t\t\t<\/div>\n\t\t\t\t<\/div>\n\t\t\t\t<div class=\"elementor-element elementor-element-205a5d7 elementor-widget elementor-widget-shortcode\" data-id=\"205a5d7\" data-element_type=\"widget\" data-e-type=\"widget\" data-widget_type=\"shortcode.default\">\n\t\t\t\t<div class=\"elementor-widget-container\">\n\t\t\t\t\t\t\t<div class=\"elementor-shortcode\"><nav aria-label=\"breadcrumbs\" class=\"rank-math-breadcrumb\"><p><span class=\"last\">Protecci\u00f3 de mercaderies<\/span><\/p><\/nav><\/div>\n\t\t\t\t\t\t<\/div>\n\t\t\t\t<\/div>\n\t\t\t\t<div class=\"elementor-element elementor-element-94e9e07 elementor-widget elementor-widget-text-editor\" data-id=\"94e9e07\" data-element_type=\"widget\" data-e-type=\"widget\" data-widget_type=\"text-editor.default\">\n\t\t\t\t<div class=\"elementor-widget-container\">\n\t\t\t\t\t\t\t\t\tProBag <span style=\"color: #000;\">Tools<\/span>\n\t\t\t\t\t\t\t\t<\/div>\n\t\t\t\t<\/div>\n\t\t\t\t<div class=\"elementor-element elementor-element-8121da6 elementor-widget elementor-widget-spacer\" data-id=\"8121da6\" data-element_type=\"widget\" data-e-type=\"widget\" data-widget_type=\"spacer.default\">\n\t\t\t\t<div class=\"elementor-widget-container\">\n\t\t\t\t\t\t\t<div class=\"elementor-spacer\">\n\t\t\t<div class=\"elementor-spacer-inner\"><\/div>\n\t\t<\/div>\n\t\t\t\t\t\t<\/div>\n\t\t\t\t<\/div>\n\t\t\t\t<div class=\"elementor-element elementor-element-4513dea elementor-absolute elementor-widget elementor-widget-image\" data-id=\"4513dea\" data-element_type=\"widget\" data-e-type=\"widget\" data-settings=\"{&quot;_position&quot;:&quot;absolute&quot;}\" data-widget_type=\"image.default\">\n\t\t\t\t<div class=\"elementor-widget-container\">\n\t\t\t\t\t\t\t\t\t\t\t\t\t\t\t<img fetchpriority=\"high\" decoding=\"async\" width=\"768\" height=\"391\" src=\"https:\/\/j2servid.com\/wp-content\/uploads\/2022\/05\/PROBAG-Header-768x391.png\" class=\"attachment-medium_large size-medium_large wp-image-14781\" alt=\"\" srcset=\"https:\/\/j2servid.com\/wp-content\/uploads\/2022\/05\/PROBAG-Header-768x391.png 768w, https:\/\/j2servid.com\/wp-content\/uploads\/2022\/05\/PROBAG-Header-300x153.png 300w, https:\/\/j2servid.com\/wp-content\/uploads\/2022\/05\/PROBAG-Header.png 816w\" sizes=\"(max-width: 768px) 100vw, 768px\" \/>\t\t\t\t\t\t\t\t\t\t\t\t\t\t\t<\/div>\n\t\t\t\t<\/div>\n\t\t\t\t\t<\/div>\n\t\t<\/div>\n\t\t\t\t\t<\/div>\n\t\t<\/section>\n\t\t\t\t<section class=\"elementor-section elementor-top-section elementor-element elementor-element-4bef873a elementor-section-boxed elementor-section-height-default elementor-section-height-default\" data-id=\"4bef873a\" data-element_type=\"section\" data-e-type=\"section\" data-settings=\"{&quot;jet_parallax_layout_list&quot;:[],&quot;background_background&quot;:&quot;classic&quot;}\">\n\t\t\t\t\t\t<div class=\"elementor-container elementor-column-gap-default\">\n\t\t\t\t\t<div class=\"elementor-column elementor-col-100 elementor-top-column elementor-element elementor-element-1502ca61\" data-id=\"1502ca61\" data-element_type=\"column\" data-e-type=\"column\">\n\t\t\t<div class=\"elementor-widget-wrap elementor-element-populated\">\n\t\t\t\t\t\t<div class=\"elementor-element elementor-element-6ee10ca2 elementor-widget elementor-widget-spacer\" data-id=\"6ee10ca2\" data-element_type=\"widget\" data-e-type=\"widget\" data-widget_type=\"spacer.default\">\n\t\t\t\t<div class=\"elementor-widget-container\">\n\t\t\t\t\t\t\t<div class=\"elementor-spacer\">\n\t\t\t<div class=\"elementor-spacer-inner\"><\/div>\n\t\t<\/div>\n\t\t\t\t\t\t<\/div>\n\t\t\t\t<\/div>\n\t\t\t\t\t<\/div>\n\t\t<\/div>\n\t\t\t\t\t<\/div>\n\t\t<\/section>\n\t\t\t\t<section class=\"elementor-section elementor-top-section elementor-element elementor-element-c75f604 fonsgris elementor-section-boxed elementor-section-height-default elementor-section-height-default\" data-id=\"c75f604\" data-element_type=\"section\" data-e-type=\"section\" data-settings=\"{&quot;jet_parallax_layout_list&quot;:[],&quot;background_background&quot;:&quot;classic&quot;}\">\n\t\t\t\t\t\t<div class=\"elementor-container elementor-column-gap-default\">\n\t\t\t\t\t<div class=\"elementor-column elementor-col-50 elementor-top-column elementor-element elementor-element-72c1ce2\" data-id=\"72c1ce2\" data-element_type=\"column\" data-e-type=\"column\">\n\t\t\t<div class=\"elementor-widget-wrap elementor-element-populated\">\n\t\t\t\t\t\t<div class=\"elementor-element elementor-element-5d5273d elementor-widget elementor-widget-video\" data-id=\"5d5273d\" data-element_type=\"widget\" data-e-type=\"widget\" data-settings=\"{&quot;youtube_url&quot;:&quot;https:\\\/\\\/youtu.be\\\/IrMKm1gAJ5o&quot;,&quot;autoplay&quot;:&quot;yes&quot;,&quot;mute&quot;:&quot;yes&quot;,&quot;loop&quot;:&quot;yes&quot;,&quot;video_type&quot;:&quot;youtube&quot;,&quot;controls&quot;:&quot;yes&quot;}\" data-widget_type=\"video.default\">\n\t\t\t\t<div class=\"elementor-widget-container\">\n\t\t\t\t\t\t\t<div class=\"elementor-wrapper elementor-open-inline\">\n\t\t\t<div class=\"elementor-video\"><\/div>\t\t<\/div>\n\t\t\t\t\t\t<\/div>\n\t\t\t\t<\/div>\n\t\t\t\t\t<\/div>\n\t\t<\/div>\n\t\t\t\t<div class=\"elementor-column elementor-col-50 elementor-top-column elementor-element elementor-element-ae0b090\" data-id=\"ae0b090\" data-element_type=\"column\" data-e-type=\"column\">\n\t\t\t<div class=\"elementor-widget-wrap elementor-element-populated\">\n\t\t\t\t\t\t<div class=\"elementor-element elementor-element-5aa2935 elementor-widget elementor-widget-spacer\" data-id=\"5aa2935\" data-element_type=\"widget\" data-e-type=\"widget\" data-widget_type=\"spacer.default\">\n\t\t\t\t<div class=\"elementor-widget-container\">\n\t\t\t\t\t\t\t<div class=\"elementor-spacer\">\n\t\t\t<div class=\"elementor-spacer-inner\"><\/div>\n\t\t<\/div>\n\t\t\t\t\t\t<\/div>\n\t\t\t\t<\/div>\n\t\t\t\t<div class=\"elementor-element elementor-element-08ac45f elementor-widget elementor-widget-text-editor\" data-id=\"08ac45f\" data-element_type=\"widget\" data-e-type=\"widget\" data-widget_type=\"text-editor.default\">\n\t\t\t\t<div class=\"elementor-widget-container\">\n\t\t\t\t\t\t\t\t\t<p>Accesorios ProBag<\/p>\t\t\t\t\t\t\t\t<\/div>\n\t\t\t\t<\/div>\n\t\t\t\t<div class=\"elementor-element elementor-element-f9ab695 elementor-widget elementor-widget-text-editor\" data-id=\"f9ab695\" data-element_type=\"widget\" data-e-type=\"widget\" data-widget_type=\"text-editor.default\">\n\t\t\t\t<div class=\"elementor-widget-container\">\n\t\t\t\t\t\t\t\t\t<p>Accesorios para el buen uso de las ProBags<\/p>\t\t\t\t\t\t\t\t<\/div>\n\t\t\t\t<\/div>\n\t\t\t\t<div class=\"elementor-element elementor-element-b49e0e8 elementor-hidden-mobile elementor-widget elementor-widget-button\" data-id=\"b49e0e8\" data-element_type=\"widget\" data-e-type=\"widget\" data-widget_type=\"button.default\">\n\t\t\t\t<div class=\"elementor-widget-container\">\n\t\t\t\t\t\t\t\t\t<div class=\"elementor-button-wrapper\">\n\t\t\t\t\t<a class=\"elementor-button elementor-button-link elementor-size-md\" href=\"https:\/\/j2servid.com\/ca\/contacte\/\">\n\t\t\t\t\t\t<span class=\"elementor-button-content-wrapper\">\n\t\t\t\t\t\t\t\t\t<span class=\"elementor-button-text\">\u00bfDesea m\u00e1s informaci\u00f3n de este producto?<\/span>\n\t\t\t\t\t<\/span>\n\t\t\t\t\t<\/a>\n\t\t\t\t<\/div>\n\t\t\t\t\t\t\t\t<\/div>\n\t\t\t\t<\/div>\n\t\t\t\t\t<\/div>\n\t\t<\/div>\n\t\t\t\t\t<\/div>\n\t\t<\/section>\n\t\t\t\t<section class=\"elementor-section elementor-top-section elementor-element elementor-element-7ad9d62b elementor-section-boxed elementor-section-height-default elementor-section-height-default\" data-id=\"7ad9d62b\" data-element_type=\"section\" data-e-type=\"section\" data-settings=\"{&quot;jet_parallax_layout_list&quot;:[],&quot;background_background&quot;:&quot;classic&quot;}\">\n\t\t\t\t\t\t<div class=\"elementor-container elementor-column-gap-default\">\n\t\t\t\t\t<div class=\"elementor-column elementor-col-100 elementor-top-column elementor-element elementor-element-37fa8a1e\" data-id=\"37fa8a1e\" data-element_type=\"column\" data-e-type=\"column\">\n\t\t\t<div class=\"elementor-widget-wrap elementor-element-populated\">\n\t\t\t\t\t\t<section class=\"elementor-section elementor-inner-section elementor-element elementor-element-01982ce elementor-section-boxed elementor-section-height-default elementor-section-height-default\" data-id=\"01982ce\" data-element_type=\"section\" data-e-type=\"section\" data-settings=\"{&quot;jet_parallax_layout_list&quot;:[]}\">\n\t\t\t\t\t\t<div class=\"elementor-container elementor-column-gap-default\">\n\t\t\t\t\t<div class=\"elementor-column elementor-col-20 elementor-inner-column elementor-element elementor-element-2a7ea79\" data-id=\"2a7ea79\" data-element_type=\"column\" data-e-type=\"column\">\n\t\t\t<div class=\"elementor-widget-wrap elementor-element-populated\">\n\t\t\t\t\t\t<div class=\"elementor-element elementor-element-b28ce11 elementor-widget elementor-widget-image\" data-id=\"b28ce11\" data-element_type=\"widget\" data-e-type=\"widget\" data-widget_type=\"image.default\">\n\t\t\t\t<div class=\"elementor-widget-container\">\n\t\t\t\t\t\t\t\t\t\t\t\t\t\t\t<img decoding=\"async\" width=\"400\" height=\"400\" src=\"https:\/\/j2servid.com\/wp-content\/uploads\/2022\/10\/J2-SERVID-ProBag-Tool_Makita_Bateria.jpg\" class=\"attachment-large size-large wp-image-6851\" alt=\"\" srcset=\"https:\/\/j2servid.com\/wp-content\/uploads\/2022\/10\/J2-SERVID-ProBag-Tool_Makita_Bateria.jpg 400w, https:\/\/j2servid.com\/wp-content\/uploads\/2022\/10\/J2-SERVID-ProBag-Tool_Makita_Bateria-300x300.jpg 300w, https:\/\/j2servid.com\/wp-content\/uploads\/2022\/10\/J2-SERVID-ProBag-Tool_Makita_Bateria-150x150.jpg 150w\" sizes=\"(max-width: 400px) 100vw, 400px\" \/>\t\t\t\t\t\t\t\t\t\t\t\t\t\t\t<\/div>\n\t\t\t\t<\/div>\n\t\t\t\t<div class=\"elementor-element elementor-element-e673849 elementor-widget elementor-widget-text-editor\" data-id=\"e673849\" data-element_type=\"widget\" data-e-type=\"widget\" data-widget_type=\"text-editor.default\">\n\t\t\t\t<div class=\"elementor-widget-container\">\n\t\t\t\t\t\t\t\t\t<p><span style=\"font-weight: bold;\">Pistola con bater\u00eda<\/span><span data-ccp-props=\"{\">\u00a0<\/span><\/p><p><span data-contrast=\"auto\">Esta pistola tiene la empu\u00f1adura antideslizante para ofrecer mayor comodidad al usuario. Se puede regular la velocidad: alta, baja y media. Hasta 75 minutos de uso continuo con la bater\u00eda de 4,0Ah. Posibilidad de utilizarla como aspirador cambiando la posici\u00f3n de la tubera. Volumen de aire: 2,6m3 \/min. Velocidad del aire: 80m\/seg. Bater\u00eda con indicador de carga. Autonom\u00eda: m\u00e1s de 70 bolsas est\u00e1ndares. Cargador r\u00e1pido (menos de 30 minutos).<\/span><\/p>\t\t\t\t\t\t\t\t<\/div>\n\t\t\t\t<\/div>\n\t\t\t\t\t<\/div>\n\t\t<\/div>\n\t\t\t\t<div class=\"elementor-column elementor-col-20 elementor-inner-column elementor-element elementor-element-8082e62\" data-id=\"8082e62\" data-element_type=\"column\" data-e-type=\"column\">\n\t\t\t<div class=\"elementor-widget-wrap elementor-element-populated\">\n\t\t\t\t\t\t<div class=\"elementor-element elementor-element-e882340 elementor-widget elementor-widget-image\" data-id=\"e882340\" data-element_type=\"widget\" data-e-type=\"widget\" data-widget_type=\"image.default\">\n\t\t\t\t<div class=\"elementor-widget-container\">\n\t\t\t\t\t\t\t\t\t\t\t\t\t\t\t<img decoding=\"async\" width=\"400\" height=\"400\" src=\"https:\/\/j2servid.com\/wp-content\/uploads\/2022\/10\/J2-SERVID-ProBag-Tool_Monster_Manometro.jpg\" class=\"attachment-large size-large wp-image-6857\" alt=\"\" srcset=\"https:\/\/j2servid.com\/wp-content\/uploads\/2022\/10\/J2-SERVID-ProBag-Tool_Monster_Manometro.jpg 400w, https:\/\/j2servid.com\/wp-content\/uploads\/2022\/10\/J2-SERVID-ProBag-Tool_Monster_Manometro-300x300.jpg 300w, https:\/\/j2servid.com\/wp-content\/uploads\/2022\/10\/J2-SERVID-ProBag-Tool_Monster_Manometro-150x150.jpg 150w\" sizes=\"(max-width: 400px) 100vw, 400px\" \/>\t\t\t\t\t\t\t\t\t\t\t\t\t\t\t<\/div>\n\t\t\t\t<\/div>\n\t\t\t\t<div class=\"elementor-element elementor-element-d395777 elementor-widget elementor-widget-text-editor\" data-id=\"d395777\" data-element_type=\"widget\" data-e-type=\"widget\" data-widget_type=\"text-editor.default\">\n\t\t\t\t<div class=\"elementor-widget-container\">\n\t\t\t\t\t\t\t\t\t<p><b><span data-contrast=\"auto\">Monster con man\u00f3metro<\/span><\/b><span data-ccp-props=\"{\">\u00a0<\/span><\/p><p><span data-contrast=\"auto\">Pistola de aire infladora muy robusta y con man\u00f3metro incorporado. Esta pistola es id\u00f3nea para el hinchado de bolsas de gran resistencia (level 2 AAR hasta level 5 AAR). Gracias a su man\u00f3metro nos permitir\u00e1n realizar la medici\u00f3n de la presi\u00f3n del aire de la bolsa hinchable.<\/span><span data-ccp-props=\"{\">\u00a0<\/span><\/p>\t\t\t\t\t\t\t\t<\/div>\n\t\t\t\t<\/div>\n\t\t\t\t\t<\/div>\n\t\t<\/div>\n\t\t\t\t<div class=\"elementor-column elementor-col-20 elementor-inner-column elementor-element elementor-element-f3fe20b\" data-id=\"f3fe20b\" data-element_type=\"column\" data-e-type=\"column\">\n\t\t\t<div class=\"elementor-widget-wrap elementor-element-populated\">\n\t\t\t\t\t\t<div class=\"elementor-element elementor-element-a3ea424 elementor-widget elementor-widget-image\" data-id=\"a3ea424\" data-element_type=\"widget\" data-e-type=\"widget\" data-widget_type=\"image.default\">\n\t\t\t\t<div class=\"elementor-widget-container\">\n\t\t\t\t\t\t\t\t\t\t\t\t\t\t\t<img loading=\"lazy\" decoding=\"async\" width=\"400\" height=\"400\" src=\"https:\/\/j2servid.com\/wp-content\/uploads\/2022\/10\/J2-SERVID-ProBag-Tool_Mini_Jet_Flow.jpg\" class=\"attachment-large size-large wp-image-6854\" alt=\"\" srcset=\"https:\/\/j2servid.com\/wp-content\/uploads\/2022\/10\/J2-SERVID-ProBag-Tool_Mini_Jet_Flow.jpg 400w, https:\/\/j2servid.com\/wp-content\/uploads\/2022\/10\/J2-SERVID-ProBag-Tool_Mini_Jet_Flow-300x300.jpg 300w, https:\/\/j2servid.com\/wp-content\/uploads\/2022\/10\/J2-SERVID-ProBag-Tool_Mini_Jet_Flow-150x150.jpg 150w\" sizes=\"(max-width: 400px) 100vw, 400px\" \/>\t\t\t\t\t\t\t\t\t\t\t\t\t\t\t<\/div>\n\t\t\t\t<\/div>\n\t\t\t\t<div class=\"elementor-element elementor-element-1e7b8a9 elementor-widget elementor-widget-text-editor\" data-id=\"1e7b8a9\" data-element_type=\"widget\" data-e-type=\"widget\" data-widget_type=\"text-editor.default\">\n\t\t\t\t<div class=\"elementor-widget-container\">\n\t\t\t\t\t\t\t\t\t<p><b><span data-contrast=\"auto\">Mini Jet Flow<\/span><\/b><span data-ccp-props=\"{\">\u00a0<\/span><\/p><p><span data-contrast=\"auto\">Ideal para hinchar bolsas en huecos muy reducidos. La misma calidad, rapidez y resistencia que una pistola de aire convencional, pero con un tama\u00f1o m\u00e1s peque\u00f1o.<\/span><span data-ccp-props=\"{\">\u00a0I<\/span><span data-contrast=\"auto\">ncorpora una solapa de cierre trasera para presiones de uso superiores a 2 psi.<\/span><span data-ccp-props=\"{\">\u00a0<\/span><\/p>\t\t\t\t\t\t\t\t<\/div>\n\t\t\t\t<\/div>\n\t\t\t\t\t<\/div>\n\t\t<\/div>\n\t\t\t\t<div class=\"elementor-column elementor-col-20 elementor-inner-column elementor-element elementor-element-e15e58c\" data-id=\"e15e58c\" data-element_type=\"column\" data-e-type=\"column\">\n\t\t\t<div class=\"elementor-widget-wrap elementor-element-populated\">\n\t\t\t\t\t\t<div class=\"elementor-element elementor-element-f512d6c elementor-widget elementor-widget-image\" data-id=\"f512d6c\" data-element_type=\"widget\" data-e-type=\"widget\" data-widget_type=\"image.default\">\n\t\t\t\t<div class=\"elementor-widget-container\">\n\t\t\t\t\t\t\t\t\t\t\t\t\t\t\t<img loading=\"lazy\" decoding=\"async\" width=\"400\" height=\"400\" src=\"https:\/\/j2servid.com\/wp-content\/uploads\/2022\/10\/J2-SERVID-ProBag-Tool_Mini_Jet_Flow_Manometro.jpg\" class=\"attachment-large size-large wp-image-6848\" alt=\"\" srcset=\"https:\/\/j2servid.com\/wp-content\/uploads\/2022\/10\/J2-SERVID-ProBag-Tool_Mini_Jet_Flow_Manometro.jpg 400w, https:\/\/j2servid.com\/wp-content\/uploads\/2022\/10\/J2-SERVID-ProBag-Tool_Mini_Jet_Flow_Manometro-300x300.jpg 300w, https:\/\/j2servid.com\/wp-content\/uploads\/2022\/10\/J2-SERVID-ProBag-Tool_Mini_Jet_Flow_Manometro-150x150.jpg 150w\" sizes=\"(max-width: 400px) 100vw, 400px\" \/>\t\t\t\t\t\t\t\t\t\t\t\t\t\t\t<\/div>\n\t\t\t\t<\/div>\n\t\t\t\t<div class=\"elementor-element elementor-element-4756fc5 elementor-widget elementor-widget-text-editor\" data-id=\"4756fc5\" data-element_type=\"widget\" data-e-type=\"widget\" data-widget_type=\"text-editor.default\">\n\t\t\t\t<div class=\"elementor-widget-container\">\n\t\t\t\t\t\t\t\t\t<p><b><span data-contrast=\"auto\">Mini Jet Flow Man\u00f3metro<\/span><\/b><\/p><p><span data-contrast=\"auto\">El mismo producto que la pistola Mini Jet Flow a\u00f1adiendo un man\u00f3metro anal\u00f3gico para controlar el nivel de presi\u00f3n de las <a href=\"https:\/\/j2servid.com\/bolsas-hinchables\/\">bolsas y sacos hinchables para contenedores<\/a> ProBag.<\/span><\/p>\t\t\t\t\t\t\t\t<\/div>\n\t\t\t\t<\/div>\n\t\t\t\t\t<\/div>\n\t\t<\/div>\n\t\t\t\t<div class=\"elementor-column elementor-col-20 elementor-inner-column elementor-element elementor-element-578ca51\" data-id=\"578ca51\" data-element_type=\"column\" data-e-type=\"column\">\n\t\t\t<div class=\"elementor-widget-wrap elementor-element-populated\">\n\t\t\t\t\t\t<div class=\"elementor-element elementor-element-52865a9 elementor-widget elementor-widget-image\" data-id=\"52865a9\" data-element_type=\"widget\" data-e-type=\"widget\" data-widget_type=\"image.default\">\n\t\t\t\t<div class=\"elementor-widget-container\">\n\t\t\t\t\t\t\t\t\t\t\t\t\t\t\t<img loading=\"lazy\" decoding=\"async\" width=\"400\" height=\"400\" src=\"https:\/\/j2servid.com\/wp-content\/uploads\/2022\/10\/J2-SERVID-ProBag-Tool_Adaptador_Combo.jpg\" class=\"attachment-large size-large wp-image-6860\" alt=\"\" srcset=\"https:\/\/j2servid.com\/wp-content\/uploads\/2022\/10\/J2-SERVID-ProBag-Tool_Adaptador_Combo.jpg 400w, https:\/\/j2servid.com\/wp-content\/uploads\/2022\/10\/J2-SERVID-ProBag-Tool_Adaptador_Combo-300x300.jpg 300w, https:\/\/j2servid.com\/wp-content\/uploads\/2022\/10\/J2-SERVID-ProBag-Tool_Adaptador_Combo-150x150.jpg 150w\" sizes=\"(max-width: 400px) 100vw, 400px\" \/>\t\t\t\t\t\t\t\t\t\t\t\t\t\t\t<\/div>\n\t\t\t\t<\/div>\n\t\t\t\t<div class=\"elementor-element elementor-element-e0b9358 elementor-widget elementor-widget-text-editor\" data-id=\"e0b9358\" data-element_type=\"widget\" data-e-type=\"widget\" data-widget_type=\"text-editor.default\">\n\t\t\t\t<div class=\"elementor-widget-container\">\n\t\t\t\t\t\t\t\t\t<p><span style=\"font-weight: bold;\">Adaptador combo<\/span><span data-ccp-props=\"{\">\u00a0<\/span><\/p><p><span data-contrast=\"auto\">Este producto es necesario para el hinchado de nuestras ProBag Cairgo. Se puede adaptar a todas las pistolas ProBag. Se trata de un sistema de muelle con click que queda fijado a la v\u00e1lvula combo (disponible en met\u00e1lico).<\/span><span data-ccp-props=\"{\">\u00a0<\/span><\/p>\t\t\t\t\t\t\t\t<\/div>\n\t\t\t\t<\/div>\n\t\t\t\t\t<\/div>\n\t\t<\/div>\n\t\t\t\t\t<\/div>\n\t\t<\/section>\n\t\t\t\t\t<\/div>\n\t\t<\/div>\n\t\t\t\t\t<\/div>\n\t\t<\/section>\n\t\t\t\t<section class=\"elementor-section elementor-top-section elementor-element elementor-element-81fa27a elementor-section-boxed elementor-section-height-default elementor-section-height-default\" data-id=\"81fa27a\" data-element_type=\"section\" data-e-type=\"section\" data-settings=\"{&quot;jet_parallax_layout_list&quot;:[]}\">\n\t\t\t\t\t\t<div class=\"elementor-container elementor-column-gap-default\">\n\t\t\t\t\t<div class=\"elementor-column elementor-col-100 elementor-top-column elementor-element elementor-element-2b81359\" data-id=\"2b81359\" data-element_type=\"column\" data-e-type=\"column\">\n\t\t\t<div class=\"elementor-widget-wrap elementor-element-populated\">\n\t\t\t\t\t\t<div class=\"elementor-element elementor-element-713e5fb elementor-widget elementor-widget-spacer\" data-id=\"713e5fb\" data-element_type=\"widget\" data-e-type=\"widget\" data-widget_type=\"spacer.default\">\n\t\t\t\t<div class=\"elementor-widget-container\">\n\t\t\t\t\t\t\t<div class=\"elementor-spacer\">\n\t\t\t<div class=\"elementor-spacer-inner\"><\/div>\n\t\t<\/div>\n\t\t\t\t\t\t<\/div>\n\t\t\t\t<\/div>\n\t\t\t\t<div class=\"elementor-element elementor-element-249e4af elementor-align-center elementor-widget elementor-widget-button\" data-id=\"249e4af\" data-element_type=\"widget\" data-e-type=\"widget\" data-widget_type=\"button.default\">\n\t\t\t\t<div class=\"elementor-widget-container\">\n\t\t\t\t\t\t\t\t\t<div class=\"elementor-button-wrapper\">\n\t\t\t\t\t<a class=\"elementor-button elementor-button-link elementor-size-md\" href=\"https:\/\/j2servid.com\/wp-content\/uploads\/catalog\/es\/2._J2_Servid__Forankra_Cat%C3%A1logo_ProBag.pdf\" target=\"_blank\">\n\t\t\t\t\t\t<span class=\"elementor-button-content-wrapper\">\n\t\t\t\t\t\t<span class=\"elementor-button-icon\">\n\t\t\t\t<i aria-hidden=\"true\" class=\"fas fa-file-download\"><\/i>\t\t\t<\/span>\n\t\t\t\t\t\t\t\t\t<span class=\"elementor-button-text\">Descargar cat\u00e1logo<\/span>\n\t\t\t\t\t<\/span>\n\t\t\t\t\t<\/a>\n\t\t\t\t<\/div>\n\t\t\t\t\t\t\t\t<\/div>\n\t\t\t\t<\/div>\n\t\t\t\t<div class=\"elementor-element elementor-element-db5cc71 elementor-widget elementor-widget-spacer\" data-id=\"db5cc71\" data-element_type=\"widget\" data-e-type=\"widget\" data-widget_type=\"spacer.default\">\n\t\t\t\t<div class=\"elementor-widget-container\">\n\t\t\t\t\t\t\t<div class=\"elementor-spacer\">\n\t\t\t<div class=\"elementor-spacer-inner\"><\/div>\n\t\t<\/div>\n\t\t\t\t\t\t<\/div>\n\t\t\t\t<\/div>\n\t\t\t\t\t<\/div>\n\t\t<\/div>\n\t\t\t\t\t<\/div>\n\t\t<\/section>\n\t\t\t\t<\/div>\n\t\t","protected":false},"excerpt":{"rendered":"<p>ProBag Tools Accesorios ProBag Accesorios para el buen uso de las ProBags \u00bfDesea m\u00e1s informaci\u00f3n de este producto? Pistola con bater\u00eda\u00a0 Esta pistola tiene la empu\u00f1adura antideslizante para ofrecer mayor comodidad al usuario. Se puede regular la velocidad: alta, baja y media. Hasta 75 minutos de uso continuo con la bater\u00eda de 4,0Ah. Posibilidad de [&hellip;]<\/p>\n","protected":false},"author":7,"featured_media":0,"parent":3150,"menu_order":0,"comment_status":"closed","ping_status":"closed","template":"","meta":{"_acf_changed":false,"footnotes":""},"class_list":["post-2648","page","type-page","status-publish","hentry"],"acf":[],"_links":{"self":[{"href":"https:\/\/j2servid.com\/ca\/wp-json\/wp\/v2\/pages\/2648","targetHints":{"allow":["GET"]}}],"collection":[{"href":"https:\/\/j2servid.com\/ca\/wp-json\/wp\/v2\/pages"}],"about":[{"href":"https:\/\/j2servid.com\/ca\/wp-json\/wp\/v2\/types\/page"}],"author":[{"embeddable":true,"href":"https:\/\/j2servid.com\/ca\/wp-json\/wp\/v2\/users\/7"}],"replies":[{"embeddable":true,"href":"https:\/\/j2servid.com\/ca\/wp-json\/wp\/v2\/comments?post=2648"}],"version-history":[{"count":24,"href":"https:\/\/j2servid.com\/ca\/wp-json\/wp\/v2\/pages\/2648\/revisions"}],"predecessor-version":[{"id":50128,"href":"https:\/\/j2servid.com\/ca\/wp-json\/wp\/v2\/pages\/2648\/revisions\/50128"}],"up":[{"embeddable":true,"href":"https:\/\/j2servid.com\/ca\/wp-json\/wp\/v2\/pages\/3150"}],"wp:attachment":[{"href":"https:\/\/j2servid.com\/ca\/wp-json\/wp\/v2\/media?parent=2648"}],"curies":[{"name":"wp","href":"https:\/\/api.w.org\/{rel}","templated":true}]}}