{"id":6471,"date":"2022-09-08T08:19:33","date_gmt":"2022-09-08T08:19:33","guid":{"rendered":"https:\/\/j2servid.com\/prosmart\/cursos-y-formacion-estiba\/"},"modified":"2025-03-11T12:06:37","modified_gmt":"2025-03-11T12:06:37","slug":"cursos-i-formacio-estiba","status":"publish","type":"page","link":"https:\/\/j2servid.com\/ca\/prosmart\/cursos-i-formacio-estiba\/","title":{"rendered":"Cursos Estiba"},"content":{"rendered":"\t\t<div data-elementor-type=\"wp-page\" data-elementor-id=\"6471\" class=\"elementor elementor-6471 elementor-6185\">\n\t\t\t\t\t\t<section class=\"elementor-section elementor-top-section elementor-element elementor-element-37289d08 elementor-section-boxed elementor-section-height-default elementor-section-height-default\" data-id=\"37289d08\" data-element_type=\"section\" data-e-type=\"section\" data-settings=\"{&quot;jet_parallax_layout_list&quot;:[],&quot;background_background&quot;:&quot;classic&quot;}\">\n\t\t\t\t\t\t<div class=\"elementor-container elementor-column-gap-default\">\n\t\t\t\t\t<div class=\"elementor-column elementor-col-100 elementor-top-column elementor-element elementor-element-42f89cd9\" data-id=\"42f89cd9\" data-element_type=\"column\" data-e-type=\"column\">\n\t\t\t<div class=\"elementor-widget-wrap elementor-element-populated\">\n\t\t\t\t\t\t<div class=\"elementor-element elementor-element-318e4f53 elementor-widget elementor-widget-spacer\" data-id=\"318e4f53\" data-element_type=\"widget\" data-e-type=\"widget\" data-widget_type=\"spacer.default\">\n\t\t\t\t<div class=\"elementor-widget-container\">\n\t\t\t\t\t\t\t<div class=\"elementor-spacer\">\n\t\t\t<div class=\"elementor-spacer-inner\"><\/div>\n\t\t<\/div>\n\t\t\t\t\t\t<\/div>\n\t\t\t\t<\/div>\n\t\t\t\t<div class=\"elementor-element elementor-element-16d9917 elementor-widget elementor-widget-text-editor\" data-id=\"16d9917\" data-element_type=\"widget\" data-e-type=\"widget\" data-widget_type=\"text-editor.default\">\n\t\t\t\t<div class=\"elementor-widget-container\">\n\t\t\t\t\t\t\t\t\t<p>ProSmart<\/p>\n\t\t\t\t\t\t\t\t<\/div>\n\t\t\t\t<\/div>\n\t\t\t\t<div class=\"elementor-element elementor-element-14c05a7 elementor-widget elementor-widget-heading\" data-id=\"14c05a7\" data-element_type=\"widget\" data-e-type=\"widget\" data-widget_type=\"heading.default\">\n\t\t\t\t<div class=\"elementor-widget-container\">\n\t\t\t\t\t<h1 class=\"elementor-heading-title elementor-size-default\">Curso de carga y estiba<\/h1>\t\t\t\t<\/div>\n\t\t\t\t<\/div>\n\t\t\t\t<div class=\"elementor-element elementor-element-2d13122b elementor-widget elementor-widget-spacer\" data-id=\"2d13122b\" data-element_type=\"widget\" data-e-type=\"widget\" data-widget_type=\"spacer.default\">\n\t\t\t\t<div class=\"elementor-widget-container\">\n\t\t\t\t\t\t\t<div class=\"elementor-spacer\">\n\t\t\t<div class=\"elementor-spacer-inner\"><\/div>\n\t\t<\/div>\n\t\t\t\t\t\t<\/div>\n\t\t\t\t<\/div>\n\t\t\t\t\t<\/div>\n\t\t<\/div>\n\t\t\t\t\t<\/div>\n\t\t<\/section>\n\t\t\t\t<section class=\"elementor-section elementor-top-section elementor-element elementor-element-1c98cbcf elementor-section-boxed elementor-section-height-default elementor-section-height-default\" data-id=\"1c98cbcf\" data-element_type=\"section\" data-e-type=\"section\" data-settings=\"{&quot;jet_parallax_layout_list&quot;:[],&quot;background_background&quot;:&quot;classic&quot;}\">\n\t\t\t\t\t\t<div class=\"elementor-container elementor-column-gap-default\">\n\t\t\t\t\t<div class=\"elementor-column elementor-col-100 elementor-top-column elementor-element elementor-element-57e8ae8f\" data-id=\"57e8ae8f\" data-element_type=\"column\" data-e-type=\"column\">\n\t\t\t<div class=\"elementor-widget-wrap elementor-element-populated\">\n\t\t\t\t\t\t<div class=\"elementor-element elementor-element-5bd7146c elementor-widget elementor-widget-spacer\" data-id=\"5bd7146c\" data-element_type=\"widget\" data-e-type=\"widget\" data-widget_type=\"spacer.default\">\n\t\t\t\t<div class=\"elementor-widget-container\">\n\t\t\t\t\t\t\t<div class=\"elementor-spacer\">\n\t\t\t<div class=\"elementor-spacer-inner\"><\/div>\n\t\t<\/div>\n\t\t\t\t\t\t<\/div>\n\t\t\t\t<\/div>\n\t\t\t\t\t<\/div>\n\t\t<\/div>\n\t\t\t\t\t<\/div>\n\t\t<\/section>\n\t\t\t\t<section class=\"elementor-section elementor-top-section elementor-element elementor-element-6141e14a titolpag elementor-section-boxed elementor-section-height-default elementor-section-height-default\" data-id=\"6141e14a\" data-element_type=\"section\" data-e-type=\"section\" data-settings=\"{&quot;jet_parallax_layout_list&quot;:[]}\">\n\t\t\t\t\t\t<div class=\"elementor-container elementor-column-gap-default\">\n\t\t\t\t\t<div class=\"elementor-column elementor-col-100 elementor-top-column elementor-element elementor-element-311e1fa9\" data-id=\"311e1fa9\" data-element_type=\"column\" data-e-type=\"column\">\n\t\t\t<div class=\"elementor-widget-wrap elementor-element-populated\">\n\t\t\t\t\t\t<div class=\"elementor-element elementor-element-3d48fb4 elementor-widget elementor-widget-heading\" data-id=\"3d48fb4\" data-element_type=\"widget\" data-e-type=\"widget\" data-widget_type=\"heading.default\">\n\t\t\t\t<div class=\"elementor-widget-container\">\n\t\t\t\t\t<h2 class=\"elementor-heading-title elementor-size-default\">Cursos de estiba para profesionales<br \/>\nde la carga y transporte<\/h2>\t\t\t\t<\/div>\n\t\t\t\t<\/div>\n\t\t\t\t<div class=\"elementor-element elementor-element-2e92f994 subtitol2 elementor-widget elementor-widget-text-editor\" data-id=\"2e92f994\" data-element_type=\"widget\" data-e-type=\"widget\" data-widget_type=\"text-editor.default\">\n\t\t\t\t<div class=\"elementor-widget-container\">\n\t\t\t\t\t\t\t\t\t<h2>En J2 Servid ofrecemos la formaci\u00f3n necesaria para que sus trabajadores conozcan y estiben la mercanc\u00eda siguiendo las normas europeas<\/h2>\n\t\t\t\t\t\t\t\t<\/div>\n\t\t\t\t<\/div>\n\t\t\t\t<section class=\"elementor-section elementor-inner-section elementor-element elementor-element-bcd896a elementor-section-boxed elementor-section-height-default elementor-section-height-default\" data-id=\"bcd896a\" data-element_type=\"section\" data-e-type=\"section\" data-settings=\"{&quot;jet_parallax_layout_list&quot;:[]}\">\n\t\t\t\t\t\t<div class=\"elementor-container elementor-column-gap-default\">\n\t\t\t\t\t<div class=\"elementor-column elementor-col-50 elementor-inner-column elementor-element elementor-element-6ab1d43\" data-id=\"6ab1d43\" data-element_type=\"column\" data-e-type=\"column\">\n\t\t\t<div class=\"elementor-widget-wrap elementor-element-populated\">\n\t\t\t\t\t\t<div class=\"elementor-element elementor-element-68653a9 llista elementor-widget elementor-widget-text-editor\" data-id=\"68653a9\" data-element_type=\"widget\" data-e-type=\"widget\" data-widget_type=\"text-editor.default\">\n\t\t\t\t<div class=\"elementor-widget-container\">\n\t\t\t\t\t\t\t\t\t<p>Conocer el procedimiento de carga y estiba de las distintas tipolog\u00edas de mercanc\u00edas es un salto cualitativo y recomendable para cualquier empresa de carga y transporte. C\u00f3mo estibar una carga, qu\u00e9 herramientas y EPIs se necesitan o conocer la normativa aplicable y la cadena de responsabilidades s\u00f3lo son algunos de los puntos que todo responsable de carga deber\u00eda conocer.<\/p>\n\t\t\t\t\t\t\t\t<\/div>\n\t\t\t\t<\/div>\n\t\t\t\t\t<\/div>\n\t\t<\/div>\n\t\t\t\t<div class=\"elementor-column elementor-col-50 elementor-inner-column elementor-element elementor-element-8cb0efc\" data-id=\"8cb0efc\" data-element_type=\"column\" data-e-type=\"column\">\n\t\t\t<div class=\"elementor-widget-wrap elementor-element-populated\">\n\t\t\t\t\t\t<div class=\"elementor-element elementor-element-7c51098 llista elementor-widget elementor-widget-text-editor\" data-id=\"7c51098\" data-element_type=\"widget\" data-e-type=\"widget\" data-widget_type=\"text-editor.default\">\n\t\t\t\t<div class=\"elementor-widget-container\">\n\t\t\t\t\t\t\t\t\t<p>Con una amplia experiencia en el sector, y con diferentes profesionales especializados en la estiba y en la formaci\u00f3n, desde J2 Servid ponemos a su servicio cursos de estibador de formaci\u00f3n presencial y\/o online en torno a la estiba de mercanc\u00edas. Sin duda, un extra en la calidad de su servicio como empresa de transporte.<\/p>\n\t\t\t\t\t\t\t\t<\/div>\n\t\t\t\t<\/div>\n\t\t\t\t\t<\/div>\n\t\t<\/div>\n\t\t\t\t\t<\/div>\n\t\t<\/section>\n\t\t\t\t\t<\/div>\n\t\t<\/div>\n\t\t\t\t\t<\/div>\n\t\t<\/section>\n\t\t\t\t<section class=\"elementor-section elementor-top-section elementor-element elementor-element-3deee88 categories elementor-section-boxed elementor-section-height-default elementor-section-height-default\" data-id=\"3deee88\" data-element_type=\"section\" data-e-type=\"section\" data-settings=\"{&quot;jet_parallax_layout_list&quot;:[]}\">\n\t\t\t\t\t\t<div class=\"elementor-container elementor-column-gap-default\">\n\t\t\t\t\t<div class=\"elementor-column elementor-col-50 elementor-top-column elementor-element elementor-element-6fe33be\" data-id=\"6fe33be\" data-element_type=\"column\" data-e-type=\"column\">\n\t\t\t<div class=\"elementor-widget-wrap elementor-element-populated\">\n\t\t\t\t\t\t<div class=\"elementor-element elementor-element-edaccb7 elementor-widget elementor-widget-image\" data-id=\"edaccb7\" data-element_type=\"widget\" data-e-type=\"widget\" data-widget_type=\"image.default\">\n\t\t\t\t<div class=\"elementor-widget-container\">\n\t\t\t\t\t\t\t\t\t\t\t\t\t\t\t<img fetchpriority=\"high\" decoding=\"async\" width=\"600\" height=\"364\" src=\"https:\/\/j2servid.com\/wp-content\/uploads\/2025\/03\/curso-actividades-de-carga-y-estiba.webp\" class=\"attachment-large size-large wp-image-34081\" alt=\"curso-actividades-de-carga-y-estiba\" srcset=\"https:\/\/j2servid.com\/wp-content\/uploads\/2025\/03\/curso-actividades-de-carga-y-estiba.webp 600w, https:\/\/j2servid.com\/wp-content\/uploads\/2025\/03\/curso-actividades-de-carga-y-estiba-300x182.webp 300w\" sizes=\"(max-width: 600px) 100vw, 600px\" \/>\t\t\t\t\t\t\t\t\t\t\t\t\t\t\t<\/div>\n\t\t\t\t<\/div>\n\t\t\t\t\t<\/div>\n\t\t<\/div>\n\t\t\t\t<div class=\"elementor-column elementor-col-50 elementor-top-column elementor-element elementor-element-68e9f9d\" data-id=\"68e9f9d\" data-element_type=\"column\" data-e-type=\"column\">\n\t\t\t<div class=\"elementor-widget-wrap elementor-element-populated\">\n\t\t\t\t\t\t<div class=\"elementor-element elementor-element-fe2eb1e subtitol elementor-widget elementor-widget-text-editor\" data-id=\"fe2eb1e\" data-element_type=\"widget\" data-e-type=\"widget\" data-widget_type=\"text-editor.default\">\n\t\t\t\t<div class=\"elementor-widget-container\">\n\t\t\t\t\t\t\t\t\t<h2>Formaci\u00f3n\u00a0 y cursos personalizado para carga y estiba de mercanc\u00edas<\/h2>\n\t\t\t\t\t\t\t\t<\/div>\n\t\t\t\t<\/div>\n\t\t\t\t<div class=\"elementor-element elementor-element-1723152 elementor-widget elementor-widget-text-editor\" data-id=\"1723152\" data-element_type=\"widget\" data-e-type=\"widget\" data-widget_type=\"text-editor.default\">\n\t\t\t\t<div class=\"elementor-widget-container\">\n\t\t\t\t\t\t\t\t\t<p>El cumplimiento de las normas europeas y la cadena de responsabilidades, no son los \u00fanicos puntos que deber\u00edan preocuparnos durante el transporte mar\u00edtimo de mercanc\u00edas. El hecho de estibar la carga de forma correcta, beneficia a las empresas de transporte, as\u00ed como al cliente final.<\/p>\n<p>Asegurarnos que la carga llega a destino en buen estado y sin estropear, nos ahorrar\u00e1 problemas con el cliente y p\u00e9rdidas econ\u00f3micas. Por todo esto, desde J2 Servid creemos que es m\u00e1s que recomendable que los cargadores tengan la formaci\u00f3n necesaria para la estiba de mercanc\u00edas y su formaci\u00f3n de estibador portuario. Un punto de calidad en su negocio, y en su servicio.<\/p>\n<div>\u00a0<\/div>\n\t\t\t\t\t\t\t\t<\/div>\n\t\t\t\t<\/div>\n\t\t\t\t\t<\/div>\n\t\t<\/div>\n\t\t\t\t\t<\/div>\n\t\t<\/section>\n\t\t\t\t<section class=\"elementor-section elementor-top-section elementor-element elementor-element-94512ab elementor-section-boxed elementor-section-height-default elementor-section-height-default\" data-id=\"94512ab\" data-element_type=\"section\" data-e-type=\"section\" data-settings=\"{&quot;jet_parallax_layout_list&quot;:[]}\">\n\t\t\t\t\t\t<div class=\"elementor-container elementor-column-gap-default\">\n\t\t\t\t\t<div class=\"elementor-column elementor-col-100 elementor-top-column elementor-element elementor-element-ca27d7c\" data-id=\"ca27d7c\" data-element_type=\"column\" data-e-type=\"column\">\n\t\t\t<div class=\"elementor-widget-wrap elementor-element-populated\">\n\t\t\t\t\t\t<div class=\"elementor-element elementor-element-bd7dcdc elementor-widget elementor-widget-spacer\" data-id=\"bd7dcdc\" data-element_type=\"widget\" data-e-type=\"widget\" data-widget_type=\"spacer.default\">\n\t\t\t\t<div class=\"elementor-widget-container\">\n\t\t\t\t\t\t\t<div class=\"elementor-spacer\">\n\t\t\t<div class=\"elementor-spacer-inner\"><\/div>\n\t\t<\/div>\n\t\t\t\t\t\t<\/div>\n\t\t\t\t<\/div>\n\t\t\t\t\t<\/div>\n\t\t<\/div>\n\t\t\t\t\t<\/div>\n\t\t<\/section>\n\t\t\t\t<\/div>\n\t\t","protected":false},"excerpt":{"rendered":"<p>ProSmart Curso de carga y estiba Cursos de estiba para profesionales de la carga y transporte En J2 Servid ofrecemos la formaci\u00f3n necesaria para que sus trabajadores conozcan y estiben la mercanc\u00eda siguiendo las normas europeas Conocer el procedimiento de carga y estiba de las distintas tipolog\u00edas de mercanc\u00edas es un salto cualitativo y recomendable [&hellip;]<\/p>\n","protected":false},"author":7,"featured_media":0,"parent":2672,"menu_order":0,"comment_status":"closed","ping_status":"closed","template":"","meta":{"_acf_changed":false,"footnotes":""},"class_list":["post-6471","page","type-page","status-publish","hentry"],"acf":[],"_links":{"self":[{"href":"https:\/\/j2servid.com\/ca\/wp-json\/wp\/v2\/pages\/6471","targetHints":{"allow":["GET"]}}],"collection":[{"href":"https:\/\/j2servid.com\/ca\/wp-json\/wp\/v2\/pages"}],"about":[{"href":"https:\/\/j2servid.com\/ca\/wp-json\/wp\/v2\/types\/page"}],"author":[{"embeddable":true,"href":"https:\/\/j2servid.com\/ca\/wp-json\/wp\/v2\/users\/7"}],"replies":[{"embeddable":true,"href":"https:\/\/j2servid.com\/ca\/wp-json\/wp\/v2\/comments?post=6471"}],"version-history":[{"count":24,"href":"https:\/\/j2servid.com\/ca\/wp-json\/wp\/v2\/pages\/6471\/revisions"}],"predecessor-version":[{"id":34087,"href":"https:\/\/j2servid.com\/ca\/wp-json\/wp\/v2\/pages\/6471\/revisions\/34087"}],"up":[{"embeddable":true,"href":"https:\/\/j2servid.com\/ca\/wp-json\/wp\/v2\/pages\/2672"}],"wp:attachment":[{"href":"https:\/\/j2servid.com\/ca\/wp-json\/wp\/v2\/media?parent=6471"}],"curies":[{"name":"wp","href":"https:\/\/api.w.org\/{rel}","templated":true}]}}