{"id":6487,"date":"2022-09-08T09:07:38","date_gmt":"2022-09-08T09:07:38","guid":{"rendered":"https:\/\/j2servid.com\/prosmart\/prosmart-creacion-fichas-estiba\/"},"modified":"2025-01-10T10:12:58","modified_gmt":"2025-01-10T10:12:58","slug":"creacio-fitxes-estiba","status":"publish","type":"page","link":"https:\/\/j2servid.com\/ca\/prosmart\/creacio-fitxes-estiba\/","title":{"rendered":"Creaci\u00f3 Fitxes Estiba"},"content":{"rendered":"\t\t<div data-elementor-type=\"wp-page\" data-elementor-id=\"6487\" class=\"elementor elementor-6487 elementor-6299\">\n\t\t\t\t\t\t<section class=\"elementor-section elementor-top-section elementor-element elementor-element-37289d08 elementor-section-boxed elementor-section-height-default elementor-section-height-default\" data-id=\"37289d08\" data-element_type=\"section\" data-e-type=\"section\" data-settings=\"{&quot;jet_parallax_layout_list&quot;:[],&quot;background_background&quot;:&quot;classic&quot;}\">\n\t\t\t\t\t\t<div class=\"elementor-container elementor-column-gap-default\">\n\t\t\t\t\t<div class=\"elementor-column elementor-col-100 elementor-top-column elementor-element elementor-element-42f89cd9\" data-id=\"42f89cd9\" data-element_type=\"column\" data-e-type=\"column\">\n\t\t\t<div class=\"elementor-widget-wrap elementor-element-populated\">\n\t\t\t\t\t\t<div class=\"elementor-element elementor-element-318e4f53 elementor-widget elementor-widget-spacer\" data-id=\"318e4f53\" data-element_type=\"widget\" data-e-type=\"widget\" data-widget_type=\"spacer.default\">\n\t\t\t\t<div class=\"elementor-widget-container\">\n\t\t\t\t\t\t\t<div class=\"elementor-spacer\">\n\t\t\t<div class=\"elementor-spacer-inner\"><\/div>\n\t\t<\/div>\n\t\t\t\t\t\t<\/div>\n\t\t\t\t<\/div>\n\t\t\t\t<div class=\"elementor-element elementor-element-16d9917 elementor-widget elementor-widget-text-editor\" data-id=\"16d9917\" data-element_type=\"widget\" data-e-type=\"widget\" data-widget_type=\"text-editor.default\">\n\t\t\t\t<div class=\"elementor-widget-container\">\n\t\t\t\t\t\t\t\t\tProSmart\t\t\t\t\t\t\t\t<\/div>\n\t\t\t\t<\/div>\n\t\t\t\t<div class=\"elementor-element elementor-element-2d13122b elementor-widget elementor-widget-spacer\" data-id=\"2d13122b\" data-element_type=\"widget\" data-e-type=\"widget\" data-widget_type=\"spacer.default\">\n\t\t\t\t<div class=\"elementor-widget-container\">\n\t\t\t\t\t\t\t<div class=\"elementor-spacer\">\n\t\t\t<div class=\"elementor-spacer-inner\"><\/div>\n\t\t<\/div>\n\t\t\t\t\t\t<\/div>\n\t\t\t\t<\/div>\n\t\t\t\t<div class=\"elementor-element elementor-element-1ea8b5e elementor-absolute elementor-hidden-tablet elementor-hidden-mobile elementor-widget elementor-widget-image\" data-id=\"1ea8b5e\" data-element_type=\"widget\" data-e-type=\"widget\" data-settings=\"{&quot;_position&quot;:&quot;absolute&quot;}\" data-widget_type=\"image.default\">\n\t\t\t\t<div class=\"elementor-widget-container\">\n\t\t\t\t\t\t\t\t\t\t\t\t\t\t\t<img decoding=\"async\" src=\"https:\/\/j2servid.com\/wp-content\/uploads\/elementor\/thumbs\/ProSmart-pozlyest6ln3woii37cgt2odbisqfs00g83gimyy9s.png\" title=\"ProSmart\" alt=\"ProSmart\" loading=\"lazy\" \/>\t\t\t\t\t\t\t\t\t\t\t\t\t\t\t<\/div>\n\t\t\t\t<\/div>\n\t\t\t\t<div class=\"elementor-element elementor-element-8405a0a elementor-absolute elementor-hidden-desktop elementor-widget elementor-widget-image\" data-id=\"8405a0a\" data-element_type=\"widget\" data-e-type=\"widget\" data-settings=\"{&quot;_position&quot;:&quot;absolute&quot;}\" data-widget_type=\"image.default\">\n\t\t\t\t<div class=\"elementor-widget-container\">\n\t\t\t\t\t\t\t\t\t\t\t\t\t\t\t<img decoding=\"async\" src=\"https:\/\/j2servid.com\/wp-content\/uploads\/elementor\/thumbs\/ProSmart-pozlyest6lmpl2di1y9qu3ld1tvsjnm6ms8z3kehhc.png\" title=\"ProSmart\" alt=\"ProSmart\" loading=\"lazy\" \/>\t\t\t\t\t\t\t\t\t\t\t\t\t\t\t<\/div>\n\t\t\t\t<\/div>\n\t\t\t\t\t<\/div>\n\t\t<\/div>\n\t\t\t\t\t<\/div>\n\t\t<\/section>\n\t\t\t\t<section class=\"elementor-section elementor-top-section elementor-element elementor-element-1c98cbcf elementor-section-boxed elementor-section-height-default elementor-section-height-default\" data-id=\"1c98cbcf\" data-element_type=\"section\" data-e-type=\"section\" data-settings=\"{&quot;jet_parallax_layout_list&quot;:[],&quot;background_background&quot;:&quot;classic&quot;}\">\n\t\t\t\t\t\t<div class=\"elementor-container elementor-column-gap-default\">\n\t\t\t\t\t<div class=\"elementor-column elementor-col-100 elementor-top-column elementor-element elementor-element-57e8ae8f\" data-id=\"57e8ae8f\" data-element_type=\"column\" data-e-type=\"column\">\n\t\t\t<div class=\"elementor-widget-wrap elementor-element-populated\">\n\t\t\t\t\t\t<div class=\"elementor-element elementor-element-5bd7146c elementor-widget elementor-widget-spacer\" data-id=\"5bd7146c\" data-element_type=\"widget\" data-e-type=\"widget\" data-widget_type=\"spacer.default\">\n\t\t\t\t<div class=\"elementor-widget-container\">\n\t\t\t\t\t\t\t<div class=\"elementor-spacer\">\n\t\t\t<div class=\"elementor-spacer-inner\"><\/div>\n\t\t<\/div>\n\t\t\t\t\t\t<\/div>\n\t\t\t\t<\/div>\n\t\t\t\t\t<\/div>\n\t\t<\/div>\n\t\t\t\t\t<\/div>\n\t\t<\/section>\n\t\t\t\t<section class=\"elementor-section elementor-top-section elementor-element elementor-element-6141e14a titolpag elementor-section-boxed elementor-section-height-default elementor-section-height-default\" data-id=\"6141e14a\" data-element_type=\"section\" data-e-type=\"section\" data-settings=\"{&quot;jet_parallax_layout_list&quot;:[]}\">\n\t\t\t\t\t\t<div class=\"elementor-container elementor-column-gap-default\">\n\t\t\t\t\t<div class=\"elementor-column elementor-col-100 elementor-top-column elementor-element elementor-element-311e1fa9\" data-id=\"311e1fa9\" data-element_type=\"column\" data-e-type=\"column\">\n\t\t\t<div class=\"elementor-widget-wrap elementor-element-populated\">\n\t\t\t\t\t\t<div class=\"elementor-element elementor-element-426acfa2 elementor-widget elementor-widget-text-editor\" data-id=\"426acfa2\" data-element_type=\"widget\" data-e-type=\"widget\" data-widget_type=\"text-editor.default\">\n\t\t\t\t<div class=\"elementor-widget-container\">\n\t\t\t\t\t\t\t\t\t<h1>Creaci\u00f3 de Fitxes d&#8217;Estiba<\/h1>\t\t\t\t\t\t\t\t<\/div>\n\t\t\t\t<\/div>\n\t\t\t\t<div class=\"elementor-element elementor-element-2e92f994 subtitol2 elementor-widget elementor-widget-text-editor\" data-id=\"2e92f994\" data-element_type=\"widget\" data-e-type=\"widget\" data-widget_type=\"text-editor.default\">\n\t\t\t\t<div class=\"elementor-widget-container\">\n\t\t\t\t\t\t\t\t\t<h2>Creaci\u00f3 de fitxes d&#8217;estiba europees per a una c\u00e0rrega 100% professional<\/h2>\t\t\t\t\t\t\t\t<\/div>\n\t\t\t\t<\/div>\n\t\t\t\t<section class=\"elementor-section elementor-inner-section elementor-element elementor-element-bcd896a elementor-section-boxed elementor-section-height-default elementor-section-height-default\" data-id=\"bcd896a\" data-element_type=\"section\" data-e-type=\"section\" data-settings=\"{&quot;jet_parallax_layout_list&quot;:[]}\">\n\t\t\t\t\t\t<div class=\"elementor-container elementor-column-gap-default\">\n\t\t\t\t\t<div class=\"elementor-column elementor-col-50 elementor-inner-column elementor-element elementor-element-6ab1d43\" data-id=\"6ab1d43\" data-element_type=\"column\" data-e-type=\"column\">\n\t\t\t<div class=\"elementor-widget-wrap elementor-element-populated\">\n\t\t\t\t\t\t<div class=\"elementor-element elementor-element-68653a9 llista elementor-widget elementor-widget-text-editor\" data-id=\"68653a9\" data-element_type=\"widget\" data-e-type=\"widget\" data-widget_type=\"text-editor.default\">\n\t\t\t\t<div class=\"elementor-widget-container\">\n\t\t\t\t\t\t\t\t\t<p>La Directiva 2014\/47\/UE, relativa a les inspeccions t\u00e8cniques a la carretera de vehicles comercials que circulen a la Uni\u00f3, neix amb la finalitat de millorar les condicions de seguretat a les vies de tr\u00e0nsit de la Uni\u00f3 Europea.<\/p><p>Aquesta, es trasposa a Espanya mitjan\u00e7ant el RD 563\/2017, de 2 de juny, establint les normes t\u00e8cniques que hem de seguir per fer una correcta estiba, subjecci\u00f3 i embalatge de la mercaderia.<\/p><p>Per complir correctament les dues normatives, les eurofitxes d&#8217;estiba s\u00f3n el document estandarditzat i registrat que reflecteix com estibar cada tipus de c\u00e0rrega.<\/p>\t\t\t\t\t\t\t\t<\/div>\n\t\t\t\t<\/div>\n\t\t\t\t\t<\/div>\n\t\t<\/div>\n\t\t\t\t<div class=\"elementor-column elementor-col-50 elementor-inner-column elementor-element elementor-element-b2e1dec\" data-id=\"b2e1dec\" data-element_type=\"column\" data-e-type=\"column\">\n\t\t\t<div class=\"elementor-widget-wrap elementor-element-populated\">\n\t\t\t\t\t\t<div class=\"elementor-element elementor-element-642e2ff llista elementor-widget elementor-widget-text-editor\" data-id=\"642e2ff\" data-element_type=\"widget\" data-e-type=\"widget\" data-widget_type=\"text-editor.default\">\n\t\t\t\t<div class=\"elementor-widget-container\">\n\t\t\t\t\t\t\t\t\t<p>Aquestes fitxes han d&#8217;estar signades i homologades per EUMOS amb un codi de tra\u00e7abilitat que en garanteix la validesa i l&#8217;autenticitat.<\/p><p>A J2 Servid comptem amb les garanties que les nostres fitxes d&#8217;estiba compleixen tots els requisits abans esmentats, per la qual cosa s\u00f3n 100% aut\u00e8ntiques.<\/p>\t\t\t\t\t\t\t\t<\/div>\n\t\t\t\t<\/div>\n\t\t\t\t\t<\/div>\n\t\t<\/div>\n\t\t\t\t\t<\/div>\n\t\t<\/section>\n\t\t\t\t\t<\/div>\n\t\t<\/div>\n\t\t\t\t\t<\/div>\n\t\t<\/section>\n\t\t\t\t<section class=\"elementor-section elementor-top-section elementor-element elementor-element-3deee88 categories elementor-section-boxed elementor-section-height-default elementor-section-height-default\" data-id=\"3deee88\" data-element_type=\"section\" data-e-type=\"section\" data-settings=\"{&quot;jet_parallax_layout_list&quot;:[]}\">\n\t\t\t\t\t\t<div class=\"elementor-container elementor-column-gap-default\">\n\t\t\t\t\t<div class=\"elementor-column elementor-col-50 elementor-top-column elementor-element elementor-element-6fe33be\" data-id=\"6fe33be\" data-element_type=\"column\" data-e-type=\"column\">\n\t\t\t<div class=\"elementor-widget-wrap elementor-element-populated\">\n\t\t\t\t\t\t<div class=\"elementor-element elementor-element-edaccb7 elementor-widget elementor-widget-image\" data-id=\"edaccb7\" data-element_type=\"widget\" data-e-type=\"widget\" data-widget_type=\"image.default\">\n\t\t\t\t<div class=\"elementor-widget-container\">\n\t\t\t\t\t\t\t\t\t\t\t\t\t\t\t<img fetchpriority=\"high\" decoding=\"async\" width=\"650\" height=\"502\" src=\"https:\/\/j2servid.com\/wp-content\/uploads\/2022\/09\/J2-SERVID-ProSmart-003.jpg\" class=\"attachment-large size-large wp-image-6302\" alt=\"metodos sujecion cargas\" srcset=\"https:\/\/j2servid.com\/wp-content\/uploads\/2022\/09\/J2-SERVID-ProSmart-003.jpg 650w, https:\/\/j2servid.com\/wp-content\/uploads\/2022\/09\/J2-SERVID-ProSmart-003-300x232.jpg 300w\" sizes=\"(max-width: 650px) 100vw, 650px\" \/>\t\t\t\t\t\t\t\t\t\t\t\t\t\t\t<\/div>\n\t\t\t\t<\/div>\n\t\t\t\t\t<\/div>\n\t\t<\/div>\n\t\t\t\t<div class=\"elementor-column elementor-col-50 elementor-top-column elementor-element elementor-element-68e9f9d\" data-id=\"68e9f9d\" data-element_type=\"column\" data-e-type=\"column\">\n\t\t\t<div class=\"elementor-widget-wrap elementor-element-populated\">\n\t\t\t\t\t\t<div class=\"elementor-element elementor-element-fe2eb1e subtitol elementor-widget elementor-widget-text-editor\" data-id=\"fe2eb1e\" data-element_type=\"widget\" data-e-type=\"widget\" data-widget_type=\"text-editor.default\">\n\t\t\t\t<div class=\"elementor-widget-container\">\n\t\t\t\t\t\t\t\t\t<h2>Qu\u00e8 ha de tenir una fitxa d&#8217;estiba?<\/h2>\t\t\t\t\t\t\t\t<\/div>\n\t\t\t\t<\/div>\n\t\t\t\t<div class=\"elementor-element elementor-element-1723152 elementor-widget elementor-widget-text-editor\" data-id=\"1723152\" data-element_type=\"widget\" data-e-type=\"widget\" data-widget_type=\"text-editor.default\">\n\t\t\t\t<div class=\"elementor-widget-container\">\n\t\t\t\t\t\t\t\t\t<p>Una part t\u00e8cnica (anvers), amb vista a la c\u00e0rrega, t\u00e8cnica recomanada, \u00fatils a emprar, una taula amb c\u00e0lculs fets amb el nombre o caracter\u00edstiques dels amarratges a utilitzar, i un codi de tra\u00e7abilitat per verificar la validesa de la fitxa, ja que, les fitxes HDZ formen part de la base de dades de fitxes m\u00e9s gran del m\u00f3n i no tenen imitaci\u00f3.<\/p>\t\t\t\t\t\t\t\t<\/div>\n\t\t\t\t<\/div>\n\t\t\t\t\t<\/div>\n\t\t<\/div>\n\t\t\t\t\t<\/div>\n\t\t<\/section>\n\t\t\t\t<section class=\"elementor-section elementor-top-section elementor-element elementor-element-94512ab elementor-section-boxed elementor-section-height-default elementor-section-height-default\" data-id=\"94512ab\" data-element_type=\"section\" data-e-type=\"section\" data-settings=\"{&quot;jet_parallax_layout_list&quot;:[]}\">\n\t\t\t\t\t\t<div class=\"elementor-container elementor-column-gap-default\">\n\t\t\t\t\t<div class=\"elementor-column elementor-col-100 elementor-top-column elementor-element elementor-element-ca27d7c\" data-id=\"ca27d7c\" data-element_type=\"column\" data-e-type=\"column\">\n\t\t\t<div class=\"elementor-widget-wrap elementor-element-populated\">\n\t\t\t\t\t\t<div class=\"elementor-element elementor-element-bd7dcdc elementor-widget elementor-widget-spacer\" data-id=\"bd7dcdc\" data-element_type=\"widget\" data-e-type=\"widget\" data-widget_type=\"spacer.default\">\n\t\t\t\t<div class=\"elementor-widget-container\">\n\t\t\t\t\t\t\t<div class=\"elementor-spacer\">\n\t\t\t<div class=\"elementor-spacer-inner\"><\/div>\n\t\t<\/div>\n\t\t\t\t\t\t<\/div>\n\t\t\t\t<\/div>\n\t\t\t\t\t<\/div>\n\t\t<\/div>\n\t\t\t\t\t<\/div>\n\t\t<\/section>\n\t\t\t\t<\/div>\n\t\t","protected":false},"excerpt":{"rendered":"<p>ProSmart Creaci\u00f3 de Fitxes d&#8217;Estiba Creaci\u00f3 de fitxes d&#8217;estiba europees per a una c\u00e0rrega 100% professional La Directiva 2014\/47\/UE, relativa a les inspeccions t\u00e8cniques a la carretera de vehicles comercials que circulen a la Uni\u00f3, neix amb la finalitat de millorar les condicions de seguretat a les vies de tr\u00e0nsit de la Uni\u00f3 Europea. Aquesta, [&hellip;]<\/p>\n","protected":false},"author":7,"featured_media":0,"parent":2672,"menu_order":0,"comment_status":"closed","ping_status":"closed","template":"","meta":{"_acf_changed":false,"footnotes":""},"class_list":["post-6487","page","type-page","status-publish","hentry"],"acf":[],"_links":{"self":[{"href":"https:\/\/j2servid.com\/ca\/wp-json\/wp\/v2\/pages\/6487","targetHints":{"allow":["GET"]}}],"collection":[{"href":"https:\/\/j2servid.com\/ca\/wp-json\/wp\/v2\/pages"}],"about":[{"href":"https:\/\/j2servid.com\/ca\/wp-json\/wp\/v2\/types\/page"}],"author":[{"embeddable":true,"href":"https:\/\/j2servid.com\/ca\/wp-json\/wp\/v2\/users\/7"}],"replies":[{"embeddable":true,"href":"https:\/\/j2servid.com\/ca\/wp-json\/wp\/v2\/comments?post=6487"}],"version-history":[{"count":77,"href":"https:\/\/j2servid.com\/ca\/wp-json\/wp\/v2\/pages\/6487\/revisions"}],"predecessor-version":[{"id":27336,"href":"https:\/\/j2servid.com\/ca\/wp-json\/wp\/v2\/pages\/6487\/revisions\/27336"}],"up":[{"embeddable":true,"href":"https:\/\/j2servid.com\/ca\/wp-json\/wp\/v2\/pages\/2672"}],"wp:attachment":[{"href":"https:\/\/j2servid.com\/ca\/wp-json\/wp\/v2\/media?parent=6487"}],"curies":[{"name":"wp","href":"https:\/\/api.w.org\/{rel}","templated":true}]}}