{"id":7068,"date":"2022-10-24T10:32:45","date_gmt":"2022-10-24T10:32:45","guid":{"rendered":"https:\/\/j2servid.com\/?page_id=7068"},"modified":"2023-06-22T04:56:25","modified_gmt":"2023-06-22T04:56:25","slug":"smart-guide","status":"publish","type":"page","link":"https:\/\/j2servid.com\/ca\/prosmart\/smart-guide\/","title":{"rendered":"Smart Guide"},"content":{"rendered":"\t\t<div data-elementor-type=\"wp-page\" data-elementor-id=\"7068\" class=\"elementor elementor-7068\">\n\t\t\t\t\t\t<section class=\"elementor-section elementor-top-section elementor-element elementor-element-1780e10 elementor-section-boxed elementor-section-height-default elementor-section-height-default\" data-id=\"1780e10\" data-element_type=\"section\" data-e-type=\"section\" data-settings=\"{&quot;jet_parallax_layout_list&quot;:[],&quot;background_background&quot;:&quot;classic&quot;}\">\n\t\t\t\t\t\t<div class=\"elementor-container elementor-column-gap-default\">\n\t\t\t\t\t<div class=\"elementor-column elementor-col-100 elementor-top-column elementor-element elementor-element-95b2d09\" data-id=\"95b2d09\" data-element_type=\"column\" data-e-type=\"column\">\n\t\t\t<div class=\"elementor-widget-wrap elementor-element-populated\">\n\t\t\t\t\t\t<div class=\"elementor-element elementor-element-a0d1be4 elementor-widget elementor-widget-spacer\" data-id=\"a0d1be4\" data-element_type=\"widget\" data-e-type=\"widget\" data-widget_type=\"spacer.default\">\n\t\t\t\t<div class=\"elementor-widget-container\">\n\t\t\t\t\t\t\t<div class=\"elementor-spacer\">\n\t\t\t<div class=\"elementor-spacer-inner\"><\/div>\n\t\t<\/div>\n\t\t\t\t\t\t<\/div>\n\t\t\t\t<\/div>\n\t\t\t\t<div class=\"elementor-element elementor-element-b2f97d0 elementor-widget elementor-widget-shortcode\" data-id=\"b2f97d0\" data-element_type=\"widget\" data-e-type=\"widget\" data-widget_type=\"shortcode.default\">\n\t\t\t\t<div class=\"elementor-widget-container\">\n\t\t\t\t\t\t\t<div class=\"elementor-shortcode\"><nav aria-label=\"breadcrumbs\" class=\"rank-math-breadcrumb\"><p><span class=\"last\">Protecci\u00f3 de mercaderies<\/span><\/p><\/nav><\/div>\n\t\t\t\t\t\t<\/div>\n\t\t\t\t<\/div>\n\t\t\t\t<div class=\"elementor-element elementor-element-6f94bef elementor-widget elementor-widget-text-editor\" data-id=\"6f94bef\" data-element_type=\"widget\" data-e-type=\"widget\" data-widget_type=\"text-editor.default\">\n\t\t\t\t<div class=\"elementor-widget-container\">\n\t\t\t\t\t\t\t\t\t<p>Smart Guide<\/p>\t\t\t\t\t\t\t\t<\/div>\n\t\t\t\t<\/div>\n\t\t\t\t<div class=\"elementor-element elementor-element-549d511 elementor-absolute elementor-widget elementor-widget-image\" data-id=\"549d511\" data-element_type=\"widget\" data-e-type=\"widget\" data-settings=\"{&quot;_position&quot;:&quot;absolute&quot;}\" data-widget_type=\"image.default\">\n\t\t\t\t<div class=\"elementor-widget-container\">\n\t\t\t\t\t\t\t\t\t\t\t\t\t\t\t<img fetchpriority=\"high\" decoding=\"async\" width=\"600\" height=\"384\" src=\"https:\/\/j2servid.com\/wp-content\/uploads\/2023\/05\/ProSmart-Smart-Guide-.png\" class=\"attachment-large size-large wp-image-10593\" alt=\"\" srcset=\"https:\/\/j2servid.com\/wp-content\/uploads\/2023\/05\/ProSmart-Smart-Guide-.png 600w, https:\/\/j2servid.com\/wp-content\/uploads\/2023\/05\/ProSmart-Smart-Guide--300x192.png 300w\" sizes=\"(max-width: 600px) 100vw, 600px\" \/>\t\t\t\t\t\t\t\t\t\t\t\t\t\t\t<\/div>\n\t\t\t\t<\/div>\n\t\t\t\t<div class=\"elementor-element elementor-element-5f9c0ec elementor-widget elementor-widget-spacer\" data-id=\"5f9c0ec\" data-element_type=\"widget\" data-e-type=\"widget\" data-widget_type=\"spacer.default\">\n\t\t\t\t<div class=\"elementor-widget-container\">\n\t\t\t\t\t\t\t<div class=\"elementor-spacer\">\n\t\t\t<div class=\"elementor-spacer-inner\"><\/div>\n\t\t<\/div>\n\t\t\t\t\t\t<\/div>\n\t\t\t\t<\/div>\n\t\t\t\t\t<\/div>\n\t\t<\/div>\n\t\t\t\t\t<\/div>\n\t\t<\/section>\n\t\t\t\t<section class=\"elementor-section elementor-top-section elementor-element elementor-element-1c98cbcf elementor-section-boxed elementor-section-height-default elementor-section-height-default\" data-id=\"1c98cbcf\" data-element_type=\"section\" data-e-type=\"section\" data-settings=\"{&quot;jet_parallax_layout_list&quot;:[],&quot;background_background&quot;:&quot;classic&quot;}\">\n\t\t\t\t\t\t<div class=\"elementor-container elementor-column-gap-default\">\n\t\t\t\t\t<div class=\"elementor-column elementor-col-100 elementor-top-column elementor-element elementor-element-57e8ae8f\" data-id=\"57e8ae8f\" data-element_type=\"column\" data-e-type=\"column\">\n\t\t\t<div class=\"elementor-widget-wrap elementor-element-populated\">\n\t\t\t\t\t\t<div class=\"elementor-element elementor-element-5bd7146c elementor-widget elementor-widget-spacer\" data-id=\"5bd7146c\" data-element_type=\"widget\" data-e-type=\"widget\" data-widget_type=\"spacer.default\">\n\t\t\t\t<div class=\"elementor-widget-container\">\n\t\t\t\t\t\t\t<div class=\"elementor-spacer\">\n\t\t\t<div class=\"elementor-spacer-inner\"><\/div>\n\t\t<\/div>\n\t\t\t\t\t\t<\/div>\n\t\t\t\t<\/div>\n\t\t\t\t\t<\/div>\n\t\t<\/div>\n\t\t\t\t\t<\/div>\n\t\t<\/section>\n\t\t\t\t<section class=\"elementor-section elementor-top-section elementor-element elementor-element-e1f3b58 titolpag elementor-section-boxed elementor-section-height-default elementor-section-height-default\" data-id=\"e1f3b58\" data-element_type=\"section\" data-e-type=\"section\" data-settings=\"{&quot;jet_parallax_layout_list&quot;:[]}\">\n\t\t\t\t\t\t<div class=\"elementor-container elementor-column-gap-default\">\n\t\t\t\t\t<div class=\"elementor-column elementor-col-100 elementor-top-column elementor-element elementor-element-74f87b5\" data-id=\"74f87b5\" data-element_type=\"column\" data-e-type=\"column\">\n\t\t\t<div class=\"elementor-widget-wrap elementor-element-populated\">\n\t\t\t\t\t\t<div class=\"elementor-element elementor-element-2a5f177 elementor-widget elementor-widget-text-editor\" data-id=\"2a5f177\" data-element_type=\"widget\" data-e-type=\"widget\" data-widget_type=\"text-editor.default\">\n\t\t\t\t<div class=\"elementor-widget-container\">\n\t\t\t\t\t\t\t\t\t<h2>La primera guia intel\u00b7ligent<br>de Estiba en contenidor<\/h2>\t\t\t\t\t\t\t\t<\/div>\n\t\t\t\t<\/div>\n\t\t\t\t<div class=\"elementor-element elementor-element-93d25f9 elementor-widget__width-initial elementor-widget elementor-widget-text-editor\" data-id=\"93d25f9\" data-element_type=\"widget\" data-e-type=\"widget\" data-widget_type=\"text-editor.default\">\n\t\t\t\t<div class=\"elementor-widget-container\">\n\t\t\t\t\t\t\t\t\t<p>A J2servid hem creat la primera Smart Guide d&#8217;estiba en contenidor. Es tracta d&#8217;una guia intel\u00b7ligent, interactiva, plena de v\u00eddeos i enlla\u00e7os que contenen tota mena d&#8217;informacions sobre estris d&#8217;estiba, t\u00e8cniques, c\u00e0lculs, normatives o responsabilitats, imprescindible per adaptar-se a les darreres modificacions i normatives del nou RD 03\/2022, i que serveix per aprendre tot all\u00f2 necessari per estibar mercaderies en contenidor mar\u00edtim d&#8217;una manera segura, eficient i professional.<\/p><p>Quan escrivim aquesta Smart guide d&#8217;estiba en contenidor pensem en tots aquells professionals que durant aquests darrers 30 anys ens han sol\u00b7licitat recomanacions, c\u00e0lculs, estris i t\u00e8cniques d&#8217;estiba existents al mercat, com evitar danys a les seves mercaderies, optimitzaci\u00f3 de costos, fitxes de estiba, normatives aplicables, responsabilitats del carregador\/transportista, temes legals, &#8230; i aix\u00f2 ens va emp\u00e8nyer a crear aquesta guia interactiva on hem intentat plasmar tota aquesta informaci\u00f3 d&#8217;ajuda per a tots aquells que senten passi\u00f3 per la log\u00edstica i el transport, i sobretot per ajudar a posar el nostre granet de sorra a la seguretat de les c\u00e0rregues i aix\u00ed evitar danys i accidents durant el transport.<\/p><p>La idea de fer aquesta guia interactiva i en format on-line, \u00e9s perqu\u00e8 volem que estigui sempre actualitzada (canvis de normatives, nous estris d&#8217;estiba, temes legals, &#8230;)<\/p><p>La guia ha estat redactada pel nostre director Carles Font, juntament amb Eva Maria Hern\u00e1ndez Ramos i Carlos Hern\u00e1ndez Barrueco, directors d&#8217;EILO\u00ae<\/p><p><strong>Aconsegueix l&#8217;acc\u00e9s al teu SmartGuide gratu\u00eft i sense cap comprom\u00eds registrant-te al formulari adjunt.<\/strong><\/p>\t\t\t\t\t\t\t\t<\/div>\n\t\t\t\t<\/div>\n\t\t\t\t\t<\/div>\n\t\t<\/div>\n\t\t\t\t\t<\/div>\n\t\t<\/section>\n\t\t\t\t<section class=\"elementor-section elementor-top-section elementor-element elementor-element-06da558 fonsgris elementor-section-boxed elementor-section-height-default elementor-section-height-default\" data-id=\"06da558\" data-element_type=\"section\" data-e-type=\"section\" data-settings=\"{&quot;jet_parallax_layout_list&quot;:[],&quot;background_background&quot;:&quot;classic&quot;}\">\n\t\t\t\t\t\t<div class=\"elementor-container elementor-column-gap-default\">\n\t\t\t\t\t<div class=\"elementor-column elementor-col-50 elementor-top-column elementor-element elementor-element-d4828b4\" data-id=\"d4828b4\" data-element_type=\"column\" data-e-type=\"column\">\n\t\t\t<div class=\"elementor-widget-wrap elementor-element-populated\">\n\t\t\t\t\t\t<div class=\"elementor-element elementor-element-d4977e0 elementor-widget elementor-widget-video\" data-id=\"d4977e0\" data-element_type=\"widget\" data-e-type=\"widget\" data-settings=\"{&quot;youtube_url&quot;:&quot;https:\\\/\\\/youtu.be\\\/QLbr7ws8Ss4&quot;,&quot;autoplay&quot;:&quot;yes&quot;,&quot;mute&quot;:&quot;yes&quot;,&quot;loop&quot;:&quot;yes&quot;,&quot;video_type&quot;:&quot;youtube&quot;,&quot;controls&quot;:&quot;yes&quot;}\" data-widget_type=\"video.default\">\n\t\t\t\t<div class=\"elementor-widget-container\">\n\t\t\t\t\t\t\t<div class=\"elementor-wrapper elementor-open-inline\">\n\t\t\t<div class=\"elementor-video\"><\/div>\t\t<\/div>\n\t\t\t\t\t\t<\/div>\n\t\t\t\t<\/div>\n\t\t\t\t\t<\/div>\n\t\t<\/div>\n\t\t\t\t<div class=\"elementor-column elementor-col-50 elementor-top-column elementor-element elementor-element-3a3ce94\" data-id=\"3a3ce94\" data-element_type=\"column\" data-e-type=\"column\">\n\t\t\t<div class=\"elementor-widget-wrap elementor-element-populated\">\n\t\t\t\t\t\t<div class=\"elementor-element elementor-element-919a4d3 elementor-widget elementor-widget-text-editor\" data-id=\"919a4d3\" data-element_type=\"widget\" data-e-type=\"widget\" data-widget_type=\"text-editor.default\">\n\t\t\t\t<div class=\"elementor-widget-container\">\n\t\t\t\t\t\t\t\t\tLa Gu\u00eda J2 Smart Guide inclou:\t\t\t\t\t\t\t\t<\/div>\n\t\t\t\t<\/div>\n\t\t\t\t<div class=\"elementor-element elementor-element-682ea78 elementor-widget elementor-widget-text-editor\" data-id=\"682ea78\" data-element_type=\"widget\" data-e-type=\"widget\" data-widget_type=\"text-editor.default\">\n\t\t\t\t<div class=\"elementor-widget-container\">\n\t\t\t\t\t\t\t\t\t<p>\u00b7 Introducci\u00f3 al contenidor<br \/>\u00b7 Utillatges d&#8217;Estiba per categoria<br \/>\u00b7 Normativa, responsabilitats, contractes i condicions<br \/>\u00b7 \u00das de la fusta al contenidor<br \/>\u00b7 Gesti\u00f3 de desperfectes i reclamacions<br \/>\u00b7 Fitxes d&#8217;estiba europees mab exemples de c\u00e0rregues.<\/p>\t\t\t\t\t\t\t\t<\/div>\n\t\t\t\t<\/div>\n\t\t\t\t\t<\/div>\n\t\t<\/div>\n\t\t\t\t\t<\/div>\n\t\t<\/section>\n\t\t\t\t<section class=\"elementor-section elementor-top-section elementor-element elementor-element-ffa95a0 elementor-hidden-mobile elementor-section-boxed elementor-section-height-default elementor-section-height-default\" data-id=\"ffa95a0\" data-element_type=\"section\" data-e-type=\"section\" data-settings=\"{&quot;jet_parallax_layout_list&quot;:[],&quot;background_background&quot;:&quot;classic&quot;}\">\n\t\t\t\t\t\t<div class=\"elementor-container elementor-column-gap-default\">\n\t\t\t\t\t<div class=\"elementor-column elementor-col-50 elementor-top-column elementor-element elementor-element-66a46c1\" data-id=\"66a46c1\" data-element_type=\"column\" data-e-type=\"column\">\n\t\t\t<div class=\"elementor-widget-wrap elementor-element-populated\">\n\t\t\t\t\t\t<div class=\"elementor-element elementor-element-781997c elementor-widget elementor-widget-spacer\" data-id=\"781997c\" data-element_type=\"widget\" data-e-type=\"widget\" data-widget_type=\"spacer.default\">\n\t\t\t\t<div class=\"elementor-widget-container\">\n\t\t\t\t\t\t\t<div class=\"elementor-spacer\">\n\t\t\t<div class=\"elementor-spacer-inner\"><\/div>\n\t\t<\/div>\n\t\t\t\t\t\t<\/div>\n\t\t\t\t<\/div>\n\t\t\t\t<div class=\"elementor-element elementor-element-0182ce3 subtitol2 elementor-widget elementor-widget-text-editor\" data-id=\"0182ce3\" data-element_type=\"widget\" data-e-type=\"widget\" data-widget_type=\"text-editor.default\">\n\t\t\t\t<div class=\"elementor-widget-container\">\n\t\t\t\t\t\t\t\t\t<h2 style=\"color: #000000!important; text-align: left;\">Presentaci\u00f3 Smart Guide<\/h2><h4 style=\"color: #ffffff; text-align: left;\">Empack 2022<\/h4>\t\t\t\t\t\t\t\t<\/div>\n\t\t\t\t<\/div>\n\t\t\t\t<div class=\"elementor-element elementor-element-c2c1277 elementor-widget elementor-widget-spacer\" data-id=\"c2c1277\" data-element_type=\"widget\" data-e-type=\"widget\" data-widget_type=\"spacer.default\">\n\t\t\t\t<div class=\"elementor-widget-container\">\n\t\t\t\t\t\t\t<div class=\"elementor-spacer\">\n\t\t\t<div class=\"elementor-spacer-inner\"><\/div>\n\t\t<\/div>\n\t\t\t\t\t\t<\/div>\n\t\t\t\t<\/div>\n\t\t\t\t\t<\/div>\n\t\t<\/div>\n\t\t\t\t<div class=\"elementor-column elementor-col-50 elementor-top-column elementor-element elementor-element-9c6e22b elementor-hidden-mobile\" data-id=\"9c6e22b\" data-element_type=\"column\" data-e-type=\"column\">\n\t\t\t<div class=\"elementor-widget-wrap elementor-element-populated\">\n\t\t\t\t\t\t<div class=\"elementor-element elementor-element-3530e8d elementor-absolute elementor-widget elementor-widget-video\" data-id=\"3530e8d\" data-element_type=\"widget\" data-e-type=\"widget\" data-settings=\"{&quot;youtube_url&quot;:&quot;https:\\\/\\\/youtu.be\\\/u_8H3A_JpQE&quot;,&quot;autoplay&quot;:&quot;yes&quot;,&quot;mute&quot;:&quot;yes&quot;,&quot;loop&quot;:&quot;yes&quot;,&quot;_position&quot;:&quot;absolute&quot;,&quot;video_type&quot;:&quot;youtube&quot;,&quot;controls&quot;:&quot;yes&quot;}\" data-widget_type=\"video.default\">\n\t\t\t\t<div class=\"elementor-widget-container\">\n\t\t\t\t\t\t\t<div class=\"elementor-wrapper elementor-open-inline\">\n\t\t\t<div class=\"elementor-video\"><\/div>\t\t<\/div>\n\t\t\t\t\t\t<\/div>\n\t\t\t\t<\/div>\n\t\t\t\t\t<\/div>\n\t\t<\/div>\n\t\t\t\t\t<\/div>\n\t\t<\/section>\n\t\t\t\t<section class=\"elementor-section elementor-top-section elementor-element elementor-element-26af167 elementor-hidden-desktop elementor-hidden-tablet elementor-section-boxed elementor-section-height-default elementor-section-height-default\" data-id=\"26af167\" data-element_type=\"section\" data-e-type=\"section\" data-settings=\"{&quot;jet_parallax_layout_list&quot;:[],&quot;background_background&quot;:&quot;classic&quot;}\">\n\t\t\t\t\t\t<div class=\"elementor-container elementor-column-gap-default\">\n\t\t\t\t\t<div class=\"elementor-column elementor-col-50 elementor-top-column elementor-element elementor-element-592e68a\" data-id=\"592e68a\" data-element_type=\"column\" data-e-type=\"column\">\n\t\t\t<div class=\"elementor-widget-wrap elementor-element-populated\">\n\t\t\t\t\t\t<div class=\"elementor-element elementor-element-73dfc61 elementor-widget elementor-widget-video\" data-id=\"73dfc61\" data-element_type=\"widget\" data-e-type=\"widget\" data-settings=\"{&quot;youtube_url&quot;:&quot;https:\\\/\\\/youtu.be\\\/u_8H3A_JpQE&quot;,&quot;autoplay&quot;:&quot;yes&quot;,&quot;mute&quot;:&quot;yes&quot;,&quot;loop&quot;:&quot;yes&quot;,&quot;video_type&quot;:&quot;youtube&quot;,&quot;controls&quot;:&quot;yes&quot;}\" data-widget_type=\"video.default\">\n\t\t\t\t<div class=\"elementor-widget-container\">\n\t\t\t\t\t\t\t<div class=\"elementor-wrapper elementor-open-inline\">\n\t\t\t<div class=\"elementor-video\"><\/div>\t\t<\/div>\n\t\t\t\t\t\t<\/div>\n\t\t\t\t<\/div>\n\t\t\t\t\t<\/div>\n\t\t<\/div>\n\t\t\t\t<div class=\"elementor-column elementor-col-50 elementor-top-column elementor-element elementor-element-1968106\" data-id=\"1968106\" data-element_type=\"column\" data-e-type=\"column\">\n\t\t\t<div class=\"elementor-widget-wrap elementor-element-populated\">\n\t\t\t\t\t\t<div class=\"elementor-element elementor-element-e93b850 elementor-widget elementor-widget-spacer\" data-id=\"e93b850\" data-element_type=\"widget\" data-e-type=\"widget\" data-widget_type=\"spacer.default\">\n\t\t\t\t<div class=\"elementor-widget-container\">\n\t\t\t\t\t\t\t<div class=\"elementor-spacer\">\n\t\t\t<div class=\"elementor-spacer-inner\"><\/div>\n\t\t<\/div>\n\t\t\t\t\t\t<\/div>\n\t\t\t\t<\/div>\n\t\t\t\t<div class=\"elementor-element elementor-element-a26ccca subtitol2 elementor-widget elementor-widget-text-editor\" data-id=\"a26ccca\" data-element_type=\"widget\" data-e-type=\"widget\" data-widget_type=\"text-editor.default\">\n\t\t\t\t<div class=\"elementor-widget-container\">\n\t\t\t\t\t\t\t\t\t<h2 style=\"color: #000000!important; text-align: left;\">Presentaci\u00f3 Smart Guide<\/h2><h4 style=\"color: #ffffff; text-align: left;\">Empack 2022<\/h4>\t\t\t\t\t\t\t\t<\/div>\n\t\t\t\t<\/div>\n\t\t\t\t<div class=\"elementor-element elementor-element-6128ba5 elementor-widget elementor-widget-spacer\" data-id=\"6128ba5\" data-element_type=\"widget\" data-e-type=\"widget\" data-widget_type=\"spacer.default\">\n\t\t\t\t<div class=\"elementor-widget-container\">\n\t\t\t\t\t\t\t<div class=\"elementor-spacer\">\n\t\t\t<div class=\"elementor-spacer-inner\"><\/div>\n\t\t<\/div>\n\t\t\t\t\t\t<\/div>\n\t\t\t\t<\/div>\n\t\t\t\t\t<\/div>\n\t\t<\/div>\n\t\t\t\t\t<\/div>\n\t\t<\/section>\n\t\t\t\t<section class=\"elementor-section elementor-top-section elementor-element elementor-element-94512ab elementor-section-boxed elementor-section-height-default elementor-section-height-default\" data-id=\"94512ab\" data-element_type=\"section\" data-e-type=\"section\" data-settings=\"{&quot;jet_parallax_layout_list&quot;:[]}\">\n\t\t\t\t\t\t<div class=\"elementor-container elementor-column-gap-default\">\n\t\t\t\t\t<div class=\"elementor-column elementor-col-100 elementor-top-column elementor-element elementor-element-ca27d7c\" data-id=\"ca27d7c\" data-element_type=\"column\" data-e-type=\"column\">\n\t\t\t<div class=\"elementor-widget-wrap elementor-element-populated\">\n\t\t\t\t\t\t<div class=\"elementor-element elementor-element-3f149e8 elementor-widget elementor-widget-html\" data-id=\"3f149e8\" data-element_type=\"widget\" data-e-type=\"widget\" data-widget_type=\"html.default\">\n\t\t\t\t<div class=\"elementor-widget-container\">\n\t\t\t\t\t<iframe frameborder=\"0\" style=\"height:570px;width:99%;border:none;\" src='https:\/\/forms.zohopublic.eu\/j2servid\/form\/AconsegueixlatevaJ2SmartGuide\/formperma\/4DeFzs0nJm2BR49aMQ0Lts-jrDBA1YMBH_igUY9_XzU'><\/iframe>\t\t\t\t<\/div>\n\t\t\t\t<\/div>\n\t\t\t\t\t<\/div>\n\t\t<\/div>\n\t\t\t\t\t<\/div>\n\t\t<\/section>\n\t\t\t\t<section class=\"elementor-section elementor-top-section elementor-element elementor-element-a4e2b31 elementor-section-boxed elementor-section-height-default elementor-section-height-default\" data-id=\"a4e2b31\" data-element_type=\"section\" data-e-type=\"section\" data-settings=\"{&quot;jet_parallax_layout_list&quot;:[]}\">\n\t\t\t\t\t\t<div class=\"elementor-container elementor-column-gap-default\">\n\t\t\t\t\t<div class=\"elementor-column elementor-col-100 elementor-top-column elementor-element elementor-element-a482b09\" data-id=\"a482b09\" data-element_type=\"column\" data-e-type=\"column\">\n\t\t\t<div class=\"elementor-widget-wrap elementor-element-populated\">\n\t\t\t\t\t\t<div class=\"elementor-element elementor-element-8132d90 elementor-widget__width-initial elementor-widget elementor-widget-text-editor\" data-id=\"8132d90\" data-element_type=\"widget\" data-e-type=\"widget\" data-widget_type=\"text-editor.default\">\n\t\t\t\t<div class=\"elementor-widget-container\">\n\t\t\t\t\t\t\t\t\tJ2 Servid ofereix assessorament per a la creaci\u00f3 de les <a href=\"\/ca\/prosmart\/creacio-fitxes-estiba\/\"><strong>fitxes d&#8217;estiba<\/strong><\/a> aix\u00ed com tamb\u00e9 oferim el servei <a href=\"\/ca\/prosmart\/plataforma-online-de-formacion-para-la-estiba-de-mercancias\/\"><strong>Campus J2 E-Learning d&#8217;estiba i trincatge<\/strong><\/a>, on podr\u00e0s accedir en l\u00ednia a la preparaci\u00f3 del curs de l&#8217;EUMOS 40607-2:2020 d&#8217;Expert Qualificat en Assegurament de C\u00e0rrega i Embalatge de Transport, especialment pensat per a Directors de Log\u00edstica i Transport i per a tots aquells que vulguin tenir formaci\u00f3 en assegurament de les c\u00e0rregues.\n\nAquest prestigi\u00f3s t\u00edtol es pot obtenir estudiant a trav\u00e9s de la nostra plataforma i despr\u00e9s presentant-se a un examen on line realitzat per la pr\u00f2pia EUMOS. (Aquest examen comporta una taxa que est\u00e0 inclosa al curs del Campus J2 e-Learning i que d\u00f3na dret al lliurament d&#8217;una guia EUMOS en espanyol amb la qual preparar-se addicionalment per a l&#8217;examen.\n\nEl Campus J2 e-Learning \u00e9s un centre amb capacitat per impartir aquest t\u00edtol de l&#8217;Eumos i, a m\u00e9s, amb l&#8217;acc\u00e9s a la nostra plataforma, podr\u00e0s gaudir de m\u00e9s de 20 p\u00edndoles extres sobre diversos temes de gran inter\u00e8s (v\u00eddeos de c\u00e0lculs d&#8217;amarratge, com interpretar les etquetes dels amarratges, forces de tensi\u00f3, tipus de bosses inflables,&#8230;)\t\t\t\t\t\t\t\t<\/div>\n\t\t\t\t<\/div>\n\t\t\t\t\t<\/div>\n\t\t<\/div>\n\t\t\t\t\t<\/div>\n\t\t<\/section>\n\t\t\t\t<\/div>\n\t\t","protected":false},"excerpt":{"rendered":"<p>Smart Guide La primera guia intel\u00b7ligentde Estiba en contenidor A J2servid hem creat la primera Smart Guide d&#8217;estiba en contenidor. Es tracta d&#8217;una guia intel\u00b7ligent, interactiva, plena de v\u00eddeos i enlla\u00e7os que contenen tota mena d&#8217;informacions sobre estris d&#8217;estiba, t\u00e8cniques, c\u00e0lculs, normatives o responsabilitats, imprescindible per adaptar-se a les darreres modificacions i normatives del nou [&hellip;]<\/p>\n","protected":false},"author":7,"featured_media":0,"parent":2672,"menu_order":0,"comment_status":"closed","ping_status":"closed","template":"","meta":{"_acf_changed":false,"footnotes":""},"class_list":["post-7068","page","type-page","status-publish","hentry"],"acf":[],"_links":{"self":[{"href":"https:\/\/j2servid.com\/ca\/wp-json\/wp\/v2\/pages\/7068","targetHints":{"allow":["GET"]}}],"collection":[{"href":"https:\/\/j2servid.com\/ca\/wp-json\/wp\/v2\/pages"}],"about":[{"href":"https:\/\/j2servid.com\/ca\/wp-json\/wp\/v2\/types\/page"}],"author":[{"embeddable":true,"href":"https:\/\/j2servid.com\/ca\/wp-json\/wp\/v2\/users\/7"}],"replies":[{"embeddable":true,"href":"https:\/\/j2servid.com\/ca\/wp-json\/wp\/v2\/comments?post=7068"}],"version-history":[{"count":42,"href":"https:\/\/j2servid.com\/ca\/wp-json\/wp\/v2\/pages\/7068\/revisions"}],"predecessor-version":[{"id":10880,"href":"https:\/\/j2servid.com\/ca\/wp-json\/wp\/v2\/pages\/7068\/revisions\/10880"}],"up":[{"embeddable":true,"href":"https:\/\/j2servid.com\/ca\/wp-json\/wp\/v2\/pages\/2672"}],"wp:attachment":[{"href":"https:\/\/j2servid.com\/ca\/wp-json\/wp\/v2\/media?parent=7068"}],"curies":[{"name":"wp","href":"https:\/\/api.w.org\/{rel}","templated":true}]}}