{"id":8785,"date":"2022-05-16T07:16:10","date_gmt":"2022-05-16T07:16:10","guid":{"rendered":"https:\/\/j2servid.com\/empresa\/"},"modified":"2026-04-13T13:12:17","modified_gmt":"2026-04-13T13:12:17","slug":"empresa","status":"publish","type":"page","link":"https:\/\/j2servid.com\/pt-pt\/empresa\/","title":{"rendered":"Empresa"},"content":{"rendered":"\t\t<div data-elementor-type=\"wp-page\" data-elementor-id=\"8785\" class=\"elementor elementor-8785 elementor-1939\">\n\t\t\t\t\t\t<section class=\"elementor-section elementor-top-section elementor-element elementor-element-34c1ea10 elementor-section-boxed elementor-section-height-default elementor-section-height-default\" data-id=\"34c1ea10\" data-element_type=\"section\" data-e-type=\"section\" data-settings=\"{&quot;jet_parallax_layout_list&quot;:[],&quot;background_background&quot;:&quot;classic&quot;}\">\n\t\t\t\t\t\t<div class=\"elementor-container elementor-column-gap-default\">\n\t\t\t\t\t<div class=\"elementor-column elementor-col-100 elementor-top-column elementor-element elementor-element-50a18bf8\" data-id=\"50a18bf8\" data-element_type=\"column\" data-e-type=\"column\">\n\t\t\t<div class=\"elementor-widget-wrap elementor-element-populated\">\n\t\t\t\t\t\t<div class=\"elementor-element elementor-element-4b52c00 elementor-widget elementor-widget-spacer\" data-id=\"4b52c00\" data-element_type=\"widget\" data-e-type=\"widget\" data-widget_type=\"spacer.default\">\n\t\t\t\t<div class=\"elementor-widget-container\">\n\t\t\t\t\t\t\t<div class=\"elementor-spacer\">\n\t\t\t<div class=\"elementor-spacer-inner\"><\/div>\n\t\t<\/div>\n\t\t\t\t\t\t<\/div>\n\t\t\t\t<\/div>\n\t\t\t\t<div class=\"elementor-element elementor-element-74506b97 elementor-widget elementor-widget-text-editor\" data-id=\"74506b97\" data-element_type=\"widget\" data-e-type=\"widget\" data-widget_type=\"text-editor.default\">\n\t\t\t\t<div class=\"elementor-widget-container\">\n\t\t\t\t\t\t\t\t\tJ2 Servid\t\t\t\t\t\t\t\t<\/div>\n\t\t\t\t<\/div>\n\t\t\t\t<div class=\"elementor-element elementor-element-51309c31 elementor-widget elementor-widget-spacer\" data-id=\"51309c31\" data-element_type=\"widget\" data-e-type=\"widget\" data-widget_type=\"spacer.default\">\n\t\t\t\t<div class=\"elementor-widget-container\">\n\t\t\t\t\t\t\t<div class=\"elementor-spacer\">\n\t\t\t<div class=\"elementor-spacer-inner\"><\/div>\n\t\t<\/div>\n\t\t\t\t\t\t<\/div>\n\t\t\t\t<\/div>\n\t\t\t\t\t<\/div>\n\t\t<\/div>\n\t\t\t\t\t<\/div>\n\t\t<\/section>\n\t\t\t\t<section class=\"elementor-section elementor-top-section elementor-element elementor-element-213d8b9 elementor-section-boxed elementor-section-height-default elementor-section-height-default\" data-id=\"213d8b9\" data-element_type=\"section\" data-e-type=\"section\" data-settings=\"{&quot;jet_parallax_layout_list&quot;:[],&quot;background_background&quot;:&quot;classic&quot;}\">\n\t\t\t\t\t\t<div class=\"elementor-container elementor-column-gap-default\">\n\t\t\t\t\t<div class=\"elementor-column elementor-col-100 elementor-top-column elementor-element elementor-element-2e2dd740\" data-id=\"2e2dd740\" data-element_type=\"column\" data-e-type=\"column\">\n\t\t\t<div class=\"elementor-widget-wrap elementor-element-populated\">\n\t\t\t\t\t\t<div class=\"elementor-element elementor-element-423d3aee elementor-widget elementor-widget-spacer\" data-id=\"423d3aee\" data-element_type=\"widget\" data-e-type=\"widget\" data-widget_type=\"spacer.default\">\n\t\t\t\t<div class=\"elementor-widget-container\">\n\t\t\t\t\t\t\t<div class=\"elementor-spacer\">\n\t\t\t<div class=\"elementor-spacer-inner\"><\/div>\n\t\t<\/div>\n\t\t\t\t\t\t<\/div>\n\t\t\t\t<\/div>\n\t\t\t\t\t<\/div>\n\t\t<\/div>\n\t\t\t\t\t<\/div>\n\t\t<\/section>\n\t\t\t\t<section class=\"elementor-section elementor-top-section elementor-element elementor-element-796881a1 titolpag elementor-section-boxed elementor-section-height-default elementor-section-height-default\" data-id=\"796881a1\" data-element_type=\"section\" data-e-type=\"section\" data-settings=\"{&quot;jet_parallax_layout_list&quot;:[]}\">\n\t\t\t\t\t\t<div class=\"elementor-container elementor-column-gap-default\">\n\t\t\t\t\t<div class=\"elementor-column elementor-col-100 elementor-top-column elementor-element elementor-element-1fa30a59\" data-id=\"1fa30a59\" data-element_type=\"column\" data-e-type=\"column\">\n\t\t\t<div class=\"elementor-widget-wrap elementor-element-populated\">\n\t\t\t\t\t\t<div class=\"elementor-element elementor-element-43a453b1 elementor-widget elementor-widget-text-editor\" data-id=\"43a453b1\" data-element_type=\"widget\" data-e-type=\"widget\" data-widget_type=\"text-editor.default\">\n\t\t\t\t<div class=\"elementor-widget-container\">\n\t\t\t\t\t\t\t\t\t<p>J2 Servid \u00e9 uma empresa com mais de 30 anos de experi\u00eancia no mercado de embalagens para a protec\u00e7\u00e3o de mercadorias durante o transporte.<\/p>\t\t\t\t\t\t\t\t<\/div>\n\t\t\t\t<\/div>\n\t\t\t\t\t<\/div>\n\t\t<\/div>\n\t\t\t\t\t<\/div>\n\t\t<\/section>\n\t\t\t\t<section class=\"elementor-section elementor-top-section elementor-element elementor-element-311d31d elementor-section-boxed elementor-section-height-default elementor-section-height-default\" data-id=\"311d31d\" data-element_type=\"section\" data-e-type=\"section\" data-settings=\"{&quot;jet_parallax_layout_list&quot;:[]}\">\n\t\t\t\t\t\t<div class=\"elementor-container elementor-column-gap-default\">\n\t\t\t\t\t<div class=\"elementor-column elementor-col-50 elementor-top-column elementor-element elementor-element-1e29c8a\" data-id=\"1e29c8a\" data-element_type=\"column\" data-e-type=\"column\">\n\t\t\t<div class=\"elementor-widget-wrap elementor-element-populated\">\n\t\t\t\t\t\t<div class=\"elementor-element elementor-element-392dec2 elementor-widget elementor-widget-text-editor\" data-id=\"392dec2\" data-element_type=\"widget\" data-e-type=\"widget\" data-widget_type=\"text-editor.default\">\n\t\t\t\t<div class=\"elementor-widget-container\">\n\t\t\t\t\t\t\t\t\t<p>Os nossos produtos s\u00e3o essenciais para assegurar que as suas mercadorias sejam transportadas em perfeitas condi\u00e7\u00f5es e assim evitar danos durante o transporte, tais como movimentos de carga, rupturas, problemas de humidade, mudan\u00e7as bruscas de temperatura, etc.<\/p><p>Temos uma vasta experi\u00eancia no sector para poder sugerir o sistema perfeito para proteger os seus bens em qualquer altura. Estudaremos o seu caso, iremos aconselh\u00e1-lo e oferecer-lhe uma solu\u00e7\u00e3o para os seus problemas.<\/p>\t\t\t\t\t\t\t\t<\/div>\n\t\t\t\t<\/div>\n\t\t\t\t\t<\/div>\n\t\t<\/div>\n\t\t\t\t<div class=\"elementor-column elementor-col-50 elementor-top-column elementor-element elementor-element-9ea2337\" data-id=\"9ea2337\" data-element_type=\"column\" data-e-type=\"column\">\n\t\t\t<div class=\"elementor-widget-wrap elementor-element-populated\">\n\t\t\t\t\t\t<div class=\"elementor-element elementor-element-724fa3a elementor-widget elementor-widget-text-editor\" data-id=\"724fa3a\" data-element_type=\"widget\" data-e-type=\"widget\" data-widget_type=\"text-editor.default\">\n\t\t\t\t<div class=\"elementor-widget-container\">\n\t\t\t\t\t\t\t\t\t<p>A nossa filosofia \u00e9 estar constantemente a pesquisar novas solu\u00e7\u00f5es e a inovar novos produtos para proteger as suas cargas.<\/p><p>Estamos num mercado cada vez mais globalizado, onde as mercadorias s\u00e3o exportadas para pa\u00edses cada vez mais distantes e frequentemente em condi\u00e7\u00f5es extremas, pelo que \u00e9 importante proteg\u00ea-las correctamente durante o transporte.<\/p><p>J2 Servid oferece uma vasta gama de solu\u00e7\u00f5es diferentes para proteger a sua mercadoria durante o transporte, seja por estrada, mar, ar ou ferrovia.<\/p>\t\t\t\t\t\t\t\t<\/div>\n\t\t\t\t<\/div>\n\t\t\t\t\t<\/div>\n\t\t<\/div>\n\t\t\t\t\t<\/div>\n\t\t<\/section>\n\t\t\t\t<section class=\"elementor-section elementor-top-section elementor-element elementor-element-5f6a3d40 fonsgris elementor-section-boxed elementor-section-height-default elementor-section-height-default\" data-id=\"5f6a3d40\" data-element_type=\"section\" data-e-type=\"section\" data-settings=\"{&quot;jet_parallax_layout_list&quot;:[],&quot;background_background&quot;:&quot;classic&quot;}\">\n\t\t\t\t\t\t<div class=\"elementor-container elementor-column-gap-default\">\n\t\t\t\t\t<div class=\"elementor-column elementor-col-50 elementor-top-column elementor-element elementor-element-436abfe5\" data-id=\"436abfe5\" data-element_type=\"column\" data-e-type=\"column\">\n\t\t\t<div class=\"elementor-widget-wrap elementor-element-populated\">\n\t\t\t\t\t\t<div class=\"elementor-element elementor-element-2cc23b8e elementor-hidden-desktop elementor-hidden-tablet elementor-widget elementor-widget-spacer\" data-id=\"2cc23b8e\" data-element_type=\"widget\" data-e-type=\"widget\" data-widget_type=\"spacer.default\">\n\t\t\t\t<div class=\"elementor-widget-container\">\n\t\t\t\t\t\t\t<div class=\"elementor-spacer\">\n\t\t\t<div class=\"elementor-spacer-inner\"><\/div>\n\t\t<\/div>\n\t\t\t\t\t\t<\/div>\n\t\t\t\t<\/div>\n\t\t\t\t<div class=\"elementor-element elementor-element-460145fe elementor-widget elementor-widget-video\" data-id=\"460145fe\" data-element_type=\"widget\" data-e-type=\"widget\" data-settings=\"{&quot;youtube_url&quot;:&quot;https:\\\/\\\/youtu.be\\\/35Um5Ayx9vQ&quot;,&quot;autoplay&quot;:&quot;yes&quot;,&quot;mute&quot;:&quot;yes&quot;,&quot;loop&quot;:&quot;yes&quot;,&quot;video_type&quot;:&quot;youtube&quot;,&quot;controls&quot;:&quot;yes&quot;}\" data-widget_type=\"video.default\">\n\t\t\t\t<div class=\"elementor-widget-container\">\n\t\t\t\t\t\t\t<div class=\"elementor-wrapper elementor-open-inline\">\n\t\t\t<div class=\"elementor-video\"><\/div>\t\t<\/div>\n\t\t\t\t\t\t<\/div>\n\t\t\t\t<\/div>\n\t\t\t\t\t<\/div>\n\t\t<\/div>\n\t\t\t\t<div class=\"elementor-column elementor-col-50 elementor-top-column elementor-element elementor-element-7e5ec3d\" data-id=\"7e5ec3d\" data-element_type=\"column\" data-e-type=\"column\">\n\t\t\t<div class=\"elementor-widget-wrap elementor-element-populated\">\n\t\t\t\t\t\t<div class=\"elementor-element elementor-element-4743a671 elementor-widget elementor-widget-spacer\" data-id=\"4743a671\" data-element_type=\"widget\" data-e-type=\"widget\" data-widget_type=\"spacer.default\">\n\t\t\t\t<div class=\"elementor-widget-container\">\n\t\t\t\t\t\t\t<div class=\"elementor-spacer\">\n\t\t\t<div class=\"elementor-spacer-inner\"><\/div>\n\t\t<\/div>\n\t\t\t\t\t\t<\/div>\n\t\t\t\t<\/div>\n\t\t\t\t<div class=\"elementor-element elementor-element-19c3fdf0 elementor-widget elementor-widget-text-editor\" data-id=\"19c3fdf0\" data-element_type=\"widget\" data-e-type=\"widget\" data-widget_type=\"text-editor.default\">\n\t\t\t\t<div class=\"elementor-widget-container\">\n\t\t\t\t\t\t\t\t\t<p>Somos o seu fornecedor global de embalagens para a exporta\u00e7\u00e3o de mercadorias.<\/p>\t\t\t\t\t\t\t\t<\/div>\n\t\t\t\t<\/div>\n\t\t\t\t<div class=\"elementor-element elementor-element-38f7a37f elementor-widget elementor-widget-spacer\" data-id=\"38f7a37f\" data-element_type=\"widget\" data-e-type=\"widget\" data-widget_type=\"spacer.default\">\n\t\t\t\t<div class=\"elementor-widget-container\">\n\t\t\t\t\t\t\t<div class=\"elementor-spacer\">\n\t\t\t<div class=\"elementor-spacer-inner\"><\/div>\n\t\t<\/div>\n\t\t\t\t\t\t<\/div>\n\t\t\t\t<\/div>\n\t\t\t\t\t<\/div>\n\t\t<\/div>\n\t\t\t\t\t<\/div>\n\t\t<\/section>\n\t\t\t\t<section class=\"elementor-section elementor-top-section elementor-element elementor-element-9e2ff1c titolpag elementor-section-boxed elementor-section-height-default elementor-section-height-default\" data-id=\"9e2ff1c\" data-element_type=\"section\" data-e-type=\"section\" data-settings=\"{&quot;jet_parallax_layout_list&quot;:[]}\">\n\t\t\t\t\t\t<div class=\"elementor-container elementor-column-gap-default\">\n\t\t\t\t\t<div class=\"elementor-column elementor-col-100 elementor-top-column elementor-element elementor-element-1b22306\" data-id=\"1b22306\" data-element_type=\"column\" data-e-type=\"column\">\n\t\t\t<div class=\"elementor-widget-wrap elementor-element-populated\">\n\t\t\t\t\t\t<div class=\"elementor-element elementor-element-7d66f7f elementor-widget elementor-widget-text-editor\" data-id=\"7d66f7f\" data-element_type=\"widget\" data-e-type=\"widget\" data-widget_type=\"text-editor.default\">\n\t\t\t\t<div class=\"elementor-widget-container\">\n\t\t\t\t\t\t\t\t\t<p>O nosso objectivo, a seguran\u00e7a dos seus bens<\/p>\t\t\t\t\t\t\t\t<\/div>\n\t\t\t\t<\/div>\n\t\t\t\t<div class=\"elementor-element elementor-element-b4f2935 elementor-align-center elementor-widget elementor-widget-button\" data-id=\"b4f2935\" data-element_type=\"widget\" data-e-type=\"widget\" data-widget_type=\"button.default\">\n\t\t\t\t<div class=\"elementor-widget-container\">\n\t\t\t\t\t\t\t\t\t<div class=\"elementor-button-wrapper\">\n\t\t\t\t\t<a class=\"elementor-button elementor-button-link elementor-size-sm\" href=\"https:\/\/j2servid.com\/fichastecnicas\/J2_Servid_ProStack.pdf\" target=\"_blank\">\n\t\t\t\t\t\t<span class=\"elementor-button-content-wrapper\">\n\t\t\t\t\t\t\t\t\t<span class=\"elementor-button-text\">Cat\u00e1logo<\/span>\n\t\t\t\t\t<\/span>\n\t\t\t\t\t<\/a>\n\t\t\t\t<\/div>\n\t\t\t\t\t\t\t\t<\/div>\n\t\t\t\t<\/div>\n\t\t\t\t\t<\/div>\n\t\t<\/div>\n\t\t\t\t\t<\/div>\n\t\t<\/section>\n\t\t\t\t<section class=\"elementor-section elementor-top-section elementor-element elementor-element-22c47410 elementor-section-boxed elementor-section-height-default elementor-section-height-default\" data-id=\"22c47410\" data-element_type=\"section\" data-e-type=\"section\" data-settings=\"{&quot;jet_parallax_layout_list&quot;:[]}\">\n\t\t\t\t\t\t<div class=\"elementor-container elementor-column-gap-default\">\n\t\t\t\t\t<div class=\"elementor-column elementor-col-50 elementor-top-column elementor-element elementor-element-41faa7d1\" data-id=\"41faa7d1\" data-element_type=\"column\" data-e-type=\"column\">\n\t\t\t<div class=\"elementor-widget-wrap elementor-element-populated\">\n\t\t\t\t\t\t<div class=\"elementor-element elementor-element-447ffbc elementor-widget elementor-widget-text-editor\" data-id=\"447ffbc\" data-element_type=\"widget\" data-e-type=\"widget\" data-widget_type=\"text-editor.default\">\n\t\t\t\t<div class=\"elementor-widget-container\">\n\t\t\t\t\t\t\t\t\t<p>Na J2 Servid, trabalhamos h\u00e1 mais de 30 anos na procura de diferentes solu\u00e7\u00f5es em sistemas de protec\u00e7\u00e3o e fixa\u00e7\u00e3o de cargas para o transporte de mercadorias, e \u00e9 por isso que o nosso objectivo \u00e9 a seguran\u00e7a das suas cargas.<\/p><p>O que quer que envie, pode contar connosco para aconselhamento e inova\u00e7\u00e3o. A nossa equipa vai ajud\u00e1-lo a recomendar a melhor solu\u00e7\u00e3o para o seu caso, gra\u00e7as \u00e0 diversidade de produtos que temos e ao nosso know-how em amarra\u00e7\u00e3o e sistemas de fixa\u00e7\u00e3o e protec\u00e7\u00e3o de carga no transporte.<\/p><p>Na J2 Servid temos uma grande equipa t\u00e9cnica dedicada \u00e0 seguran\u00e7a das mercadorias, criando solu\u00e7\u00f5es de arruma\u00e7\u00e3o adaptadas aos seus produtos e envios.<\/p><p>Uma carga mal segurada ou sem a embalagem de protec\u00e7\u00e3o correcta pode levar \u00e0 devolu\u00e7\u00e3o da mercadoria, reclama\u00e7\u00f5es, penaliza\u00e7\u00f5es, substitui\u00e7\u00f5es, despesas adicionais&#8230; E o que entendemos ser mais grave, acidentes de trabalho ou a perda do cliente..<\/p><p>Os nossos produtos s\u00e3o testados nos melhores laborat\u00f3rios do mundo para realizar todo o tipo de testes: resist\u00eancia, compress\u00e3o, testes de absor\u00e7\u00e3o (AAR, Germanischer Lloyd, TUV, Itene&#8230;), a fim de lhe oferecer os melhores produtos e solu\u00e7\u00f5es do mercado.<\/p>\t\t\t\t\t\t\t\t<\/div>\n\t\t\t\t<\/div>\n\t\t\t\t\t<\/div>\n\t\t<\/div>\n\t\t\t\t<div class=\"elementor-column elementor-col-50 elementor-top-column elementor-element elementor-element-1850081b\" data-id=\"1850081b\" data-element_type=\"column\" data-e-type=\"column\">\n\t\t\t<div class=\"elementor-widget-wrap elementor-element-populated\">\n\t\t\t\t\t\t<div class=\"elementor-element elementor-element-fe86994 elementor-widget elementor-widget-text-editor\" data-id=\"fe86994\" data-element_type=\"widget\" data-e-type=\"widget\" data-widget_type=\"text-editor.default\">\n\t\t\t\t<div class=\"elementor-widget-container\">\n\t\t\t\t\t\t\t\t\t<p>De acordo com as estat\u00edsticas da Uni\u00e3o Europeia, 25% dos acidentes rodovi\u00e1rios durante o transporte de mercadorias devem-se a uma m\u00e1 estiva e a um acondicionamento inadequado das cargas (s\u00edtio Web oficial da UE).<\/p><p>J2 servid contribui atrav\u00e9s da EUMOS para fornecer todo o tipo de solu\u00e7\u00f5es para a protec\u00e7\u00e3o de cargas durante o transporte, seja com sacos insufl\u00e1veis, cintas de amarra\u00e7\u00e3o, enchimentos antiderrapantes, vazios&#8230;<\/p><p>Em cada remessa que fazemos, n\u00e3o temos segundas oportunidades, a seguran\u00e7a e<span style=\"color: #33cccc;\"> protec\u00e7\u00e3o das mercadorias<\/span> deve ser feita correctamente desde o primeiro momento..<\/p><p>Lembre-se, cliente insatisfeito = cliente perdido.<\/p><p>Na J2 Servid temos m\u00faltiplos sistemas de protec\u00e7\u00e3o e fixa\u00e7\u00e3o de cargas durante o transporte, tais como sacos e sacos insufl\u00e1veis, cintas de amarra\u00e7\u00e3o, sacos de enchimento vazio, sacos dessecantes para absor\u00e7\u00e3o de humidade em contentores, isolamento e coberturas isot\u00e9rmicas para mercadorias, novos sistemas de amarra\u00e7\u00e3o aprovados, tais como Tygard ou Voidgard, protectores de canto de protec\u00e7\u00e3o para transporte&#8230;<\/p>\t\t\t\t\t\t\t\t<\/div>\n\t\t\t\t<\/div>\n\t\t\t\t\t<\/div>\n\t\t<\/div>\n\t\t\t\t\t<\/div>\n\t\t<\/section>\n\t\t\t\t<section class=\"elementor-section elementor-top-section elementor-element elementor-element-b5e9fe5 elementor-section-boxed elementor-section-height-default elementor-section-height-default\" data-id=\"b5e9fe5\" data-element_type=\"section\" data-e-type=\"section\" data-settings=\"{&quot;jet_parallax_layout_list&quot;:[]}\">\n\t\t\t\t\t\t<div class=\"elementor-container elementor-column-gap-default\">\n\t\t\t\t\t<div class=\"elementor-column elementor-col-100 elementor-top-column elementor-element elementor-element-4b3a9d9\" data-id=\"4b3a9d9\" data-element_type=\"column\" data-e-type=\"column\">\n\t\t\t<div class=\"elementor-widget-wrap elementor-element-populated\">\n\t\t\t\t\t\t<div class=\"elementor-element elementor-element-a741d7b elementor-widget elementor-widget-image\" data-id=\"a741d7b\" data-element_type=\"widget\" data-e-type=\"widget\" data-widget_type=\"image.default\">\n\t\t\t\t<div class=\"elementor-widget-container\">\n\t\t\t\t\t\t\t\t\t\t\t\t\t\t\t<img fetchpriority=\"high\" decoding=\"async\" width=\"992\" height=\"92\" src=\"https:\/\/j2servid.com\/wp-content\/uploads\/2022\/12\/Certificats.jpg\" class=\"attachment-large size-large wp-image-8791\" alt=\"\" srcset=\"https:\/\/j2servid.com\/wp-content\/uploads\/2022\/12\/Certificats.jpg 992w, https:\/\/j2servid.com\/wp-content\/uploads\/2022\/12\/Certificats-300x28.jpg 300w, https:\/\/j2servid.com\/wp-content\/uploads\/2022\/12\/Certificats-768x71.jpg 768w\" sizes=\"(max-width: 992px) 100vw, 992px\" \/>\t\t\t\t\t\t\t\t\t\t\t\t\t\t\t<\/div>\n\t\t\t\t<\/div>\n\t\t\t\t\t<\/div>\n\t\t<\/div>\n\t\t\t\t\t<\/div>\n\t\t<\/section>\n\t\t\t\t<section class=\"elementor-section elementor-top-section elementor-element elementor-element-b00a3dc fonsgris elementor-section-boxed elementor-section-height-default elementor-section-height-default\" data-id=\"b00a3dc\" data-element_type=\"section\" data-e-type=\"section\" data-settings=\"{&quot;jet_parallax_layout_list&quot;:[],&quot;background_background&quot;:&quot;classic&quot;}\">\n\t\t\t\t\t\t<div class=\"elementor-container elementor-column-gap-default\">\n\t\t\t\t\t<div class=\"elementor-column elementor-col-50 elementor-top-column elementor-element elementor-element-caf4460\" data-id=\"caf4460\" data-element_type=\"column\" data-e-type=\"column\">\n\t\t\t<div class=\"elementor-widget-wrap elementor-element-populated\">\n\t\t\t\t\t\t<div class=\"elementor-element elementor-element-e1c5fa2 elementor-widget elementor-widget-image\" data-id=\"e1c5fa2\" data-element_type=\"widget\" data-e-type=\"widget\" data-widget_type=\"image.default\">\n\t\t\t\t<div class=\"elementor-widget-container\">\n\t\t\t\t\t\t\t\t\t\t\t\t\t\t\t<img decoding=\"async\" width=\"1000\" height=\"1000\" src=\"https:\/\/j2servid.com\/wp-content\/uploads\/2024\/09\/J2-Transportes-1000x1000-1.jpg\" class=\"attachment-large size-large wp-image-18332\" alt=\"\" srcset=\"https:\/\/j2servid.com\/wp-content\/uploads\/2024\/09\/J2-Transportes-1000x1000-1.jpg 1000w, https:\/\/j2servid.com\/wp-content\/uploads\/2024\/09\/J2-Transportes-1000x1000-1-300x300.jpg 300w, https:\/\/j2servid.com\/wp-content\/uploads\/2024\/09\/J2-Transportes-1000x1000-1-150x150.jpg 150w, https:\/\/j2servid.com\/wp-content\/uploads\/2024\/09\/J2-Transportes-1000x1000-1-768x768.jpg 768w, https:\/\/j2servid.com\/wp-content\/uploads\/2024\/09\/J2-Transportes-1000x1000-1-500x500.jpg 500w\" sizes=\"(max-width: 1000px) 100vw, 1000px\" \/>\t\t\t\t\t\t\t\t\t\t\t\t\t\t\t<\/div>\n\t\t\t\t<\/div>\n\t\t\t\t\t<\/div>\n\t\t<\/div>\n\t\t\t\t<div class=\"elementor-column elementor-col-50 elementor-top-column elementor-element elementor-element-17f853b1\" data-id=\"17f853b1\" data-element_type=\"column\" data-e-type=\"column\">\n\t\t\t<div class=\"elementor-widget-wrap elementor-element-populated\">\n\t\t\t\t\t\t<div class=\"elementor-element elementor-element-5fc59e7d elementor-widget elementor-widget-spacer\" data-id=\"5fc59e7d\" data-element_type=\"widget\" data-e-type=\"widget\" data-widget_type=\"spacer.default\">\n\t\t\t\t<div class=\"elementor-widget-container\">\n\t\t\t\t\t\t\t<div class=\"elementor-spacer\">\n\t\t\t<div class=\"elementor-spacer-inner\"><\/div>\n\t\t<\/div>\n\t\t\t\t\t\t<\/div>\n\t\t\t\t<\/div>\n\t\t\t\t<div class=\"elementor-element elementor-element-3d4e8a54 elementor-widget elementor-widget-text-editor\" data-id=\"3d4e8a54\" data-element_type=\"widget\" data-e-type=\"widget\" data-widget_type=\"text-editor.default\">\n\t\t\t\t<div class=\"elementor-widget-container\">\n\t\t\t\t\t\t\t\t\t<p>30 anos de experi\u00eancia na protec\u00e7\u00e3o de mercadorias<\/p>\t\t\t\t\t\t\t\t<\/div>\n\t\t\t\t<\/div>\n\t\t\t\t<div class=\"elementor-element elementor-element-2c13b39b elementor-widget elementor-widget-text-editor\" data-id=\"2c13b39b\" data-element_type=\"widget\" data-e-type=\"widget\" data-widget_type=\"text-editor.default\">\n\t\t\t\t<div class=\"elementor-widget-container\">\n\t\t\t\t\t\t\t\t\t<p>Especialistas em solu\u00e7\u00f5es para proteger a sua carga durante o transporte<\/p>\t\t\t\t\t\t\t\t<\/div>\n\t\t\t\t<\/div>\n\t\t\t\t<div class=\"elementor-element elementor-element-22a35f04 elementor-widget elementor-widget-spacer\" data-id=\"22a35f04\" data-element_type=\"widget\" data-e-type=\"widget\" data-widget_type=\"spacer.default\">\n\t\t\t\t<div class=\"elementor-widget-container\">\n\t\t\t\t\t\t\t<div class=\"elementor-spacer\">\n\t\t\t<div class=\"elementor-spacer-inner\"><\/div>\n\t\t<\/div>\n\t\t\t\t\t\t<\/div>\n\t\t\t\t<\/div>\n\t\t\t\t\t<\/div>\n\t\t<\/div>\n\t\t\t\t\t<\/div>\n\t\t<\/section>\n\t\t\t\t<\/div>\n\t\t","protected":false},"excerpt":{"rendered":"<p>J2 Servid J2 Servid \u00e9 uma empresa com mais de 30 anos de experi\u00eancia no mercado de embalagens para a protec\u00e7\u00e3o de mercadorias durante o transporte. Os nossos produtos s\u00e3o essenciais para assegurar que as suas mercadorias sejam transportadas em perfeitas condi\u00e7\u00f5es e assim evitar danos durante o transporte, tais como movimentos de carga, rupturas, [&hellip;]<\/p>\n","protected":false},"author":7,"featured_media":0,"parent":0,"menu_order":0,"comment_status":"closed","ping_status":"closed","template":"full-width.php","meta":{"_acf_changed":false,"footnotes":""},"class_list":["post-8785","page","type-page","status-publish","hentry"],"acf":[],"_links":{"self":[{"href":"https:\/\/j2servid.com\/pt-pt\/wp-json\/wp\/v2\/pages\/8785","targetHints":{"allow":["GET"]}}],"collection":[{"href":"https:\/\/j2servid.com\/pt-pt\/wp-json\/wp\/v2\/pages"}],"about":[{"href":"https:\/\/j2servid.com\/pt-pt\/wp-json\/wp\/v2\/types\/page"}],"author":[{"embeddable":true,"href":"https:\/\/j2servid.com\/pt-pt\/wp-json\/wp\/v2\/users\/7"}],"replies":[{"embeddable":true,"href":"https:\/\/j2servid.com\/pt-pt\/wp-json\/wp\/v2\/comments?post=8785"}],"version-history":[{"count":28,"href":"https:\/\/j2servid.com\/pt-pt\/wp-json\/wp\/v2\/pages\/8785\/revisions"}],"predecessor-version":[{"id":82785,"href":"https:\/\/j2servid.com\/pt-pt\/wp-json\/wp\/v2\/pages\/8785\/revisions\/82785"}],"wp:attachment":[{"href":"https:\/\/j2servid.com\/pt-pt\/wp-json\/wp\/v2\/media?parent=8785"}],"curies":[{"name":"wp","href":"https:\/\/api.w.org\/{rel}","templated":true}]}}