{"id":9285,"date":"2022-09-08T08:19:33","date_gmt":"2022-09-08T08:19:33","guid":{"rendered":"https:\/\/j2servid.com\/prosmart\/cursos-y-formacion-estiba\/"},"modified":"2025-02-12T17:03:31","modified_gmt":"2025-02-12T17:03:31","slug":"cursos-estiba-para-profissionais","status":"publish","type":"page","link":"https:\/\/j2servid.com\/pt-pt\/prosmart\/cursos-estiba-para-profissionais\/","title":{"rendered":"Cursos de Estiba"},"content":{"rendered":"\t\t<div data-elementor-type=\"wp-page\" data-elementor-id=\"9285\" class=\"elementor elementor-9285 elementor-6185\">\n\t\t\t\t\t\t<section class=\"elementor-section elementor-top-section elementor-element elementor-element-37289d08 elementor-section-boxed elementor-section-height-default elementor-section-height-default\" data-id=\"37289d08\" data-element_type=\"section\" data-e-type=\"section\" data-settings=\"{&quot;jet_parallax_layout_list&quot;:[],&quot;background_background&quot;:&quot;classic&quot;}\">\n\t\t\t\t\t\t<div class=\"elementor-container elementor-column-gap-default\">\n\t\t\t\t\t<div class=\"elementor-column elementor-col-100 elementor-top-column elementor-element elementor-element-42f89cd9\" data-id=\"42f89cd9\" data-element_type=\"column\" data-e-type=\"column\">\n\t\t\t<div class=\"elementor-widget-wrap elementor-element-populated\">\n\t\t\t\t\t\t<div class=\"elementor-element elementor-element-318e4f53 elementor-widget elementor-widget-spacer\" data-id=\"318e4f53\" data-element_type=\"widget\" data-e-type=\"widget\" data-widget_type=\"spacer.default\">\n\t\t\t\t<div class=\"elementor-widget-container\">\n\t\t\t\t\t\t\t<div class=\"elementor-spacer\">\n\t\t\t<div class=\"elementor-spacer-inner\"><\/div>\n\t\t<\/div>\n\t\t\t\t\t\t<\/div>\n\t\t\t\t<\/div>\n\t\t\t\t<div class=\"elementor-element elementor-element-6650c031 elementor-align-left elementor-widget elementor-widget-raven-breadcrumbs\" data-id=\"6650c031\" data-element_type=\"widget\" data-e-type=\"widget\" data-widget_type=\"raven-breadcrumbs.default\">\n\t\t\t\t<div class=\"elementor-widget-container\">\n\t\t\t\t\t<div class=\"raven-breadcrumbs raven-breadcrumbs-default\"><div class=\"breadcrumb\">\t\t\t\t<div class=\"breadcrumb-item active\" aria-current=\"page\"><span>Home<\/span><\/div>\n\n\t\t\t\t<\/div><\/div>\t\t\t\t<\/div>\n\t\t\t\t<\/div>\n\t\t\t\t<div class=\"elementor-element elementor-element-16d9917 elementor-widget elementor-widget-text-editor\" data-id=\"16d9917\" data-element_type=\"widget\" data-e-type=\"widget\" data-widget_type=\"text-editor.default\">\n\t\t\t\t<div class=\"elementor-widget-container\">\n\t\t\t\t\t\t\t\t\tProSmart\t\t\t\t\t\t\t\t<\/div>\n\t\t\t\t<\/div>\n\t\t\t\t<div class=\"elementor-element elementor-element-2d13122b elementor-widget elementor-widget-spacer\" data-id=\"2d13122b\" data-element_type=\"widget\" data-e-type=\"widget\" data-widget_type=\"spacer.default\">\n\t\t\t\t<div class=\"elementor-widget-container\">\n\t\t\t\t\t\t\t<div class=\"elementor-spacer\">\n\t\t\t<div class=\"elementor-spacer-inner\"><\/div>\n\t\t<\/div>\n\t\t\t\t\t\t<\/div>\n\t\t\t\t<\/div>\n\t\t\t\t\t<\/div>\n\t\t<\/div>\n\t\t\t\t\t<\/div>\n\t\t<\/section>\n\t\t\t\t<section class=\"elementor-section elementor-top-section elementor-element elementor-element-1c98cbcf elementor-section-boxed elementor-section-height-default elementor-section-height-default\" data-id=\"1c98cbcf\" data-element_type=\"section\" data-e-type=\"section\" data-settings=\"{&quot;jet_parallax_layout_list&quot;:[],&quot;background_background&quot;:&quot;classic&quot;}\">\n\t\t\t\t\t\t<div class=\"elementor-container elementor-column-gap-default\">\n\t\t\t\t\t<div class=\"elementor-column elementor-col-100 elementor-top-column elementor-element elementor-element-57e8ae8f\" data-id=\"57e8ae8f\" data-element_type=\"column\" data-e-type=\"column\">\n\t\t\t<div class=\"elementor-widget-wrap elementor-element-populated\">\n\t\t\t\t\t\t<div class=\"elementor-element elementor-element-5bd7146c elementor-widget elementor-widget-spacer\" data-id=\"5bd7146c\" data-element_type=\"widget\" data-e-type=\"widget\" data-widget_type=\"spacer.default\">\n\t\t\t\t<div class=\"elementor-widget-container\">\n\t\t\t\t\t\t\t<div class=\"elementor-spacer\">\n\t\t\t<div class=\"elementor-spacer-inner\"><\/div>\n\t\t<\/div>\n\t\t\t\t\t\t<\/div>\n\t\t\t\t<\/div>\n\t\t\t\t\t<\/div>\n\t\t<\/div>\n\t\t\t\t\t<\/div>\n\t\t<\/section>\n\t\t\t\t<section class=\"elementor-section elementor-top-section elementor-element elementor-element-6141e14a titolpag elementor-section-boxed elementor-section-height-default elementor-section-height-default\" data-id=\"6141e14a\" data-element_type=\"section\" data-e-type=\"section\" data-settings=\"{&quot;jet_parallax_layout_list&quot;:[]}\">\n\t\t\t\t\t\t<div class=\"elementor-container elementor-column-gap-default\">\n\t\t\t\t\t<div class=\"elementor-column elementor-col-100 elementor-top-column elementor-element elementor-element-311e1fa9\" data-id=\"311e1fa9\" data-element_type=\"column\" data-e-type=\"column\">\n\t\t\t<div class=\"elementor-widget-wrap elementor-element-populated\">\n\t\t\t\t\t\t<div class=\"elementor-element elementor-element-426acfa2 elementor-widget elementor-widget-text-editor\" data-id=\"426acfa2\" data-element_type=\"widget\" data-e-type=\"widget\" data-widget_type=\"text-editor.default\">\n\t\t\t\t<div class=\"elementor-widget-container\">\n\t\t\t\t\t\t\t\t\t<h1>Cursos de estiva para profissionais da carga e do transporte<\/h1>\t\t\t\t\t\t\t\t<\/div>\n\t\t\t\t<\/div>\n\t\t\t\t<div class=\"elementor-element elementor-element-2e92f994 subtitol2 elementor-widget elementor-widget-text-editor\" data-id=\"2e92f994\" data-element_type=\"widget\" data-e-type=\"widget\" data-widget_type=\"text-editor.default\">\n\t\t\t\t<div class=\"elementor-widget-container\">\n\t\t\t\t\t\t\t\t\t<h2>Na J2 Servid oferecemos a forma\u00e7\u00e3o necess\u00e1ria para que os seus trabalhadores conhe\u00e7am e armazenem as mercadorias de acordo com as normas europeias.<\/h2>\t\t\t\t\t\t\t\t<\/div>\n\t\t\t\t<\/div>\n\t\t\t\t<section class=\"elementor-section elementor-inner-section elementor-element elementor-element-bcd896a elementor-section-boxed elementor-section-height-default elementor-section-height-default\" data-id=\"bcd896a\" data-element_type=\"section\" data-e-type=\"section\" data-settings=\"{&quot;jet_parallax_layout_list&quot;:[]}\">\n\t\t\t\t\t\t<div class=\"elementor-container elementor-column-gap-default\">\n\t\t\t\t\t<div class=\"elementor-column elementor-col-50 elementor-inner-column elementor-element elementor-element-6ab1d43\" data-id=\"6ab1d43\" data-element_type=\"column\" data-e-type=\"column\">\n\t\t\t<div class=\"elementor-widget-wrap elementor-element-populated\">\n\t\t\t\t\t\t<div class=\"elementor-element elementor-element-68653a9 llista elementor-widget elementor-widget-text-editor\" data-id=\"68653a9\" data-element_type=\"widget\" data-e-type=\"widget\" data-widget_type=\"text-editor.default\">\n\t\t\t\t<div class=\"elementor-widget-container\">\n\t\t\t\t\t\t\t\t\t<p>Conhecer o procedimento de carga e estiva para diferentes tipos de mercadorias \u00e9 um passo qualitativo e recomend\u00e1vel para qualquer empresa de carga e transporte. Como estivar uma carga, que ferramentas e EPI s\u00e3o necess\u00e1rios ou conhecer os regulamentos aplic\u00e1veis e a cadeia de responsabilidades s\u00e3o apenas alguns dos pontos que todos os gestores de carga devem conhecer.<\/p>\t\t\t\t\t\t\t\t<\/div>\n\t\t\t\t<\/div>\n\t\t\t\t\t<\/div>\n\t\t<\/div>\n\t\t\t\t<div class=\"elementor-column elementor-col-50 elementor-inner-column elementor-element elementor-element-8cb0efc\" data-id=\"8cb0efc\" data-element_type=\"column\" data-e-type=\"column\">\n\t\t\t<div class=\"elementor-widget-wrap elementor-element-populated\">\n\t\t\t\t\t\t<div class=\"elementor-element elementor-element-7c51098 llista elementor-widget elementor-widget-text-editor\" data-id=\"7c51098\" data-element_type=\"widget\" data-e-type=\"widget\" data-widget_type=\"text-editor.default\">\n\t\t\t\t<div class=\"elementor-widget-container\">\n\t\t\t\t\t\t\t\t\t<p>Com uma vasta experi\u00eancia no sector, e com diferentes profissionais especializados em estiva e forma\u00e7\u00e3o, na J2 Servid oferecemos cursos de forma\u00e7\u00e3o presencial e\/ou em linha sobre estiva de mercadorias. Sem d\u00favida, um extra na qualidade do seu servi\u00e7o como empresa de transporte.<\/p>\t\t\t\t\t\t\t\t<\/div>\n\t\t\t\t<\/div>\n\t\t\t\t\t<\/div>\n\t\t<\/div>\n\t\t\t\t\t<\/div>\n\t\t<\/section>\n\t\t\t\t\t<\/div>\n\t\t<\/div>\n\t\t\t\t\t<\/div>\n\t\t<\/section>\n\t\t\t\t<section class=\"elementor-section elementor-top-section elementor-element elementor-element-3deee88 categories elementor-section-boxed elementor-section-height-default elementor-section-height-default\" data-id=\"3deee88\" data-element_type=\"section\" data-e-type=\"section\" data-settings=\"{&quot;jet_parallax_layout_list&quot;:[]}\">\n\t\t\t\t\t\t<div class=\"elementor-container elementor-column-gap-default\">\n\t\t\t\t\t<div class=\"elementor-column elementor-col-50 elementor-top-column elementor-element elementor-element-6fe33be\" data-id=\"6fe33be\" data-element_type=\"column\" data-e-type=\"column\">\n\t\t\t<div class=\"elementor-widget-wrap\">\n\t\t\t\t\t\t\t<\/div>\n\t\t<\/div>\n\t\t\t\t<div class=\"elementor-column elementor-col-50 elementor-top-column elementor-element elementor-element-68e9f9d\" data-id=\"68e9f9d\" data-element_type=\"column\" data-e-type=\"column\">\n\t\t\t<div class=\"elementor-widget-wrap elementor-element-populated\">\n\t\t\t\t\t\t<div class=\"elementor-element elementor-element-fe2eb1e subtitol elementor-widget elementor-widget-text-editor\" data-id=\"fe2eb1e\" data-element_type=\"widget\" data-e-type=\"widget\" data-widget_type=\"text-editor.default\">\n\t\t\t\t<div class=\"elementor-widget-container\">\n\t\t\t\t\t\t\t\t\t<h2>Forma\u00e7\u00e3o personalizada para a estiva da mercadoria<\/h2>\t\t\t\t\t\t\t\t<\/div>\n\t\t\t\t<\/div>\n\t\t\t\t<div class=\"elementor-element elementor-element-1723152 elementor-widget elementor-widget-text-editor\" data-id=\"1723152\" data-element_type=\"widget\" data-e-type=\"widget\" data-widget_type=\"text-editor.default\">\n\t\t\t\t<div class=\"elementor-widget-container\">\n\t\t\t\t\t\t\t\t\t<p>O cumprimento das normas europeias e a cadeia de responsabilidade n\u00e3o s\u00e3o as \u00fanicas coisas com que nos devemos preocupar quando transportamos mercadorias. A correcta estiva da carga beneficia as empresas de transporte, bem como o cliente final.<\/p>\n<p>Garantir que a carga chega ao seu destino em boas condi\u00e7\u00f5es e sem danos ir\u00e1 nos evitar problemas com o cliente e perdas econ\u00f3micas. Por todas estas raz\u00f5es, na J2 Servid acreditamos que \u00e9 mais do que recomend\u00e1vel que os carregadores tenham a forma\u00e7\u00e3o necess\u00e1ria para a estiva da mercadoria. Um ponto de qualidade no seu neg\u00f3cio, e no seu servi\u00e7o.<\/p>\t\t\t\t\t\t\t\t<\/div>\n\t\t\t\t<\/div>\n\t\t\t\t<div class=\"elementor-element elementor-element-edaccb7 elementor-widget elementor-widget-image\" data-id=\"edaccb7\" data-element_type=\"widget\" data-e-type=\"widget\" data-widget_type=\"image.default\">\n\t\t\t\t<div class=\"elementor-widget-container\">\n\t\t\t\t\t\t\t\t\t\t\t\t\t\t\t<img fetchpriority=\"high\" decoding=\"async\" width=\"600\" height=\"364\" src=\"https:\/\/j2servid.com\/wp-content\/uploads\/2022\/09\/J2-SERVID-ProSmart-001.jpg\" class=\"attachment-large size-large wp-image-9286\" alt=\"\" srcset=\"https:\/\/j2servid.com\/wp-content\/uploads\/2022\/09\/J2-SERVID-ProSmart-001.jpg 600w, https:\/\/j2servid.com\/wp-content\/uploads\/2022\/09\/J2-SERVID-ProSmart-001-300x182.jpg 300w\" sizes=\"(max-width: 600px) 100vw, 600px\" \/>\t\t\t\t\t\t\t\t\t\t\t\t\t\t\t<\/div>\n\t\t\t\t<\/div>\n\t\t\t\t\t<\/div>\n\t\t<\/div>\n\t\t\t\t\t<\/div>\n\t\t<\/section>\n\t\t\t\t<section class=\"elementor-section elementor-top-section elementor-element elementor-element-94512ab elementor-section-boxed elementor-section-height-default elementor-section-height-default\" data-id=\"94512ab\" data-element_type=\"section\" data-e-type=\"section\" data-settings=\"{&quot;jet_parallax_layout_list&quot;:[]}\">\n\t\t\t\t\t\t<div class=\"elementor-container elementor-column-gap-default\">\n\t\t\t\t\t<div class=\"elementor-column elementor-col-100 elementor-top-column elementor-element elementor-element-ca27d7c\" data-id=\"ca27d7c\" data-element_type=\"column\" data-e-type=\"column\">\n\t\t\t<div class=\"elementor-widget-wrap elementor-element-populated\">\n\t\t\t\t\t\t<div class=\"elementor-element elementor-element-bd7dcdc elementor-widget elementor-widget-spacer\" data-id=\"bd7dcdc\" data-element_type=\"widget\" data-e-type=\"widget\" data-widget_type=\"spacer.default\">\n\t\t\t\t<div class=\"elementor-widget-container\">\n\t\t\t\t\t\t\t<div class=\"elementor-spacer\">\n\t\t\t<div class=\"elementor-spacer-inner\"><\/div>\n\t\t<\/div>\n\t\t\t\t\t\t<\/div>\n\t\t\t\t<\/div>\n\t\t\t\t\t<\/div>\n\t\t<\/div>\n\t\t\t\t\t<\/div>\n\t\t<\/section>\n\t\t\t\t<\/div>\n\t\t","protected":false},"excerpt":{"rendered":"<p>Home ProSmart Cursos de estiva para profissionais da carga e do transporte Na J2 Servid oferecemos a forma\u00e7\u00e3o necess\u00e1ria para que os seus trabalhadores conhe\u00e7am e armazenem as mercadorias de acordo com as normas europeias. Conhecer o procedimento de carga e estiva para diferentes tipos de mercadorias \u00e9 um passo qualitativo e recomend\u00e1vel para qualquer [&hellip;]<\/p>\n","protected":false},"author":7,"featured_media":0,"parent":9230,"menu_order":0,"comment_status":"closed","ping_status":"closed","template":"","meta":{"_acf_changed":false,"footnotes":""},"class_list":["post-9285","page","type-page","status-publish","hentry"],"acf":[],"_links":{"self":[{"href":"https:\/\/j2servid.com\/pt-pt\/wp-json\/wp\/v2\/pages\/9285","targetHints":{"allow":["GET"]}}],"collection":[{"href":"https:\/\/j2servid.com\/pt-pt\/wp-json\/wp\/v2\/pages"}],"about":[{"href":"https:\/\/j2servid.com\/pt-pt\/wp-json\/wp\/v2\/types\/page"}],"author":[{"embeddable":true,"href":"https:\/\/j2servid.com\/pt-pt\/wp-json\/wp\/v2\/users\/7"}],"replies":[{"embeddable":true,"href":"https:\/\/j2servid.com\/pt-pt\/wp-json\/wp\/v2\/comments?post=9285"}],"version-history":[{"count":6,"href":"https:\/\/j2servid.com\/pt-pt\/wp-json\/wp\/v2\/pages\/9285\/revisions"}],"predecessor-version":[{"id":30687,"href":"https:\/\/j2servid.com\/pt-pt\/wp-json\/wp\/v2\/pages\/9285\/revisions\/30687"}],"up":[{"embeddable":true,"href":"https:\/\/j2servid.com\/pt-pt\/wp-json\/wp\/v2\/pages\/9230"}],"wp:attachment":[{"href":"https:\/\/j2servid.com\/pt-pt\/wp-json\/wp\/v2\/media?parent=9285"}],"curies":[{"name":"wp","href":"https:\/\/api.w.org\/{rel}","templated":true}]}}