{"id":9327,"date":"2022-05-02T14:14:14","date_gmt":"2022-05-02T14:14:14","guid":{"rendered":"https:\/\/j2servid.com\/separador-mercancias-carga\/"},"modified":"2025-03-04T15:37:57","modified_gmt":"2025-03-04T15:37:57","slug":"separador-mercadoria","status":"publish","type":"page","link":"https:\/\/j2servid.com\/pt-pt\/separador-mercadoria\/","title":{"rendered":"ProVoidGard"},"content":{"rendered":"\t\t<div data-elementor-type=\"wp-page\" data-elementor-id=\"9327\" class=\"elementor elementor-9327 elementor-446\">\n\t\t\t\t\t\t<section class=\"elementor-section elementor-top-section elementor-element elementor-element-25103e86 elementor-section-boxed elementor-section-height-default elementor-section-height-default\" data-id=\"25103e86\" data-element_type=\"section\" data-e-type=\"section\" data-settings=\"{&quot;jet_parallax_layout_list&quot;:[],&quot;background_background&quot;:&quot;video&quot;,&quot;background_video_link&quot;:&quot;https:\\\/\\\/youtu.be\\\/jtS9pZw9j7U&quot;,&quot;background_play_on_mobile&quot;:&quot;yes&quot;}\">\n\t\t\t\t\t\t\t\t<div class=\"elementor-background-video-container\">\n\t\t\t\t\t\t\t\t\t\t\t\t\t<div class=\"elementor-background-video-embed\" role=\"presentation\"><\/div>\n\t\t\t\t\t\t\t\t\t\t\t\t<\/div>\n\t\t\t\t\t\t\t\t<div class=\"elementor-container elementor-column-gap-default\">\n\t\t\t\t\t<div class=\"elementor-column elementor-col-100 elementor-top-column elementor-element elementor-element-582a5a2a\" data-id=\"582a5a2a\" data-element_type=\"column\" data-e-type=\"column\">\n\t\t\t<div class=\"elementor-widget-wrap elementor-element-populated\">\n\t\t\t\t\t\t<div class=\"elementor-element elementor-element-6211961b elementor-widget elementor-widget-spacer\" data-id=\"6211961b\" data-element_type=\"widget\" data-e-type=\"widget\" data-widget_type=\"spacer.default\">\n\t\t\t\t<div class=\"elementor-widget-container\">\n\t\t\t\t\t\t\t<div class=\"elementor-spacer\">\n\t\t\t<div class=\"elementor-spacer-inner\"><\/div>\n\t\t<\/div>\n\t\t\t\t\t\t<\/div>\n\t\t\t\t<\/div>\n\t\t\t\t<div class=\"elementor-element elementor-element-2060c91 elementor-widget elementor-widget-shortcode\" data-id=\"2060c91\" data-element_type=\"widget\" data-e-type=\"widget\" data-widget_type=\"shortcode.default\">\n\t\t\t\t<div class=\"elementor-widget-container\">\n\t\t\t\t\t\t\t<div class=\"elementor-shortcode\"><nav aria-label=\"breadcrumbs\" class=\"rank-math-breadcrumb\"><p><span class=\"last\">Protec\u00e7\u00e3o de mercadorias<\/span><\/p><\/nav><\/div>\n\t\t\t\t\t\t<\/div>\n\t\t\t\t<\/div>\n\t\t\t\t<div class=\"elementor-element elementor-element-709717a1 elementor-widget elementor-widget-text-editor\" data-id=\"709717a1\" data-element_type=\"widget\" data-e-type=\"widget\" data-widget_type=\"text-editor.default\">\n\t\t\t\t<div class=\"elementor-widget-container\">\n\t\t\t\t\t\t\t\t\t<p>ProVoidgard<\/p><h1 class=\"h1_header\">Separador de mercadoria<\/h1>\t\t\t\t\t\t\t\t<\/div>\n\t\t\t\t<\/div>\n\t\t\t\t<div class=\"elementor-element elementor-element-ec193a2 elementor-hidden-mobile elementor-widget elementor-widget-button\" data-id=\"ec193a2\" data-element_type=\"widget\" data-e-type=\"widget\" data-widget_type=\"button.default\">\n\t\t\t\t<div class=\"elementor-widget-container\">\n\t\t\t\t\t\t\t\t\t<div class=\"elementor-button-wrapper\">\n\t\t\t\t\t<a class=\"elementor-button elementor-button-link elementor-size-md\" href=\"\/pt-pt\/contacto\/\">\n\t\t\t\t\t\t<span class=\"elementor-button-content-wrapper\">\n\t\t\t\t\t\t\t\t\t<span class=\"elementor-button-text\">Contactar<\/span>\n\t\t\t\t\t<\/span>\n\t\t\t\t\t<\/a>\n\t\t\t\t<\/div>\n\t\t\t\t\t\t\t\t<\/div>\n\t\t\t\t<\/div>\n\t\t\t\t<div class=\"elementor-element elementor-element-4efb8353 elementor-widget elementor-widget-spacer\" data-id=\"4efb8353\" data-element_type=\"widget\" data-e-type=\"widget\" data-widget_type=\"spacer.default\">\n\t\t\t\t<div class=\"elementor-widget-container\">\n\t\t\t\t\t\t\t<div class=\"elementor-spacer\">\n\t\t\t<div class=\"elementor-spacer-inner\"><\/div>\n\t\t<\/div>\n\t\t\t\t\t\t<\/div>\n\t\t\t\t<\/div>\n\t\t\t\t\t<\/div>\n\t\t<\/div>\n\t\t\t\t\t<\/div>\n\t\t<\/section>\n\t\t\t\t<section class=\"elementor-section elementor-top-section elementor-element elementor-element-b484491 elementor-section-boxed elementor-section-height-default elementor-section-height-default\" data-id=\"b484491\" data-element_type=\"section\" data-e-type=\"section\" data-settings=\"{&quot;jet_parallax_layout_list&quot;:[],&quot;background_background&quot;:&quot;classic&quot;}\">\n\t\t\t\t\t\t<div class=\"elementor-container elementor-column-gap-default\">\n\t\t\t\t\t<div class=\"elementor-column elementor-col-100 elementor-top-column elementor-element elementor-element-73695117\" data-id=\"73695117\" data-element_type=\"column\" data-e-type=\"column\">\n\t\t\t<div class=\"elementor-widget-wrap elementor-element-populated\">\n\t\t\t\t\t\t<div class=\"elementor-element elementor-element-3f633f48 elementor-widget elementor-widget-spacer\" data-id=\"3f633f48\" data-element_type=\"widget\" data-e-type=\"widget\" data-widget_type=\"spacer.default\">\n\t\t\t\t<div class=\"elementor-widget-container\">\n\t\t\t\t\t\t\t<div class=\"elementor-spacer\">\n\t\t\t<div class=\"elementor-spacer-inner\"><\/div>\n\t\t<\/div>\n\t\t\t\t\t\t<\/div>\n\t\t\t\t<\/div>\n\t\t\t\t\t<\/div>\n\t\t<\/div>\n\t\t\t\t\t<\/div>\n\t\t<\/section>\n\t\t\t\t<section class=\"elementor-section elementor-top-section elementor-element elementor-element-4d7c7c17 titolpag elementor-section-boxed elementor-section-height-default elementor-section-height-default\" data-id=\"4d7c7c17\" data-element_type=\"section\" data-e-type=\"section\" data-settings=\"{&quot;jet_parallax_layout_list&quot;:[]}\">\n\t\t\t\t\t\t<div class=\"elementor-container elementor-column-gap-default\">\n\t\t\t\t\t<div class=\"elementor-column elementor-col-100 elementor-top-column elementor-element elementor-element-65f8e994\" data-id=\"65f8e994\" data-element_type=\"column\" data-e-type=\"column\">\n\t\t\t<div class=\"elementor-widget-wrap elementor-element-populated\">\n\t\t\t\t\t\t<div class=\"elementor-element elementor-element-2e40c8e1 elementor-widget elementor-widget-text-editor\" data-id=\"2e40c8e1\" data-element_type=\"widget\" data-e-type=\"widget\" data-widget_type=\"text-editor.default\">\n\t\t\t\t<div class=\"elementor-widget-container\">\n\t\t\t\t\t\t\t\t\t<div style=\"background: #FFF;\"><h2 style=\"font-size: 55px;\">O separador que evita o movimento lateral<\/h2><\/div>\t\t\t\t\t\t\t\t<\/div>\n\t\t\t\t<\/div>\n\t\t\t\t\t<\/div>\n\t\t<\/div>\n\t\t\t\t\t<\/div>\n\t\t<\/section>\n\t\t\t\t<section class=\"elementor-section elementor-top-section elementor-element elementor-element-3105b271 fonsgris elementor-section-boxed elementor-section-height-default elementor-section-height-default\" data-id=\"3105b271\" data-element_type=\"section\" data-e-type=\"section\" data-settings=\"{&quot;jet_parallax_layout_list&quot;:[],&quot;background_background&quot;:&quot;classic&quot;}\">\n\t\t\t\t\t\t<div class=\"elementor-container elementor-column-gap-default\">\n\t\t\t\t\t<div class=\"elementor-column elementor-col-50 elementor-top-column elementor-element elementor-element-2455a126\" data-id=\"2455a126\" data-element_type=\"column\" data-e-type=\"column\">\n\t\t\t<div class=\"elementor-widget-wrap elementor-element-populated\">\n\t\t\t\t\t\t<div class=\"elementor-element elementor-element-73a9e0c9 elementor-widget elementor-widget-video\" data-id=\"73a9e0c9\" data-element_type=\"widget\" data-e-type=\"widget\" data-settings=\"{&quot;youtube_url&quot;:&quot;https:\\\/\\\/youtu.be\\\/r18w802WMIc&quot;,&quot;autoplay&quot;:&quot;yes&quot;,&quot;mute&quot;:&quot;yes&quot;,&quot;loop&quot;:&quot;yes&quot;,&quot;video_type&quot;:&quot;youtube&quot;,&quot;controls&quot;:&quot;yes&quot;}\" data-widget_type=\"video.default\">\n\t\t\t\t<div class=\"elementor-widget-container\">\n\t\t\t\t\t\t\t<div class=\"elementor-wrapper elementor-open-inline\">\n\t\t\t<div class=\"elementor-video\"><\/div>\t\t<\/div>\n\t\t\t\t\t\t<\/div>\n\t\t\t\t<\/div>\n\t\t\t\t\t<\/div>\n\t\t<\/div>\n\t\t\t\t<div class=\"elementor-column elementor-col-50 elementor-top-column elementor-element elementor-element-188f1adb\" data-id=\"188f1adb\" data-element_type=\"column\" data-e-type=\"column\">\n\t\t\t<div class=\"elementor-widget-wrap elementor-element-populated\">\n\t\t\t\t\t\t<div class=\"elementor-element elementor-element-7261a503 elementor-widget elementor-widget-spacer\" data-id=\"7261a503\" data-element_type=\"widget\" data-e-type=\"widget\" data-widget_type=\"spacer.default\">\n\t\t\t\t<div class=\"elementor-widget-container\">\n\t\t\t\t\t\t\t<div class=\"elementor-spacer\">\n\t\t\t<div class=\"elementor-spacer-inner\"><\/div>\n\t\t<\/div>\n\t\t\t\t\t\t<\/div>\n\t\t\t\t<\/div>\n\t\t\t\t<div class=\"elementor-element elementor-element-1e708b14 elementor-widget elementor-widget-text-editor\" data-id=\"1e708b14\" data-element_type=\"widget\" data-e-type=\"widget\" data-widget_type=\"text-editor.default\">\n\t\t\t\t<div class=\"elementor-widget-container\">\n\t\t\t\t\t\t\t\t\t<p><span style=\"background-color: rgba(236, 236, 236, 0);\">Uma solu\u00e7\u00e3o de separa\u00e7\u00e3o de carga f\u00e1cil de aplicar<\/span><\/p>\t\t\t\t\t\t\t\t<\/div>\n\t\t\t\t<\/div>\n\t\t\t\t<div class=\"elementor-element elementor-element-43bab110 elementor-widget elementor-widget-text-editor\" data-id=\"43bab110\" data-element_type=\"widget\" data-e-type=\"widget\" data-widget_type=\"text-editor.default\">\n\t\t\t\t<div class=\"elementor-widget-container\">\n\t\t\t\t\t\t\t\t\t<p>ProVoidGard, o separador de carga reutiliz\u00e1vel.<\/p>\t\t\t\t\t\t\t\t<\/div>\n\t\t\t\t<\/div>\n\t\t\t\t<div class=\"elementor-element elementor-element-462f75e0 elementor-widget elementor-widget-spacer\" data-id=\"462f75e0\" data-element_type=\"widget\" data-e-type=\"widget\" data-widget_type=\"spacer.default\">\n\t\t\t\t<div class=\"elementor-widget-container\">\n\t\t\t\t\t\t\t<div class=\"elementor-spacer\">\n\t\t\t<div class=\"elementor-spacer-inner\"><\/div>\n\t\t<\/div>\n\t\t\t\t\t\t<\/div>\n\t\t\t\t<\/div>\n\t\t\t\t\t<\/div>\n\t\t<\/div>\n\t\t\t\t\t<\/div>\n\t\t<\/section>\n\t\t\t\t<section class=\"elementor-section elementor-top-section elementor-element elementor-element-28250f47 elementor-section-boxed elementor-section-height-default elementor-section-height-default\" data-id=\"28250f47\" data-element_type=\"section\" data-e-type=\"section\" data-settings=\"{&quot;jet_parallax_layout_list&quot;:[]}\">\n\t\t\t\t\t\t<div class=\"elementor-container elementor-column-gap-default\">\n\t\t\t\t\t<div class=\"elementor-column elementor-col-50 elementor-top-column elementor-element elementor-element-558d7cc4\" data-id=\"558d7cc4\" data-element_type=\"column\" data-e-type=\"column\">\n\t\t\t<div class=\"elementor-widget-wrap elementor-element-populated\">\n\t\t\t\t\t\t<div class=\"elementor-element elementor-element-42be970d elementor-widget elementor-widget-image\" data-id=\"42be970d\" data-element_type=\"widget\" data-e-type=\"widget\" data-widget_type=\"image.default\">\n\t\t\t\t<div class=\"elementor-widget-container\">\n\t\t\t\t\t\t\t\t\t\t\t\t\t\t\t<img fetchpriority=\"high\" decoding=\"async\" width=\"600\" height=\"400\" src=\"https:\/\/j2servid.com\/wp-content\/uploads\/2022\/05\/voidgard.jpg\" class=\"attachment-large size-large wp-image-9328\" alt=\"\" srcset=\"https:\/\/j2servid.com\/wp-content\/uploads\/2022\/05\/voidgard.jpg 600w, https:\/\/j2servid.com\/wp-content\/uploads\/2022\/05\/voidgard-300x200.jpg 300w\" sizes=\"(max-width: 600px) 100vw, 600px\" \/>\t\t\t\t\t\t\t\t\t\t\t\t\t\t\t<\/div>\n\t\t\t\t<\/div>\n\t\t\t\t\t<\/div>\n\t\t<\/div>\n\t\t\t\t<div class=\"elementor-column elementor-col-50 elementor-top-column elementor-element elementor-element-398f85d0\" data-id=\"398f85d0\" data-element_type=\"column\" data-e-type=\"column\">\n\t\t\t<div class=\"elementor-widget-wrap elementor-element-populated\">\n\t\t\t\t\t\t<div class=\"elementor-element elementor-element-6e2e3331 subtitol elementor-widget elementor-widget-text-editor\" data-id=\"6e2e3331\" data-element_type=\"widget\" data-e-type=\"widget\" data-widget_type=\"text-editor.default\">\n\t\t\t\t<div class=\"elementor-widget-container\">\n\t\t\t\t\t\t\t\t\t<h2>O que \u00e9 o separador ProVoidgard?<\/h2>\t\t\t\t\t\t\t\t<\/div>\n\t\t\t\t<\/div>\n\t\t\t\t<div class=\"elementor-element elementor-element-595641ec llista elementor-widget elementor-widget-text-editor\" data-id=\"595641ec\" data-element_type=\"widget\" data-e-type=\"widget\" data-widget_type=\"text-editor.default\">\n\t\t\t\t<div class=\"elementor-widget-container\">\n\t\t\t\t\t\t\t\t\t<ul>\n<li>Esta \u00e9 uma solu\u00e7\u00e3o que impede o movimento lateral da carga.<\/li>\n<li>\u00c9 aplicado manualmente sem a necessidade de ferramentas, facilitando muito a sua utiliza\u00e7\u00e3o.<\/li>\n<li>Dispon\u00edvel em dois tamanhos: tamanho L usado para espa\u00e7os de 21-37 cm e tamanho XXL usado para espa\u00e7os de 40-72 cm.<\/li>\n<li>Feito de um pol\u00edmero especial. \u00c9 um sistema muito forte e reutiliz\u00e1vel que oferece uma alta resist\u00eancia \u00e0 compress\u00e3o.<\/li>\n<li>Aprovado e certificado pelo RAA.<\/li>\n<\/ul>\t\t\t\t\t\t\t\t<\/div>\n\t\t\t\t<\/div>\n\t\t\t\t\t<\/div>\n\t\t<\/div>\n\t\t\t\t\t<\/div>\n\t\t<\/section>\n\t\t\t\t<section class=\"elementor-section elementor-top-section elementor-element elementor-element-33ddd10 elementor-section-boxed elementor-section-height-default elementor-section-height-default\" data-id=\"33ddd10\" data-element_type=\"section\" data-e-type=\"section\" data-settings=\"{&quot;jet_parallax_layout_list&quot;:[]}\">\n\t\t\t\t\t\t<div class=\"elementor-container elementor-column-gap-default\">\n\t\t\t\t\t<div class=\"elementor-column elementor-col-100 elementor-top-column elementor-element elementor-element-a8734bc\" data-id=\"a8734bc\" data-element_type=\"column\" data-e-type=\"column\">\n\t\t\t<div class=\"elementor-widget-wrap elementor-element-populated\">\n\t\t\t\t\t\t<div class=\"elementor-element elementor-element-373cce2 elementor-widget elementor-widget-image-gallery\" data-id=\"373cce2\" data-element_type=\"widget\" data-e-type=\"widget\" data-widget_type=\"image-gallery.default\">\n\t\t\t\t<div class=\"elementor-widget-container\">\n\t\t\t\t\t\t\t<div class=\"elementor-image-gallery\">\n\t\t\t<div class=\"row gallery galleryid-9327 gallery-columns-3 gallery-size-medium\" data-uk-grid-margin=\"\"><figure class=\"gallery-item\"><div class=\"gallery-icon landscape\"><a data-elementor-open-lightbox=\"yes\" data-elementor-lightbox-slideshow=\"373cce2\" data-elementor-lightbox-title=\"Provoidgard_7\" data-e-action-hash=\"#elementor-action%3Aaction%3Dlightbox%26settings%3DeyJpZCI6NTI0NCwidXJsIjoiaHR0cHM6XC9cL2oyc2VydmlkLmNvbVwvd3AtY29udGVudFwvdXBsb2Fkc1wvMjAyMlwvMDhcL1Byb3ZvaWRnYXJkXzctc2NhbGVkLmpwZyIsInNsaWRlc2hvdyI6IjM3M2NjZTIifQ%3D%3D\" href='https:\/\/j2servid.com\/wp-content\/uploads\/2022\/08\/Provoidgard_7-scaled.jpg'><img decoding=\"async\" width=\"300\" height=\"200\" src=\"https:\/\/j2servid.com\/wp-content\/uploads\/2022\/08\/Provoidgard_7-300x200.jpg\" class=\"attachment-medium size-medium\" alt=\"\" srcset=\"https:\/\/j2servid.com\/wp-content\/uploads\/2022\/08\/Provoidgard_7-300x200.jpg 300w, https:\/\/j2servid.com\/wp-content\/uploads\/2022\/08\/Provoidgard_7-1024x683.jpg 1024w, https:\/\/j2servid.com\/wp-content\/uploads\/2022\/08\/Provoidgard_7-768x512.jpg 768w, https:\/\/j2servid.com\/wp-content\/uploads\/2022\/08\/Provoidgard_7-1536x1024.jpg 1536w, https:\/\/j2servid.com\/wp-content\/uploads\/2022\/08\/Provoidgard_7-2048x1365.jpg 2048w\" sizes=\"(max-width: 300px) 100vw, 300px\" \/><\/a><\/div><\/figure><figure class=\"gallery-item\"><div class=\"gallery-icon landscape\"><a data-elementor-open-lightbox=\"yes\" data-elementor-lightbox-slideshow=\"373cce2\" data-elementor-lightbox-title=\"Provoidgard_5\" data-e-action-hash=\"#elementor-action%3Aaction%3Dlightbox%26settings%3DeyJpZCI6NTIzOCwidXJsIjoiaHR0cHM6XC9cL2oyc2VydmlkLmNvbVwvd3AtY29udGVudFwvdXBsb2Fkc1wvMjAyMlwvMDhcL1Byb3ZvaWRnYXJkXzUtc2NhbGVkLmpwZyIsInNsaWRlc2hvdyI6IjM3M2NjZTIifQ%3D%3D\" href='https:\/\/j2servid.com\/wp-content\/uploads\/2022\/08\/Provoidgard_5-scaled.jpg'><img decoding=\"async\" width=\"300\" height=\"200\" src=\"https:\/\/j2servid.com\/wp-content\/uploads\/2022\/08\/Provoidgard_5-300x200.jpg\" class=\"attachment-medium size-medium\" alt=\"\" srcset=\"https:\/\/j2servid.com\/wp-content\/uploads\/2022\/08\/Provoidgard_5-300x200.jpg 300w, https:\/\/j2servid.com\/wp-content\/uploads\/2022\/08\/Provoidgard_5-1024x683.jpg 1024w, https:\/\/j2servid.com\/wp-content\/uploads\/2022\/08\/Provoidgard_5-768x512.jpg 768w, https:\/\/j2servid.com\/wp-content\/uploads\/2022\/08\/Provoidgard_5-1536x1024.jpg 1536w, https:\/\/j2servid.com\/wp-content\/uploads\/2022\/08\/Provoidgard_5-2048x1365.jpg 2048w\" sizes=\"(max-width: 300px) 100vw, 300px\" \/><\/a><\/div><\/figure><figure class=\"gallery-item\"><div class=\"gallery-icon landscape\"><a data-elementor-open-lightbox=\"yes\" data-elementor-lightbox-slideshow=\"373cce2\" data-elementor-lightbox-title=\"Provoidgard_1\" data-e-action-hash=\"#elementor-action%3Aaction%3Dlightbox%26settings%3DeyJpZCI6NTIyNiwidXJsIjoiaHR0cHM6XC9cL2oyc2VydmlkLmNvbVwvd3AtY29udGVudFwvdXBsb2Fkc1wvMjAyMlwvMDhcL1Byb3ZvaWRnYXJkXzEtc2NhbGVkLmpwZyIsInNsaWRlc2hvdyI6IjM3M2NjZTIifQ%3D%3D\" href='https:\/\/j2servid.com\/wp-content\/uploads\/2022\/08\/Provoidgard_1-scaled.jpg'><img loading=\"lazy\" decoding=\"async\" width=\"300\" height=\"200\" src=\"https:\/\/j2servid.com\/wp-content\/uploads\/2022\/08\/Provoidgard_1-300x200.jpg\" class=\"attachment-medium size-medium\" alt=\"\" srcset=\"https:\/\/j2servid.com\/wp-content\/uploads\/2022\/08\/Provoidgard_1-300x200.jpg 300w, https:\/\/j2servid.com\/wp-content\/uploads\/2022\/08\/Provoidgard_1-1024x683.jpg 1024w, https:\/\/j2servid.com\/wp-content\/uploads\/2022\/08\/Provoidgard_1-768x512.jpg 768w, https:\/\/j2servid.com\/wp-content\/uploads\/2022\/08\/Provoidgard_1-1536x1024.jpg 1536w, https:\/\/j2servid.com\/wp-content\/uploads\/2022\/08\/Provoidgard_1-2048x1365.jpg 2048w\" sizes=\"(max-width: 300px) 100vw, 300px\" \/><\/a><\/div><\/figure><figure class=\"gallery-item\"><div class=\"gallery-icon landscape\"><a data-elementor-open-lightbox=\"yes\" data-elementor-lightbox-slideshow=\"373cce2\" data-elementor-lightbox-title=\"Provoidgard_3\" data-e-action-hash=\"#elementor-action%3Aaction%3Dlightbox%26settings%3DeyJpZCI6MzExNzYsInVybCI6Imh0dHBzOlwvXC9qMnNlcnZpZC5jb21cL3dwLWNvbnRlbnRcL3VwbG9hZHNcLzIwMjJcLzA4XC9Qcm92b2lkZ2FyZF8zLXNjYWxlZC5qcGciLCJzbGlkZXNob3ciOiIzNzNjY2UyIn0%3D\" href='https:\/\/j2servid.com\/wp-content\/uploads\/2022\/08\/Provoidgard_3-scaled.jpg'><img loading=\"lazy\" decoding=\"async\" width=\"300\" height=\"200\" src=\"https:\/\/j2servid.com\/wp-content\/uploads\/2022\/08\/Provoidgard_3-300x200.jpg\" class=\"attachment-medium size-medium\" alt=\"\" srcset=\"https:\/\/j2servid.com\/wp-content\/uploads\/2022\/08\/Provoidgard_3-300x200.jpg 300w, https:\/\/j2servid.com\/wp-content\/uploads\/2022\/08\/Provoidgard_3-1024x683.jpg 1024w, https:\/\/j2servid.com\/wp-content\/uploads\/2022\/08\/Provoidgard_3-768x512.jpg 768w, https:\/\/j2servid.com\/wp-content\/uploads\/2022\/08\/Provoidgard_3-1536x1024.jpg 1536w, https:\/\/j2servid.com\/wp-content\/uploads\/2022\/08\/Provoidgard_3-2048x1365.jpg 2048w\" sizes=\"(max-width: 300px) 100vw, 300px\" \/><\/a><\/div><\/figure><figure class=\"gallery-item\"><div class=\"gallery-icon landscape\"><a data-elementor-open-lightbox=\"yes\" data-elementor-lightbox-slideshow=\"373cce2\" data-elementor-lightbox-title=\"Provoidgard_6\" data-e-action-hash=\"#elementor-action%3Aaction%3Dlightbox%26settings%3DeyJpZCI6NTI0MSwidXJsIjoiaHR0cHM6XC9cL2oyc2VydmlkLmNvbVwvd3AtY29udGVudFwvdXBsb2Fkc1wvMjAyMlwvMDhcL1Byb3ZvaWRnYXJkXzYtc2NhbGVkLmpwZyIsInNsaWRlc2hvdyI6IjM3M2NjZTIifQ%3D%3D\" href='https:\/\/j2servid.com\/wp-content\/uploads\/2022\/08\/Provoidgard_6-scaled.jpg'><img loading=\"lazy\" decoding=\"async\" width=\"300\" height=\"200\" src=\"https:\/\/j2servid.com\/wp-content\/uploads\/2022\/08\/Provoidgard_6-300x200.jpg\" class=\"attachment-medium size-medium\" alt=\"\" srcset=\"https:\/\/j2servid.com\/wp-content\/uploads\/2022\/08\/Provoidgard_6-300x200.jpg 300w, https:\/\/j2servid.com\/wp-content\/uploads\/2022\/08\/Provoidgard_6-1024x683.jpg 1024w, https:\/\/j2servid.com\/wp-content\/uploads\/2022\/08\/Provoidgard_6-768x512.jpg 768w, https:\/\/j2servid.com\/wp-content\/uploads\/2022\/08\/Provoidgard_6-1536x1024.jpg 1536w, https:\/\/j2servid.com\/wp-content\/uploads\/2022\/08\/Provoidgard_6-2048x1365.jpg 2048w\" sizes=\"(max-width: 300px) 100vw, 300px\" \/><\/a><\/div><\/figure><figure class=\"gallery-item\"><div class=\"gallery-icon landscape\"><a data-elementor-open-lightbox=\"yes\" data-elementor-lightbox-slideshow=\"373cce2\" data-elementor-lightbox-title=\"Provoidgard_2\" data-e-action-hash=\"#elementor-action%3Aaction%3Dlightbox%26settings%3DeyJpZCI6NTIyOSwidXJsIjoiaHR0cHM6XC9cL2oyc2VydmlkLmNvbVwvd3AtY29udGVudFwvdXBsb2Fkc1wvMjAyMlwvMDhcL1Byb3ZvaWRnYXJkXzItc2NhbGVkLmpwZyIsInNsaWRlc2hvdyI6IjM3M2NjZTIifQ%3D%3D\" href='https:\/\/j2servid.com\/wp-content\/uploads\/2022\/08\/Provoidgard_2-scaled.jpg'><img loading=\"lazy\" decoding=\"async\" width=\"300\" height=\"200\" src=\"https:\/\/j2servid.com\/wp-content\/uploads\/2022\/08\/Provoidgard_2-300x200.jpg\" class=\"attachment-medium size-medium\" alt=\"\" srcset=\"https:\/\/j2servid.com\/wp-content\/uploads\/2022\/08\/Provoidgard_2-300x200.jpg 300w, https:\/\/j2servid.com\/wp-content\/uploads\/2022\/08\/Provoidgard_2-1024x683.jpg 1024w, https:\/\/j2servid.com\/wp-content\/uploads\/2022\/08\/Provoidgard_2-768x512.jpg 768w, https:\/\/j2servid.com\/wp-content\/uploads\/2022\/08\/Provoidgard_2-1536x1024.jpg 1536w, https:\/\/j2servid.com\/wp-content\/uploads\/2022\/08\/Provoidgard_2-2048x1365.jpg 2048w\" sizes=\"(max-width: 300px) 100vw, 300px\" \/><\/a><\/div><\/figure><\/div>\t\t<\/div>\n\t\t\t\t\t\t<\/div>\n\t\t\t\t<\/div>\n\t\t\t\t\t<\/div>\n\t\t<\/div>\n\t\t\t\t\t<\/div>\n\t\t<\/section>\n\t\t\t\t<section class=\"elementor-section elementor-top-section elementor-element elementor-element-397a5388 elementor-section-boxed elementor-section-height-default elementor-section-height-default\" data-id=\"397a5388\" data-element_type=\"section\" data-e-type=\"section\" data-settings=\"{&quot;jet_parallax_layout_list&quot;:[]}\">\n\t\t\t\t\t\t<div class=\"elementor-container elementor-column-gap-default\">\n\t\t\t\t\t<div class=\"elementor-column elementor-col-100 elementor-top-column elementor-element elementor-element-6bb32dbd\" data-id=\"6bb32dbd\" data-element_type=\"column\" data-e-type=\"column\">\n\t\t\t<div class=\"elementor-widget-wrap elementor-element-populated\">\n\t\t\t\t\t\t<div class=\"elementor-element elementor-element-c56d53b elementor-widget elementor-widget-spacer\" data-id=\"c56d53b\" data-element_type=\"widget\" data-e-type=\"widget\" data-widget_type=\"spacer.default\">\n\t\t\t\t<div class=\"elementor-widget-container\">\n\t\t\t\t\t\t\t<div class=\"elementor-spacer\">\n\t\t\t<div class=\"elementor-spacer-inner\"><\/div>\n\t\t<\/div>\n\t\t\t\t\t\t<\/div>\n\t\t\t\t<\/div>\n\t\t\t\t<div class=\"elementor-element elementor-element-61d76253 elementor-align-center elementor-widget elementor-widget-button\" data-id=\"61d76253\" data-element_type=\"widget\" data-e-type=\"widget\" data-widget_type=\"button.default\">\n\t\t\t\t<div class=\"elementor-widget-container\">\n\t\t\t\t\t\t\t\t\t<div class=\"elementor-button-wrapper\">\n\t\t\t\t\t<a class=\"elementor-button elementor-button-link elementor-size-sm\" href=\"https:\/\/j2servid.com\/fichastecnicas\/J2%20SERVID%20ProVoidGard%20Cat\u00e1logo%20ES.pdf\" target=\"_blank\">\n\t\t\t\t\t\t<span class=\"elementor-button-content-wrapper\">\n\t\t\t\t\t\t\t\t\t<span class=\"elementor-button-text\">Cat\u00e1logo<\/span>\n\t\t\t\t\t<\/span>\n\t\t\t\t\t<\/a>\n\t\t\t\t<\/div>\n\t\t\t\t\t\t\t\t<\/div>\n\t\t\t\t<\/div>\n\t\t\t\t<div class=\"elementor-element elementor-element-5ad7bb4 elementor-widget elementor-widget-spacer\" data-id=\"5ad7bb4\" data-element_type=\"widget\" data-e-type=\"widget\" data-widget_type=\"spacer.default\">\n\t\t\t\t<div class=\"elementor-widget-container\">\n\t\t\t\t\t\t\t<div class=\"elementor-spacer\">\n\t\t\t<div class=\"elementor-spacer-inner\"><\/div>\n\t\t<\/div>\n\t\t\t\t\t\t<\/div>\n\t\t\t\t<\/div>\n\t\t\t\t\t<\/div>\n\t\t<\/div>\n\t\t\t\t\t<\/div>\n\t\t<\/section>\n\t\t\t\t<\/div>\n\t\t","protected":false},"excerpt":{"rendered":"<p>ProVoidgard Separador de mercadoria Contactar O separador que evita o movimento lateral https:\/\/youtu.be\/r18w802WMIc Uma solu\u00e7\u00e3o de separa\u00e7\u00e3o de carga f\u00e1cil de aplicar ProVoidGard, o separador de carga reutiliz\u00e1vel. O que \u00e9 o separador ProVoidgard? Esta \u00e9 uma solu\u00e7\u00e3o que impede o movimento lateral da carga. \u00c9 aplicado manualmente sem a necessidade de ferramentas, facilitando muito [&hellip;]<\/p>\n","protected":false},"author":7,"featured_media":0,"parent":0,"menu_order":0,"comment_status":"closed","ping_status":"closed","template":"","meta":{"_acf_changed":false,"footnotes":""},"class_list":["post-9327","page","type-page","status-publish","hentry"],"acf":[],"_links":{"self":[{"href":"https:\/\/j2servid.com\/pt-pt\/wp-json\/wp\/v2\/pages\/9327","targetHints":{"allow":["GET"]}}],"collection":[{"href":"https:\/\/j2servid.com\/pt-pt\/wp-json\/wp\/v2\/pages"}],"about":[{"href":"https:\/\/j2servid.com\/pt-pt\/wp-json\/wp\/v2\/types\/page"}],"author":[{"embeddable":true,"href":"https:\/\/j2servid.com\/pt-pt\/wp-json\/wp\/v2\/users\/7"}],"replies":[{"embeddable":true,"href":"https:\/\/j2servid.com\/pt-pt\/wp-json\/wp\/v2\/comments?post=9327"}],"version-history":[{"count":26,"href":"https:\/\/j2servid.com\/pt-pt\/wp-json\/wp\/v2\/pages\/9327\/revisions"}],"predecessor-version":[{"id":33481,"href":"https:\/\/j2servid.com\/pt-pt\/wp-json\/wp\/v2\/pages\/9327\/revisions\/33481"}],"wp:attachment":[{"href":"https:\/\/j2servid.com\/pt-pt\/wp-json\/wp\/v2\/media?parent=9327"}],"curies":[{"name":"wp","href":"https:\/\/api.w.org\/{rel}","templated":true}]}}